{"id":1462,"date":"2021-06-07T09:50:45","date_gmt":"2021-06-07T09:50:45","guid":{"rendered":"http:\/\/ingenieriairadi.vl21994.dinaserver.com\/politica-privacidad\/"},"modified":"2023-01-12T10:31:43","modified_gmt":"2023-01-12T08:31:43","slug":"politique-de-confidentialite","status":"publish","type":"page","link":"https:\/\/www.ingenieriairadi.com\/fr\/politique-de-confidentialite\/","title":{"rendered":"Politique de confidentialit\u00e9"},"content":{"rendered":"<p>[vc_row][vc_column][vc_column_text]<strong>1 \u2013 Responsable<\/strong>\u00a0Identit\u00e9 : INGENIERIA IRADI, S.L. Adresse : Pol. Ind. Ibarrea Pabell\u00f3n 14,15 \u2013 31800 \u2013 Alsasua (Navarra) T\u00e9l\u00e9phone : +34 948 56 48 61 Courriel : info@ingenieriairadi.es<\/p>\n<p>&nbsp;<\/p>\n<p><strong>2 \u2013 Finalit\u00e9<\/strong>\u00a0Vos donn\u00e9es seront trait\u00e9es pour les finalit\u00e9s suivantes :<\/p>\n<ul>\n<li>Gestion de la relation commerciale : prestation des services de l&rsquo;entreprise, \u00e9tablissement de devis, r\u00e9ponse \u00e0 vos consultations ou demandes d&rsquo;information, etc.<\/li>\n<li>Promotion des services de l&rsquo;entreprise par courrier \u00e9lectronique ou postal.<\/li>\n<li>R\u00e9pondre aux communications envoy\u00e9es via le formulaire web.<\/li>\n<\/ul>\n<p>Les donn\u00e9es personnelles fournies seront conserv\u00e9es aussi longtemps qu&rsquo;elles sont n\u00e9cessaires \u00e0 la gestion du service et, en tout \u00e9tat de cause, pendant la p\u00e9riode pr\u00e9vue par la l\u00e9gislation applicable en mati\u00e8re de prescription des responsabilit\u00e9s.<\/p>\n<p>&nbsp;<\/p>\n<p><strong>3 \u2013 L\u00e9gitimation du traitement de vos donn\u00e9es \u00e0 caract\u00e8re personnel <\/strong>\u00a0En fonction de la finalit\u00e9 du traitement de vos donn\u00e9es, INGENIERIA IRADI utilisera diff\u00e9rentes bases de l\u00e9gitimation du traitement :<\/p>\n<ul>\n<li>Consentement de la personne concern\u00e9e (art. 6.1 a) R\u00e8glement UE 2016\/679) : pour la r\u00e9ponse aux communications envoy\u00e9es par le formulaire web, ainsi que pour les demandes d&rsquo;informations ou la pr\u00e9paration de devis.<\/li>\n<li>Ex\u00e9cution du contrat dont fait partie la personne concern\u00e9e (art. 6.1 b) du R\u00e8glement UE 2016\/679) : pour la gestion de la prestation de services d\u00e9coulant de la relation commerciale.<\/li>\n<li>Int\u00e9r\u00eat l\u00e9gitime de l&rsquo;entreprise (article 19 de la LOPD et art. 6.1.f) du R\u00e8glement UE 2016\/679) : pour le traitement des donn\u00e9es de contact, de la fonction ou des postes occup\u00e9s par les personnes physiques fournissant des services dans une entit\u00e9 morale \u00e0 laquelle INGENIERIA IRADI fournit des services, ainsi qu&rsquo;\u00e0 des fins de promotion des services de l&rsquo;entreprise.<\/li>\n<\/ul>\n<p>&nbsp;<\/p>\n<p><strong>4 \u2013 Qui pourra acc\u00e9der \u00e0 vos donn\u00e9es \u00e0 caract\u00e8re personnel ?<\/strong>\u00a0En fonction des finalit\u00e9s pour lesquelles les informations personnelles sont collect\u00e9es, les personnes suivantes peuvent avoir acc\u00e8s \u00e0 ces informations, indistinctement :<\/p>\n<ul>\n<li>Personnel autoris\u00e9 d&rsquo;INGENIERIA IRADI, sous r\u00e9serve des lois applicables en mati\u00e8re de protection des donn\u00e9es.<\/li>\n<li>Organismes officiels ou tiers, conform\u00e9ment \u00e0 la l\u00e9gislation applicable : les cabinets de conseil de l&rsquo;entreprise (travail, fiscal, comptable et juridique), l&rsquo;Administration fiscale et les banques, caisses d&rsquo;\u00e9pargne et caisses rurales ; le tout dans la mesure n\u00e9cessaire \u00e0 l&rsquo;accomplissement de la finalit\u00e9 pour laquelle les donn\u00e9es personnelles sont collect\u00e9es.<\/li>\n<\/ul>\n<p>Toutes les utilit\u00e9s propos\u00e9es par des tiers sont strictement n\u00e9cessaires au d\u00e9veloppement de nos services et elles ont \u00e9t\u00e9 s\u00e9lectionn\u00e9es sur la base de leur capacit\u00e9 \u00e0 se conformer au R\u00e8glement G\u00e9n\u00e9ral sur la Protection des Donn\u00e9es (RGPD) et autres l\u00e9gislations applicables, en ayant souscrit les contrats l\u00e9galement requis. En ce qui concerne le transfert international de vos donn\u00e9es \u00e0 caract\u00e8re personnel, nous utilisons le service de messagerie Office 365, appartenant \u00e0 la soci\u00e9t\u00e9 MICROSOFT CORPORATION, adh\u00e9r\u00e9e \u00e0 l&rsquo;accord EU-U.S. Privacy Shield Framework, qui garantit le respect de la r\u00e9glementation europ\u00e9enne en mati\u00e8re de protection de la vie priv\u00e9e dans les \u00e9changes de donn\u00e9es avec les \u00c9tats-Unis.<\/p>\n<p>&nbsp;<\/p>\n<p><strong>5 \u2013 Droits<\/strong>\u00a0En ce qui concerne vos donn\u00e9es \u00e0 caract\u00e8re personnel, vous pouvez exercer, \u00e0 tout moment et dans les conditions \u00e9tablies par le R\u00e8glement UE 2016\/679 et la Loi Organique sur la Protection des Donn\u00e9es Personnelles, les droits suivants :<\/p>\n<ul>\n<li>Le droit de demander l&rsquo;acc\u00e8s aux donn\u00e9es personnelles relatives \u00e0 la personne concern\u00e9e.<\/li>\n<li>Le droit de demander une rectification ou une suppression.<\/li>\n<li>Le droit de demander la limitation du traitement.<\/li>\n<li>Le droit de s&rsquo;opposer au traitement.<\/li>\n<li>Le droit \u00e0 la portabilit\u00e9 des donn\u00e9es.<\/li>\n<\/ul>\n<p>Vous pouvez exercer mat\u00e9riellement ces droits en envoyant ce formulaire par voie \u00e9lectronique \u00e0 info@ingenieriairadi.es ou par courrier \u00e0 l&rsquo;adresse indiqu\u00e9e au premier paragraphe. Vous avez \u00e9galement le droit de <strong>retirer votre consentement<\/strong> \u00e0 tout moment. Le retrait du consentement n&rsquo;affectera pas la l\u00e9galit\u00e9 du traitement effectu\u00e9 avant le retrait de ce consentement. Vous avez \u00e9galement le droit de d\u00e9poser une plainte aupr\u00e8s de l&rsquo;Agence Espagnole de Protection des Donn\u00e9es si vous estimez que vos droits concernant la protection de vos donn\u00e9es personnelles ont \u00e9t\u00e9 viol\u00e9s. Pour plus de d\u00e9tails, consultez <a href=\"https:\/\/www.agpd.es\/\">https:\/\/www.agpd.es<\/a>[\/vc_column_text][\/vc_column][\/vc_row]<\/p>\n","protected":false},"excerpt":{"rendered":"<p>[vc_row][vc_column][vc_column_text]1 \u2013 Responsable\u00a0Identit\u00e9 : INGENIERIA IRADI, S.L. Adresse : Pol. Ind. Ibarrea Pabell\u00f3n 14,15 \u2013 31800 \u2013 Alsasua (Navarra) T\u00e9l\u00e9phone : +34 948 56 48 61 Courriel : info@ingenieriairadi.es &nbsp; 2 \u2013 Finalit\u00e9\u00a0Vos donn\u00e9es seront trait\u00e9es pour les finalit\u00e9s suivantes : Gestion de la relation commerciale : prestation des services de l&rsquo;entreprise, \u00e9tablissement de devis,<\/p>\n","protected":false},"author":1,"featured_media":0,"parent":0,"menu_order":0,"comment_status":"closed","ping_status":"open","template":"","meta":{"_monsterinsights_skip_tracking":false,"_monsterinsights_sitenote_active":false,"_monsterinsights_sitenote_note":"","_monsterinsights_sitenote_category":0,"footnotes":"","_links_to":"","_links_to_target":""},"class_list":["post-1462","page","type-page","status-publish","hentry"],"yoast_head":"<!-- This site is optimized with the Yoast SEO plugin v27.4 - https:\/\/yoast.com\/product\/yoast-seo-wordpress\/ -->\n<title>Politique de confidentialit\u00e9 - Mecanizado,Utillaje,Navarra<\/title>\n<meta name=\"description\" content=\"Usinage Espagne, Usinage CNC Espagne, Centre d\u2019usinage Espagne, Tournage usinage Espagne, Usinage aluminium, Usinage prototype Espagne, Usinage petite s\u00e9rie Espagne\" \/>\n<meta name=\"robots\" content=\"index, follow, max-snippet:-1, max-image-preview:large, max-video-preview:-1\" \/>\n<link rel=\"canonical\" href=\"https:\/\/www.ingenieriairadi.com\/fr\/politique-de-confidentialite\/\" \/>\n<meta property=\"og:locale\" content=\"fr_FR\" \/>\n<meta property=\"og:type\" content=\"article\" \/>\n<meta property=\"og:title\" content=\"Politique de confidentialit\u00e9 - Mecanizado,Utillaje,Navarra\" \/>\n<meta property=\"og:description\" content=\"Usinage Espagne, Usinage CNC Espagne, Centre d\u2019usinage Espagne, Tournage usinage Espagne, Usinage aluminium, Usinage prototype Espagne, Usinage petite s\u00e9rie Espagne\" \/>\n<meta property=\"og:url\" content=\"https:\/\/www.ingenieriairadi.com\/fr\/politique-de-confidentialite\/\" \/>\n<meta property=\"og:site_name\" content=\"Mecanizado,Utillaje,Navarra\" \/>\n<meta property=\"article:modified_time\" content=\"2023-01-12T08:31:43+00:00\" \/>\n<meta name=\"twitter:card\" content=\"summary_large_image\" \/>\n<meta name=\"twitter:label1\" content=\"Dur\u00e9e de lecture estim\u00e9e\" \/>\n\t<meta name=\"twitter:data1\" content=\"4 minutes\" \/>\n<script type=\"application\/ld+json\" class=\"yoast-schema-graph\">{\"@context\":\"https:\\\/\\\/schema.org\",\"@graph\":[{\"@type\":\"WebPage\",\"@id\":\"https:\\\/\\\/www.ingenieriairadi.com\\\/fr\\\/politique-de-confidentialite\\\/\",\"url\":\"https:\\\/\\\/www.ingenieriairadi.com\\\/fr\\\/politique-de-confidentialite\\\/\",\"name\":\"Politique de confidentialit\u00e9 - Mecanizado,Utillaje,Navarra\",\"isPartOf\":{\"@id\":\"https:\\\/\\\/www.ingenieriairadi.com\\\/#website\"},\"datePublished\":\"2021-06-07T09:50:45+00:00\",\"dateModified\":\"2023-01-12T08:31:43+00:00\",\"description\":\"Usinage Espagne, Usinage CNC Espagne, Centre d\u2019usinage Espagne, Tournage usinage Espagne, Usinage aluminium, Usinage prototype Espagne, Usinage petite s\u00e9rie Espagne\",\"breadcrumb\":{\"@id\":\"https:\\\/\\\/www.ingenieriairadi.com\\\/fr\\\/politique-de-confidentialite\\\/#breadcrumb\"},\"inLanguage\":\"fr-FR\",\"potentialAction\":[{\"@type\":\"ReadAction\",\"target\":[\"https:\\\/\\\/www.ingenieriairadi.com\\\/fr\\\/politique-de-confidentialite\\\/\"]}]},{\"@type\":\"BreadcrumbList\",\"@id\":\"https:\\\/\\\/www.ingenieriairadi.com\\\/fr\\\/politique-de-confidentialite\\\/#breadcrumb\",\"itemListElement\":[{\"@type\":\"ListItem\",\"position\":1,\"name\":\"Portada\",\"item\":\"https:\\\/\\\/www.ingenieriairadi.com\\\/fr\\\/\"},{\"@type\":\"ListItem\",\"position\":2,\"name\":\"Politique de confidentialit\u00e9\"}]},{\"@type\":\"WebSite\",\"@id\":\"https:\\\/\\\/www.ingenieriairadi.com\\\/#website\",\"url\":\"https:\\\/\\\/www.ingenieriairadi.com\\\/\",\"name\":\"Ingenier\u00eda Iradi\",\"description\":\"Usinages technologiques de pr\u00e9cision. \",\"publisher\":{\"@id\":\"https:\\\/\\\/www.ingenieriairadi.com\\\/#organization\"},\"potentialAction\":[{\"@type\":\"SearchAction\",\"target\":{\"@type\":\"EntryPoint\",\"urlTemplate\":\"https:\\\/\\\/www.ingenieriairadi.com\\\/?s={search_term_string}\"},\"query-input\":{\"@type\":\"PropertyValueSpecification\",\"valueRequired\":true,\"valueName\":\"search_term_string\"}}],\"inLanguage\":\"fr-FR\"},{\"@type\":\"Organization\",\"@id\":\"https:\\\/\\\/www.ingenieriairadi.com\\\/#organization\",\"name\":\"Ingenier\u00eda Iradi\",\"url\":\"https:\\\/\\\/www.ingenieriairadi.com\\\/\",\"logo\":{\"@type\":\"ImageObject\",\"inLanguage\":\"fr-FR\",\"@id\":\"https:\\\/\\\/www.ingenieriairadi.com\\\/#\\\/schema\\\/logo\\\/image\\\/\",\"url\":\"https:\\\/\\\/www.ingenieriairadi.com\\\/wp-content\\\/uploads\\\/2021\\\/10\\\/positivo_alta-copy1.png\",\"contentUrl\":\"https:\\\/\\\/www.ingenieriairadi.com\\\/wp-content\\\/uploads\\\/2021\\\/10\\\/positivo_alta-copy1.png\",\"width\":140,\"height\":86,\"caption\":\"Ingenier\u00eda Iradi\"},\"image\":{\"@id\":\"https:\\\/\\\/www.ingenieriairadi.com\\\/#\\\/schema\\\/logo\\\/image\\\/\"}}]}<\/script>\n<!-- \/ Yoast SEO plugin. -->","yoast_head_json":{"title":"Politique de confidentialit\u00e9 - Mecanizado,Utillaje,Navarra","description":"Usinage Espagne, Usinage CNC Espagne, Centre d\u2019usinage Espagne, Tournage usinage Espagne, Usinage aluminium, Usinage prototype Espagne, Usinage petite s\u00e9rie Espagne","robots":{"index":"index","follow":"follow","max-snippet":"max-snippet:-1","max-image-preview":"max-image-preview:large","max-video-preview":"max-video-preview:-1"},"canonical":"https:\/\/www.ingenieriairadi.com\/fr\/politique-de-confidentialite\/","og_locale":"fr_FR","og_type":"article","og_title":"Politique de confidentialit\u00e9 - Mecanizado,Utillaje,Navarra","og_description":"Usinage Espagne, Usinage CNC Espagne, Centre d\u2019usinage Espagne, Tournage usinage Espagne, Usinage aluminium, Usinage prototype Espagne, Usinage petite s\u00e9rie Espagne","og_url":"https:\/\/www.ingenieriairadi.com\/fr\/politique-de-confidentialite\/","og_site_name":"Mecanizado,Utillaje,Navarra","article_modified_time":"2023-01-12T08:31:43+00:00","twitter_card":"summary_large_image","twitter_misc":{"Dur\u00e9e de lecture estim\u00e9e":"4 minutes"},"schema":{"@context":"https:\/\/schema.org","@graph":[{"@type":"WebPage","@id":"https:\/\/www.ingenieriairadi.com\/fr\/politique-de-confidentialite\/","url":"https:\/\/www.ingenieriairadi.com\/fr\/politique-de-confidentialite\/","name":"Politique de confidentialit\u00e9 - Mecanizado,Utillaje,Navarra","isPartOf":{"@id":"https:\/\/www.ingenieriairadi.com\/#website"},"datePublished":"2021-06-07T09:50:45+00:00","dateModified":"2023-01-12T08:31:43+00:00","description":"Usinage Espagne, Usinage CNC Espagne, Centre d\u2019usinage Espagne, Tournage usinage Espagne, Usinage aluminium, Usinage prototype Espagne, Usinage petite s\u00e9rie Espagne","breadcrumb":{"@id":"https:\/\/www.ingenieriairadi.com\/fr\/politique-de-confidentialite\/#breadcrumb"},"inLanguage":"fr-FR","potentialAction":[{"@type":"ReadAction","target":["https:\/\/www.ingenieriairadi.com\/fr\/politique-de-confidentialite\/"]}]},{"@type":"BreadcrumbList","@id":"https:\/\/www.ingenieriairadi.com\/fr\/politique-de-confidentialite\/#breadcrumb","itemListElement":[{"@type":"ListItem","position":1,"name":"Portada","item":"https:\/\/www.ingenieriairadi.com\/fr\/"},{"@type":"ListItem","position":2,"name":"Politique de confidentialit\u00e9"}]},{"@type":"WebSite","@id":"https:\/\/www.ingenieriairadi.com\/#website","url":"https:\/\/www.ingenieriairadi.com\/","name":"Ingenier\u00eda Iradi","description":"Usinages technologiques de pr\u00e9cision. ","publisher":{"@id":"https:\/\/www.ingenieriairadi.com\/#organization"},"potentialAction":[{"@type":"SearchAction","target":{"@type":"EntryPoint","urlTemplate":"https:\/\/www.ingenieriairadi.com\/?s={search_term_string}"},"query-input":{"@type":"PropertyValueSpecification","valueRequired":true,"valueName":"search_term_string"}}],"inLanguage":"fr-FR"},{"@type":"Organization","@id":"https:\/\/www.ingenieriairadi.com\/#organization","name":"Ingenier\u00eda Iradi","url":"https:\/\/www.ingenieriairadi.com\/","logo":{"@type":"ImageObject","inLanguage":"fr-FR","@id":"https:\/\/www.ingenieriairadi.com\/#\/schema\/logo\/image\/","url":"https:\/\/www.ingenieriairadi.com\/wp-content\/uploads\/2021\/10\/positivo_alta-copy1.png","contentUrl":"https:\/\/www.ingenieriairadi.com\/wp-content\/uploads\/2021\/10\/positivo_alta-copy1.png","width":140,"height":86,"caption":"Ingenier\u00eda Iradi"},"image":{"@id":"https:\/\/www.ingenieriairadi.com\/#\/schema\/logo\/image\/"}}]}},"_links":{"self":[{"href":"https:\/\/www.ingenieriairadi.com\/fr\/wp-json\/wp\/v2\/pages\/1462","targetHints":{"allow":["GET"]}}],"collection":[{"href":"https:\/\/www.ingenieriairadi.com\/fr\/wp-json\/wp\/v2\/pages"}],"about":[{"href":"https:\/\/www.ingenieriairadi.com\/fr\/wp-json\/wp\/v2\/types\/page"}],"author":[{"embeddable":true,"href":"https:\/\/www.ingenieriairadi.com\/fr\/wp-json\/wp\/v2\/users\/1"}],"replies":[{"embeddable":true,"href":"https:\/\/www.ingenieriairadi.com\/fr\/wp-json\/wp\/v2\/comments?post=1462"}],"version-history":[{"count":0,"href":"https:\/\/www.ingenieriairadi.com\/fr\/wp-json\/wp\/v2\/pages\/1462\/revisions"}],"wp:attachment":[{"href":"https:\/\/www.ingenieriairadi.com\/fr\/wp-json\/wp\/v2\/media?parent=1462"}],"curies":[{"name":"wp","href":"https:\/\/api.w.org\/{rel}","templated":true}]}}