{"id":1456,"date":"2021-10-20T11:42:57","date_gmt":"2021-10-20T11:42:57","guid":{"rendered":"http:\/\/ingenieriairadi.vl21994.dinaserver.com\/maquinaria\/"},"modified":"2024-11-18T19:33:11","modified_gmt":"2024-11-18T17:33:11","slug":"machinery","status":"publish","type":"page","link":"https:\/\/www.ingenieriairadi.com\/fr\/machinery\/","title":{"rendered":"Machinery"},"content":{"rendered":"<p>[vc_row][vc_column][vc_column_text]\u00c0 notre valeur technologique et professionnelle, nous ajoutons la configuration avanc\u00e9e de notre parc de machines, en constante \u00e9volution et int\u00e9grant de nouvelles technologies, ce qui nous permet d&rsquo;acc\u00e9der \u00e0 des travaux tr\u00e8s exclusifs. <strong>Nous pouvons r\u00e9aliser des usinages en 3, 4 et 5 axes<\/strong>, en serrant la pi\u00e8ce en un seul serrage.[\/vc_column_text][vc_empty_space height=\u00a0\u00bb50px\u00a0\u00bb][\/vc_column][\/vc_row][vc_row equal_height=\u00a0\u00bbyes\u00a0\u00bb][vc_column width=\u00a0\u00bb1\/3&Prime;][vc_single_image image=\u00a0\u00bb947&Prime; img_size=\u00a0\u00bbfull\u00a0\u00bb][vc_empty_space][vc_column_text css=\u00a0\u00bb.vc_custom_1635342112307{margin-bottom: 20px !important;}\u00a0\u00bb]<\/p>\n<h4><strong>Poste d\u2019usinage \u00e0 5 axes DMU65 Monoblock avec chargeur palette EROWA ROBOT EASY 250<\/strong><\/h4>\n<p>[\/vc_column_text][vc_column_text]\u2022 Usinage de 5 axes continus<br \/>\n\u2022 735x650x560<br \/>\n\u2022 18 000 rpm<br \/>\n\u2022 HSK63<br \/>\n\u2022 Stockage de 60 outils<br \/>\n\u2022 \u00c9quip\u00e9 avec une sonde de mesure Renishaw<br \/>\n\u2022 Contr\u00f4le Siemens<br \/>\n\u2022 Cam NX<br \/>\n[\/vc_column_text][\/vc_column][vc_column width=\u00a0\u00bb1\/3&Prime;][vc_single_image image=\u00a0\u00bb1800&Prime; img_size=\u00a0\u00bbfull\u00a0\u00bb][vc_empty_space][vc_custom_heading text=\u00a0\u00bbPoste horizontal Mori Seiki HNX5500&Prime; font_container=\u00a0\u00bbtag:h5|font_size:18px|text_align:left|color:%23019fc4&Prime; google_fonts=\u00a0\u00bbfont_family:Roboto%20Condensed%3A300%2C300italic%2Cregular%2Citalic%2C700%2C700italic|font_style:700%20bold%20regular%3A700%3Anormal\u00a0\u00bb][vc_column_text]\u2022 X 800 mm<br \/>\n\u2022 Y 800 mm<br \/>\n\u2022 Z 880 mm<br \/>\n\u2022 Charge max planche 700 kg<br \/>\n\u2022 Longueur planche 500 mm<br \/>\n\u2022 Largeur planche 500 mm<br \/>\n[\/vc_column_text][\/vc_column][vc_column width=\u00a0\u00bb1\/3&Prime;][vc_single_image image=\u00a0\u00bb1719&Prime; img_size=\u00a0\u00bbfull\u00a0\u00bb][vc_empty_space][vc_column_text css=\u00a0\u00bb.vc_custom_1662706282297{margin-bottom: 50px !important;}\u00a0\u00bb]<\/p>\n<h4><strong>Centre d&rsquo;usinage GENOS M660-V-e<\/strong><\/h4>\n<p>[\/vc_column_text][vc_column_text]\u2022 1,530 x 660 Dimensions<\/p>\n<p>\u2022 X: 1,500<\/p>\n<p>\u2022 Y: 660<\/p>\n<p>\u2022 Z: 660<\/p>\n<p>\u2022 12,000, [15,000] rpm<\/p>\n<p>\u2022 32 outils<\/p>\n<p>\u2022 22\/18,5 Moteur[\/vc_column_text][\/vc_column][\/vc_row][vc_row][vc_column][vc_empty_space height=\u00a0\u00bb100px\u00a0\u00bb][\/vc_column][\/vc_row][vc_row equal_height=\u00a0\u00bbyes\u00a0\u00bb][vc_column width=\u00a0\u00bb1\/3&Prime;][vc_single_image image=\u00a0\u00bb1796&Prime; img_size=\u00a0\u00bbfull\u00a0\u00bb][vc_empty_space][vc_column_text css=\u00a0\u00bb.vc_custom_1635342188347{margin-bottom: 20px !important;}\u00a0\u00bb]<\/p>\n<h4><strong>Poste de tournage Mori Seiki NLX2500Y\/700<\/strong><\/h4>\n<p>[\/vc_column_text][vc_column_text]\u2022 Axe Y +-50 mm 10 000 rpm<br \/>\n\u2022 4000 rpm<br \/>\n\u2022 Tourelle 12 positions<br \/>\n\u2022 Avec syst\u00e8me Cam NX pour des g\u00e9om\u00e9tries complexes<br \/>\n\u2022 18,5 kw<br \/>\n\u2022 700 x 300 x 700 mm[\/vc_column_text][\/vc_column][vc_column width=\u00a0\u00bb1\/3&Prime;][vc_single_image image=\u00a0\u00bb1794&Prime; img_size=\u00a0\u00bbfull\u00a0\u00bb][vc_empty_space][vc_column_text css=\u00a0\u00bb.vc_custom_1635342209531{margin-bottom: 50px !important;}\u00a0\u00bb]<\/p>\n<h4><strong>2 Fraiseuses Courroie cf17<\/strong><\/h4>\n<p>[\/vc_column_text][vc_column_text]\u2022 2000 x 800 x 800<br \/>\n\u2022 Contr\u00f4le Heidenhain<br \/>\n\u2022 C\u00f4ne Iso 50<br \/>\n\u2022 \u00c9quip\u00e9 avec Cam NX<br \/>\n[\/vc_column_text][\/vc_column][vc_column width=\u00a0\u00bb1\/3&Prime;][vc_single_image image=\u00a0\u00bb1798&Prime; img_size=\u00a0\u00bbfull\u00a0\u00bb][vc_empty_space][vc_column_text css=\u00a0\u00bb.vc_custom_1665046428671{margin-bottom: 50px !important;}\u00a0\u00bb]<\/p>\n<h4><strong>Poste d\u2019usinage Mazak VTC300C<\/strong><\/h4>\n<p>[\/vc_column_text][vc_column_text]\u2022 1700x700x700 avec panneau s\u00e9parateur de palette<br \/>\n\u2022 12000 rpm<br \/>\n\u2022 R\u00e9frig\u00e9ration int\u00e9rieure<br \/>\n\u2022 Stockage de 30 outils<br \/>\n\u2022 \u00c9quip\u00e9 avec sonde Renishaw de centrage et mesure[\/vc_column_text][\/vc_column][\/vc_row][vc_row][vc_column][vc_empty_space height=\u00a0\u00bb100px\u00a0\u00bb][\/vc_column][\/vc_row][vc_row equal_height=\u00a0\u00bbyes\u00a0\u00bb][vc_column width=\u00a0\u00bb1\/3&Prime;][vc_single_image image=\u00a0\u00bb1790&Prime; img_size=\u00a0\u00bbfull\u00a0\u00bb][vc_empty_space][vc_column_text css=\u00a0\u00bb.vc_custom_1635342249851{margin-bottom: 20px !important;}\u00a0\u00bb]<\/p>\n<h4><strong>Avance barres FMB<\/strong><\/h4>\n<p>[\/vc_column_text][vc_column_text]\u2022 Diam\u00e8tres de 8 \u00e0 80<br \/>\n\u2022 Longueur maximale de 3000<br \/>\n[\/vc_column_text][\/vc_column][vc_column width=\u00a0\u00bb1\/3&Prime;][vc_single_image image=\u00a0\u00bb1788&Prime; img_size=\u00a0\u00bbfull\u00a0\u00bb][vc_empty_space][vc_column_text css=\u00a0\u00bb.vc_custom_1635342267923{margin-bottom: 50px !important;}\u00a0\u00bb]<\/p>\n<h4><strong>MACHINE TRIDIMENSIONNELLE DEA MISTRAL 750x750x500 mm<\/strong><\/h4>\n<p>[\/vc_column_text][vc_column_text]Plage de mesure de 700 x 700 x 500, soumise \u00e0 un plan d&rsquo;\u00e9talonnage strict et isol\u00e9e dans un local \u00e0 environnement contr\u00f4l\u00e9, tant de la temp\u00e9rature que de l&rsquo;humidit\u00e9, pour assurer \u00e0 tout moment la tra\u00e7abilit\u00e9.[\/vc_column_text][\/vc_column][vc_column width=\u00a0\u00bb1\/3&Prime;][vc_single_image image=\u00a0\u00bb1792&Prime; img_size=\u00a0\u00bbfull\u00a0\u00bb][vc_empty_space][vc_column_text css=\u00a0\u00bb.vc_custom_1635342229156{margin-bottom: 50px !important;}\u00a0\u00bb]<\/p>\n<h4><strong>D\u00e9coupeuse MEC 70 CNC<\/strong><\/h4>\n<p>[\/vc_column_text][vc_column_text]Le syst\u00e8me automatis\u00e9 de la MEC 70 CNC offre une m\u00e9thode simple pour produire des pi\u00e8ces jusqu&rsquo;\u00e0 340 mm de hauteur, r\u00e9glables \u00e0 partir d&rsquo;un \u00e9cran tactile.<br \/>\nElle travaille \u00e9galement avec une largeur de rainure de clavette de 3 \u00e0 100 mm gr\u00e2ce \u00e0 son servomoteur de 2 CV.<\/p>\n<p>L&rsquo;avance de coupe, avec une technologie CNC, offre la possibilit\u00e9 de d\u00e9couper des encoches droites, coniques et \u00e0 trou borgne.[\/vc_column_text][\/vc_column][\/vc_row][vc_row][vc_column][vc_empty_space height=\u00a0\u00bb100px\u00a0\u00bb][\/vc_column][\/vc_row][vc_row equal_height=\u00a0\u00bbyes\u00a0\u00bb][vc_column width=\u00a0\u00bb1\/3&Prime;][vc_single_image image=\u00a0\u00bb1784&Prime; img_size=\u00a0\u00bbfull\u00a0\u00bb][vc_empty_space][vc_column_text css=\u00a0\u00bb.vc_custom_1635342300986{margin-bottom: 20px !important;}\u00a0\u00bb]<\/p>\n<h4><strong>Presetting des outils<\/strong><\/h4>\n<p>[\/vc_column_text][\/vc_column][vc_column width=\u00a0\u00bb1\/3&Prime;][vc_single_image image=\u00a0\u00bb1786&Prime; img_size=\u00a0\u00bbfull\u00a0\u00bb][vc_empty_space][vc_column_text css=\u00a0\u00bb.vc_custom_1635342289770{margin-bottom: 50px !important;}\u00a0\u00bb]<\/p>\n<h4><strong>Machine \u00e0 contraction thermique<\/strong><\/h4>\n<p>[\/vc_column_text][\/vc_column][vc_column width=\u00a0\u00bb1\/3&Prime;][vc_empty_space][vc_column_text css=\u00a0\u00bb.vc_custom_1635342313089{margin-bottom: 50px !important;}\u00a0\u00bb]<\/p>\n<h4><strong>Machinerie auxiliaire<\/strong><\/h4>\n<p>[\/vc_column_text][vc_column_text]\u2022 Tour manuel<br \/>\n\u2022 Perceuses \u00e0 colonne<br \/>\n\u2022 Presse<br \/>\n[\/vc_column_text][\/vc_column][\/vc_row][vc_row][vc_column][vc_empty_space height=\u00a0\u00bb100px\u00a0\u00bb][\/vc_column][\/vc_row][vc_row equal_height=\u00a0\u00bbyes\u00a0\u00bb][vc_column width=\u00a0\u00bb1\/3&Prime;][vc_single_image image=\u00a0\u00bb1889&Prime; img_size=\u00a0\u00bbfull\u00a0\u00bb][vc_empty_space][vc_column_text css=\u00a0\u00bb.vc_custom_1731951128932{margin-bottom: 20px !important;}\u00a0\u00bb]<\/p>\n<h4><strong>Machine \u00e0 rouler les filets IZPE 300 H<\/strong><\/h4>\n<p>[\/vc_column_text][vc_column_text]\u2022 Diam\u00e8tre mini-max\u00a0: 5-40 mm[\/vc_column_text][\/vc_column][vc_column width=\u00a0\u00bb1\/3&Prime;][vc_single_image image=\u00a0\u00bb1908&Prime; img_size=\u00a0\u00bbfull\u00a0\u00bb][vc_empty_space][vc_column_text css=\u00a0\u00bb.vc_custom_1731951167730{margin-bottom: 50px !important;}\u00a0\u00bb]<\/p>\n<h4><strong>Presse plieuse hydraulique horizontal PP200CNC<\/strong><\/h4>\n<p>[\/vc_column_text][vc_column_text]\u2022 Tonnage de travail :\u00a020 tonnes (200 KN)<\/p>\n<p>\u2022 Vitesse de travail :\u00a09,8 mm\/s<\/p>\n<p>\u2022 Vitesse de retour :\u00a035 mm\/s<\/p>\n<p>\u2022 Course maxi :\u00a0245mm<\/p>\n<p>\u2022 R\u00e9p\u00e9tabilit\u00e9 :\u00a00,05 mm[\/vc_column_text][\/vc_column][\/vc_row][vc_row][vc_column][vc_empty_space height=\u00a0\u00bb100px\u00a0\u00bb][\/vc_column][\/vc_row]<\/p>\n","protected":false},"excerpt":{"rendered":"<p>[vc_row][vc_column][vc_column_text]\u00c0 notre valeur technologique et professionnelle, nous ajoutons la configuration avanc\u00e9e de notre parc de machines, en constante \u00e9volution et int\u00e9grant de nouvelles technologies, ce qui nous permet d&rsquo;acc\u00e9der \u00e0 des travaux tr\u00e8s exclusifs. Nous pouvons r\u00e9aliser des usinages en 3, 4 et 5 axes, en serrant la pi\u00e8ce en un seul serrage.[\/vc_column_text][vc_empty_space height=\u00a0\u00bb50px\u00a0\u00bb][\/vc_column][\/vc_row][vc_row equal_height=\u00a0\u00bbyes\u00a0\u00bb][vc_column<\/p>\n","protected":false},"author":1,"featured_media":0,"parent":0,"menu_order":0,"comment_status":"closed","ping_status":"closed","template":"","meta":{"_monsterinsights_skip_tracking":false,"_monsterinsights_sitenote_active":false,"_monsterinsights_sitenote_note":"","_monsterinsights_sitenote_category":0,"footnotes":"","_links_to":"","_links_to_target":""},"class_list":["post-1456","page","type-page","status-publish","hentry"],"yoast_head":"<!-- This site is optimized with the Yoast SEO plugin v27.4 - https:\/\/yoast.com\/product\/yoast-seo-wordpress\/ -->\n<title>Machinery - Mecanizado,Utillaje,Navarra<\/title>\n<meta name=\"description\" content=\"Usinage Espagne, Usinage CNC Espagne, Centre d\u2019usinage Espagne, Tournage usinage Espagne, Usinage aluminium, Usinage prototype Espagne, Usinage petite s\u00e9rie Espagne\" \/>\n<meta name=\"robots\" content=\"index, follow, max-snippet:-1, max-image-preview:large, max-video-preview:-1\" \/>\n<link rel=\"canonical\" href=\"https:\/\/www.ingenieriairadi.com\/fr\/machinery\/\" \/>\n<meta property=\"og:locale\" content=\"fr_FR\" \/>\n<meta property=\"og:type\" content=\"article\" \/>\n<meta property=\"og:title\" content=\"Machinery - Mecanizado,Utillaje,Navarra\" \/>\n<meta property=\"og:description\" content=\"Usinage Espagne, Usinage CNC Espagne, Centre d\u2019usinage Espagne, Tournage usinage Espagne, Usinage aluminium, Usinage prototype Espagne, Usinage petite s\u00e9rie Espagne\" \/>\n<meta property=\"og:url\" content=\"https:\/\/www.ingenieriairadi.com\/fr\/machinery\/\" \/>\n<meta property=\"og:site_name\" content=\"Mecanizado,Utillaje,Navarra\" \/>\n<meta property=\"article:modified_time\" content=\"2024-11-18T17:33:11+00:00\" \/>\n<meta name=\"twitter:card\" content=\"summary_large_image\" \/>\n<meta name=\"twitter:label1\" content=\"Dur\u00e9e de lecture estim\u00e9e\" \/>\n\t<meta name=\"twitter:data1\" content=\"5 minutes\" \/>\n<script type=\"application\/ld+json\" class=\"yoast-schema-graph\">{\"@context\":\"https:\\\/\\\/schema.org\",\"@graph\":[{\"@type\":\"WebPage\",\"@id\":\"https:\\\/\\\/www.ingenieriairadi.com\\\/fr\\\/machinery\\\/\",\"url\":\"https:\\\/\\\/www.ingenieriairadi.com\\\/fr\\\/machinery\\\/\",\"name\":\"Machinery - Mecanizado,Utillaje,Navarra\",\"isPartOf\":{\"@id\":\"https:\\\/\\\/www.ingenieriairadi.com\\\/#website\"},\"datePublished\":\"2021-10-20T11:42:57+00:00\",\"dateModified\":\"2024-11-18T17:33:11+00:00\",\"description\":\"Usinage Espagne, Usinage CNC Espagne, Centre d\u2019usinage Espagne, Tournage usinage Espagne, Usinage aluminium, Usinage prototype Espagne, Usinage petite s\u00e9rie Espagne\",\"breadcrumb\":{\"@id\":\"https:\\\/\\\/www.ingenieriairadi.com\\\/fr\\\/machinery\\\/#breadcrumb\"},\"inLanguage\":\"fr-FR\",\"potentialAction\":[{\"@type\":\"ReadAction\",\"target\":[\"https:\\\/\\\/www.ingenieriairadi.com\\\/fr\\\/machinery\\\/\"]}]},{\"@type\":\"BreadcrumbList\",\"@id\":\"https:\\\/\\\/www.ingenieriairadi.com\\\/fr\\\/machinery\\\/#breadcrumb\",\"itemListElement\":[{\"@type\":\"ListItem\",\"position\":1,\"name\":\"Portada\",\"item\":\"https:\\\/\\\/www.ingenieriairadi.com\\\/fr\\\/\"},{\"@type\":\"ListItem\",\"position\":2,\"name\":\"Machinery\"}]},{\"@type\":\"WebSite\",\"@id\":\"https:\\\/\\\/www.ingenieriairadi.com\\\/#website\",\"url\":\"https:\\\/\\\/www.ingenieriairadi.com\\\/\",\"name\":\"Ingenier\u00eda Iradi\",\"description\":\"Usinages technologiques de pr\u00e9cision. \",\"publisher\":{\"@id\":\"https:\\\/\\\/www.ingenieriairadi.com\\\/#organization\"},\"potentialAction\":[{\"@type\":\"SearchAction\",\"target\":{\"@type\":\"EntryPoint\",\"urlTemplate\":\"https:\\\/\\\/www.ingenieriairadi.com\\\/?s={search_term_string}\"},\"query-input\":{\"@type\":\"PropertyValueSpecification\",\"valueRequired\":true,\"valueName\":\"search_term_string\"}}],\"inLanguage\":\"fr-FR\"},{\"@type\":\"Organization\",\"@id\":\"https:\\\/\\\/www.ingenieriairadi.com\\\/#organization\",\"name\":\"Ingenier\u00eda Iradi\",\"url\":\"https:\\\/\\\/www.ingenieriairadi.com\\\/\",\"logo\":{\"@type\":\"ImageObject\",\"inLanguage\":\"fr-FR\",\"@id\":\"https:\\\/\\\/www.ingenieriairadi.com\\\/#\\\/schema\\\/logo\\\/image\\\/\",\"url\":\"https:\\\/\\\/www.ingenieriairadi.com\\\/wp-content\\\/uploads\\\/2021\\\/10\\\/positivo_alta-copy1.png\",\"contentUrl\":\"https:\\\/\\\/www.ingenieriairadi.com\\\/wp-content\\\/uploads\\\/2021\\\/10\\\/positivo_alta-copy1.png\",\"width\":140,\"height\":86,\"caption\":\"Ingenier\u00eda Iradi\"},\"image\":{\"@id\":\"https:\\\/\\\/www.ingenieriairadi.com\\\/#\\\/schema\\\/logo\\\/image\\\/\"}}]}<\/script>\n<!-- \/ Yoast SEO plugin. -->","yoast_head_json":{"title":"Machinery - Mecanizado,Utillaje,Navarra","description":"Usinage Espagne, Usinage CNC Espagne, Centre d\u2019usinage Espagne, Tournage usinage Espagne, Usinage aluminium, Usinage prototype Espagne, Usinage petite s\u00e9rie Espagne","robots":{"index":"index","follow":"follow","max-snippet":"max-snippet:-1","max-image-preview":"max-image-preview:large","max-video-preview":"max-video-preview:-1"},"canonical":"https:\/\/www.ingenieriairadi.com\/fr\/machinery\/","og_locale":"fr_FR","og_type":"article","og_title":"Machinery - Mecanizado,Utillaje,Navarra","og_description":"Usinage Espagne, Usinage CNC Espagne, Centre d\u2019usinage Espagne, Tournage usinage Espagne, Usinage aluminium, Usinage prototype Espagne, Usinage petite s\u00e9rie Espagne","og_url":"https:\/\/www.ingenieriairadi.com\/fr\/machinery\/","og_site_name":"Mecanizado,Utillaje,Navarra","article_modified_time":"2024-11-18T17:33:11+00:00","twitter_card":"summary_large_image","twitter_misc":{"Dur\u00e9e de lecture estim\u00e9e":"5 minutes"},"schema":{"@context":"https:\/\/schema.org","@graph":[{"@type":"WebPage","@id":"https:\/\/www.ingenieriairadi.com\/fr\/machinery\/","url":"https:\/\/www.ingenieriairadi.com\/fr\/machinery\/","name":"Machinery - Mecanizado,Utillaje,Navarra","isPartOf":{"@id":"https:\/\/www.ingenieriairadi.com\/#website"},"datePublished":"2021-10-20T11:42:57+00:00","dateModified":"2024-11-18T17:33:11+00:00","description":"Usinage Espagne, Usinage CNC Espagne, Centre d\u2019usinage Espagne, Tournage usinage Espagne, Usinage aluminium, Usinage prototype Espagne, Usinage petite s\u00e9rie Espagne","breadcrumb":{"@id":"https:\/\/www.ingenieriairadi.com\/fr\/machinery\/#breadcrumb"},"inLanguage":"fr-FR","potentialAction":[{"@type":"ReadAction","target":["https:\/\/www.ingenieriairadi.com\/fr\/machinery\/"]}]},{"@type":"BreadcrumbList","@id":"https:\/\/www.ingenieriairadi.com\/fr\/machinery\/#breadcrumb","itemListElement":[{"@type":"ListItem","position":1,"name":"Portada","item":"https:\/\/www.ingenieriairadi.com\/fr\/"},{"@type":"ListItem","position":2,"name":"Machinery"}]},{"@type":"WebSite","@id":"https:\/\/www.ingenieriairadi.com\/#website","url":"https:\/\/www.ingenieriairadi.com\/","name":"Ingenier\u00eda Iradi","description":"Usinages technologiques de pr\u00e9cision. ","publisher":{"@id":"https:\/\/www.ingenieriairadi.com\/#organization"},"potentialAction":[{"@type":"SearchAction","target":{"@type":"EntryPoint","urlTemplate":"https:\/\/www.ingenieriairadi.com\/?s={search_term_string}"},"query-input":{"@type":"PropertyValueSpecification","valueRequired":true,"valueName":"search_term_string"}}],"inLanguage":"fr-FR"},{"@type":"Organization","@id":"https:\/\/www.ingenieriairadi.com\/#organization","name":"Ingenier\u00eda Iradi","url":"https:\/\/www.ingenieriairadi.com\/","logo":{"@type":"ImageObject","inLanguage":"fr-FR","@id":"https:\/\/www.ingenieriairadi.com\/#\/schema\/logo\/image\/","url":"https:\/\/www.ingenieriairadi.com\/wp-content\/uploads\/2021\/10\/positivo_alta-copy1.png","contentUrl":"https:\/\/www.ingenieriairadi.com\/wp-content\/uploads\/2021\/10\/positivo_alta-copy1.png","width":140,"height":86,"caption":"Ingenier\u00eda Iradi"},"image":{"@id":"https:\/\/www.ingenieriairadi.com\/#\/schema\/logo\/image\/"}}]}},"_links":{"self":[{"href":"https:\/\/www.ingenieriairadi.com\/fr\/wp-json\/wp\/v2\/pages\/1456","targetHints":{"allow":["GET"]}}],"collection":[{"href":"https:\/\/www.ingenieriairadi.com\/fr\/wp-json\/wp\/v2\/pages"}],"about":[{"href":"https:\/\/www.ingenieriairadi.com\/fr\/wp-json\/wp\/v2\/types\/page"}],"author":[{"embeddable":true,"href":"https:\/\/www.ingenieriairadi.com\/fr\/wp-json\/wp\/v2\/users\/1"}],"replies":[{"embeddable":true,"href":"https:\/\/www.ingenieriairadi.com\/fr\/wp-json\/wp\/v2\/comments?post=1456"}],"version-history":[{"count":2,"href":"https:\/\/www.ingenieriairadi.com\/fr\/wp-json\/wp\/v2\/pages\/1456\/revisions"}],"predecessor-version":[{"id":1925,"href":"https:\/\/www.ingenieriairadi.com\/fr\/wp-json\/wp\/v2\/pages\/1456\/revisions\/1925"}],"wp:attachment":[{"href":"https:\/\/www.ingenieriairadi.com\/fr\/wp-json\/wp\/v2\/media?parent=1456"}],"curies":[{"name":"wp","href":"https:\/\/api.w.org\/{rel}","templated":true}]}}