{"id":1450,"date":"2016-11-22T07:57:40","date_gmt":"2016-11-22T07:57:40","guid":{"rendered":"http:\/\/ingenieriairadi.vl21994.dinaserver.com\/iradi\/"},"modified":"2024-11-20T11:47:06","modified_gmt":"2024-11-20T09:47:06","slug":"ingenierie-iradi","status":"publish","type":"page","link":"https:\/\/www.ingenieriairadi.com\/fr\/ingenierie-iradi\/","title":{"rendered":"Ing\u00e9nierie Iradi"},"content":{"rendered":"<p>[vc_row css=\u00a0\u00bb.vc_custom_1635431671010{padding-top: 50px !important;}\u00a0\u00bb][vc_column width=\u00a0\u00bb1\/2&Prime;][vc_single_image image=\u00a0\u00bb1033&Prime; img_size=\u00a0\u00bbfull\u00a0\u00bb][\/vc_column][vc_column width=\u00a0\u00bb1\/2&Prime;][vc_custom_heading text=\u00a0\u00bbIng\u00e9nierie Iradi\u00a0\u00bb use_theme_fonts=\u00a0\u00bbyes\u00a0\u00bb css=\u00a0\u00bb.vc_custom_1635409906879{padding-top: 50px !important;}\u00a0\u00bb][vc_column_text css=\u00a0\u00bb.vc_custom_1732096024587{padding-top: 20px !important;padding-right: 20px !important;padding-bottom: 20px !important;}\u00a0\u00bb]<\/p>\n<div class=\"text\">\n<p>Nous sommes une entreprise de Navarre avec plus de 25 ann\u00e9es d&rsquo;exp\u00e9rience dans l&rsquo;usinage de pr\u00e9cision et la conception, le d\u00e9veloppement et la fabrication d&rsquo;outils et de machines sp\u00e9ciales.<\/p>\n<p>Nous sommes situ\u00e9s \u00e0 Alsasua (Navarre), \u00e0 50 km de Vitoria et de Pampelune. Nous sommes \u00e9galement \u00e0 80 km de la fronti\u00e8re fran\u00e7aise avec Irun.<\/p>\n<p>Les projets fabriqu\u00e9s \u00e0 Ingenieria Iradi sont enti\u00e8rement d\u00e9velopp\u00e9s par l&rsquo;\u00e9quipe de professionnels qui composent l&rsquo;entreprise.<\/p>\n<p>Nous disposons d\u2019installations de 1300m<sup>2<\/sup> d&rsquo;ateliers et d&rsquo;une \u00e9quipe professionnelle hautement qualifi\u00e9e et exp\u00e9riment\u00e9e.<\/p>\n<\/div>\n<p>[\/vc_column_text][\/vc_column][\/vc_row][vc_row][vc_column][vc_custom_heading text=\u00a0\u00bbLes secteurs pour lesquels nous travaillons:\u00a0\u00bb use_theme_fonts=\u00a0\u00bbyes\u00a0\u00bb css=\u00a0\u00bb.vc_custom_1635340673533{padding-top: 30px !important;padding-bottom: 20px !important;}\u00a0\u00bb][\/vc_column][\/vc_row][vc_row][vc_column width=\u00a0\u00bb1\/4&Prime;][vc_icon icon_fontawesome=\u00a0\u00bbfas fa-charging-station\u00a0\u00bb color=\u00a0\u00bbcustom\u00a0\u00bb background_style=\u00a0\u00bbrounded-less\u00a0\u00bb size=\u00a0\u00bbsm\u00a0\u00bb align=\u00a0\u00bbcenter\u00a0\u00bb custom_color=\u00a0\u00bb#019fc4&Prime;][vc_column_text]<\/p>\n<p style=\"text-align: center;\">Appareils m\u00e9nagers<\/p>\n<p>[\/vc_column_text][vc_empty_space height=\u00a0\u00bb15px\u00a0\u00bb][vc_icon icon_fontawesome=\u00a0\u00bbfas fa-sun\u00a0\u00bb color=\u00a0\u00bbcustom\u00a0\u00bb background_style=\u00a0\u00bbrounded-less\u00a0\u00bb size=\u00a0\u00bbsm\u00a0\u00bb align=\u00a0\u00bbcenter\u00a0\u00bb custom_color=\u00a0\u00bb#019fc4&Prime;][vc_column_text]<\/p>\n<p style=\"text-align: center;\">\u00c9nergies renouvelables<\/p>\n<p>[\/vc_column_text][\/vc_column][vc_column width=\u00a0\u00bb1\/4&Prime;][vc_icon icon_fontawesome=\u00a0\u00bbfas fa-car-alt\u00a0\u00bb color=\u00a0\u00bbcustom\u00a0\u00bb background_style=\u00a0\u00bbrounded-less\u00a0\u00bb size=\u00a0\u00bbsm\u00a0\u00bb align=\u00a0\u00bbcenter\u00a0\u00bb custom_color=\u00a0\u00bb#019fc4&Prime;][vc_column_text]<\/p>\n<p style=\"text-align: center;\">Automobile<\/p>\n<p>[\/vc_column_text][vc_empty_space height=\u00a0\u00bb15px\u00a0\u00bb][vc_icon icon_fontawesome=\u00a0\u00bbfas fa-train\u00a0\u00bb color=\u00a0\u00bbcustom\u00a0\u00bb background_style=\u00a0\u00bbrounded-less\u00a0\u00bb size=\u00a0\u00bbsm\u00a0\u00bb align=\u00a0\u00bbcenter\u00a0\u00bb custom_color=\u00a0\u00bb#019fc4&Prime;][vc_column_text]<\/p>\n<p style=\"text-align: center;\">Chemins de fer<\/p>\n<p>[\/vc_column_text][\/vc_column][vc_column width=\u00a0\u00bb1\/4&Prime;][vc_icon icon_fontawesome=\u00a0\u00bbfas fa-industry\u00a0\u00bb color=\u00a0\u00bbcustom\u00a0\u00bb background_style=\u00a0\u00bbboxed\u00a0\u00bb size=\u00a0\u00bbsm\u00a0\u00bb align=\u00a0\u00bbcenter\u00a0\u00bb custom_color=\u00a0\u00bb#019fc4&Prime;][vc_column_text]<\/p>\n<p style=\"text-align: center;\">Machines-outils<\/p>\n<p>[\/vc_column_text][vc_empty_space height=\u00a0\u00bb15px\u00a0\u00bb][vc_icon icon_fontawesome=\u00a0\u00bbfas fa-city\u00a0\u00bb color=\u00a0\u00bbcustom\u00a0\u00bb background_style=\u00a0\u00bbrounded-less\u00a0\u00bb size=\u00a0\u00bbsm\u00a0\u00bb align=\u00a0\u00bbcenter\u00a0\u00bb custom_color=\u00a0\u00bb#019fc4&Prime;][vc_column_text]<\/p>\n<p style=\"text-align: center;\">Construction<\/p>\n<p>[\/vc_column_text][\/vc_column][vc_column width=\u00a0\u00bb1\/4&Prime;][vc_icon icon_fontawesome=\u00a0\u00bbfas fa-ship\u00a0\u00bb color=\u00a0\u00bbcustom\u00a0\u00bb background_style=\u00a0\u00bbrounded-less\u00a0\u00bb size=\u00a0\u00bbsm\u00a0\u00bb align=\u00a0\u00bbcenter\u00a0\u00bb custom_color=\u00a0\u00bb#019fc4&Prime;][vc_column_text]<\/p>\n<p style=\"text-align: center;\">Naval<\/p>\n<p>[\/vc_column_text][vc_empty_space height=\u00a0\u00bb15px\u00a0\u00bb][vc_icon icon_fontawesome=\u00a0\u00bbfas fa-clinic-medical\u00a0\u00bb color=\u00a0\u00bbcustom\u00a0\u00bb background_style=\u00a0\u00bbrounded-less\u00a0\u00bb size=\u00a0\u00bbsm\u00a0\u00bb align=\u00a0\u00bbcenter\u00a0\u00bb custom_color=\u00a0\u00bb#019fc4&Prime;][vc_column_text]<\/p>\n<p style=\"text-align: center;\">Pharmaceutique<\/p>\n<p>[\/vc_column_text][\/vc_column][\/vc_row][vc_row][vc_column][vc_empty_space][\/vc_column][\/vc_row][vc_row full_width=\u00a0\u00bbstretch_row_content_no_spaces\u00a0\u00bb][vc_column][vc_gmaps link=\u00a0\u00bb#E-8_JTNDaWZyYW1lJTIwc3JjJTNEJTIyaHR0cHMlM0ElMkYlMkZ3d3cuZ29vZ2xlLmNvbSUyRm1hcHMlMkZlbWJlZCUzRnBiJTNEJTIxMW0xOCUyMTFtMTIlMjExbTMlMjExZDE4Mjg4NTAuMzI0NDg4NzYzMiUyMTJkLTMuMTIyMTU5NDU5NzIxMTY0JTIxM2Q0Mi45OTYxNDA1NTA4NTU5MSUyMTJtMyUyMTFmMCUyMTJmMCUyMTNmMCUyMTNtMiUyMTFpMTAyNCUyMTJpNzY4JTIxNGYxMy4xJTIxM20zJTIxMW0yJTIxMXMweGQ1MDNmMTZiMWZlMWEyYiUyNTNBMHhlYTYxMTlhZTRmN2M3ZmZlJTIxMnNJbmdlbmllcmlhJTI1MjBJcmFkaSUyNTIwU0wlMjE1ZTAlMjEzbTIlMjExc2VzJTIxMnNlcyUyMTR2MTYzNTI0NjAzNTIxOCUyMTVtMiUyMTFzZXMlMjEyc2VzJTIyJTIwd2lkdGglM0QlMjI2MDAlMjIlMjBoZWlnaHQlM0QlMjI0NTAlMjIlMjBzdHlsZSUzRCUyMmJvcmRlciUzQTAlM0IlMjIlMjBhbGxvd2Z1bGxzY3JlZW4lM0QlMjIlMjIlMjBsb2FkaW5nJTNEJTIybGF6eSUyMiUzRSUzQyUyRmlmcmFtZSUzRQ==\u00a0\u00bb][\/vc_column][\/vc_row][vc_row full_width=\u00a0\u00bbstretch_row_content_no_spaces\u00a0\u00bb css=\u00a0\u00bb.vc_custom_1635431695881{background-color: #000000 !important;}\u00a0\u00bb][vc_column][vc_raw_html]JTNDZGl2JTIwY2xhc3MlM0QlMjJzZWN0aW9uLXRpdGxlJTIwdGV4dC1jZW50ZXIlMjIlM0UlMEElMDklMDklMDklM0NkaXYlMjBjbGFzcyUzRCUyMnJvdyUyMiUzRSUwQSUwOSUwOSUwOSUwOSUzQ2RpdiUyMGNsYXNzJTNEJTIyY29sLW1kLTEyJTIyJTNFJTBBJTA5JTA5JTA5JTA5JTA5JTNDaDIlMjBzdHlsZSUzRCUyMmNvbG9yJTNBd2hpdGUlMjFpbXBvcnRhbnQlM0IlMjIlM0VOb3VzJTIwdm91cyUyMGludml0b25zJTIwJUMzJUEwJTIwbm91cyUyMGNvbm5hJUMzJUFFdHJlJTNDJTJGaDIlM0UlMEElMDklMDklMDklMDklMDklM0NzcGFuJTIwY2xhc3MlM0QlMjJkZWNvciUyMiUzRSUzQyUyRnNwYW4lM0UlMEElMDklMDklMDklMDklM0MlMkZkaXYlM0UlMEElMDklMDklMDklM0MlMkZkaXYlM0UlMEElMDklMDklM0MlMkZkaXYlM0UlMEElM0NjZW50ZXIlM0UlMEElM0NpZnJhbWUlMjB3aWR0aCUzRCUyMjgwMCUyMiUyMGhlaWdodCUzRCUyMjQ1MCUyMiUyMHNyYyUzRCUyMmh0dHBzJTNBJTJGJTJGd3d3LnlvdXR1YmUuY29tJTJGZW1iZWQlMkZ4UndQbXNKQ3ZHdyUyMiUyMHRpdGxlJTNEJTIyWW91VHViZSUyMHZpZGVvJTIwcGxheWVyJTIyJTIwZnJhbWVib3JkZXIlM0QlMjIwJTIyJTIwYWxsb3clM0QlMjJhY2NlbGVyb21ldGVyJTNCJTIwYXV0b3BsYXklM0IlMjBjbGlwYm9hcmQtd3JpdGUlM0IlMjBlbmNyeXB0ZWQtbWVkaWElM0IlMjBneXJvc2NvcGUlM0IlMjBwaWN0dXJlLWluLXBpY3R1cmUlMjIlMjBhbGxvd2Z1bGxzY3JlZW4lM0UlM0MlMkZpZnJhbWUlM0UlMEElM0MlMkZjZW50ZXIlM0U=[\/vc_raw_html][\/vc_column][\/vc_row]<\/p>\n","protected":false},"excerpt":{"rendered":"<p>[vc_row css=\u00a0\u00bb.vc_custom_1635431671010{padding-top: 50px !important;}\u00a0\u00bb][vc_column width=\u00a0\u00bb1\/2&Prime;][vc_single_image image=\u00a0\u00bb1033&Prime; img_size=\u00a0\u00bbfull\u00a0\u00bb][\/vc_column][vc_column width=\u00a0\u00bb1\/2&Prime;][vc_custom_heading text=\u00a0\u00bbIng\u00e9nierie Iradi\u00a0\u00bb use_theme_fonts=\u00a0\u00bbyes\u00a0\u00bb css=\u00a0\u00bb.vc_custom_1635409906879{padding-top: 50px !important;}\u00a0\u00bb][vc_column_text css=\u00a0\u00bb.vc_custom_1732096024587{padding-top: 20px !important;padding-right: 20px !important;padding-bottom: 20px !important;}\u00a0\u00bb] Nous sommes une entreprise de Navarre avec plus de 25 ann\u00e9es d&rsquo;exp\u00e9rience dans l&rsquo;usinage de pr\u00e9cision et la conception, le d\u00e9veloppement et la fabrication d&rsquo;outils et de machines sp\u00e9ciales. Nous sommes situ\u00e9s \u00e0 Alsasua<\/p>\n","protected":false},"author":1,"featured_media":0,"parent":0,"menu_order":0,"comment_status":"closed","ping_status":"closed","template":"","meta":{"_monsterinsights_skip_tracking":false,"_monsterinsights_sitenote_active":false,"_monsterinsights_sitenote_note":"","_monsterinsights_sitenote_category":0,"footnotes":"","_links_to":"","_links_to_target":""},"class_list":["post-1450","page","type-page","status-publish","hentry"],"yoast_head":"<!-- This site is optimized with the Yoast SEO plugin v27.4 - https:\/\/yoast.com\/product\/yoast-seo-wordpress\/ -->\n<title>Ing\u00e9nierie Iradi - Mecanizado,Utillaje,Navarra<\/title>\n<meta name=\"description\" content=\"Usinage Espagne, Usinage CNC Espagne, Centre d\u2019usinage Espagne, Tournage usinage Espagne, Usinage aluminium, Usinage prototype Espagne, Usinage petite s\u00e9rie Espagne\" \/>\n<meta name=\"robots\" content=\"index, follow, max-snippet:-1, max-image-preview:large, max-video-preview:-1\" \/>\n<link rel=\"canonical\" href=\"https:\/\/www.ingenieriairadi.com\/fr\/ingenierie-iradi\/\" \/>\n<meta property=\"og:locale\" content=\"fr_FR\" \/>\n<meta property=\"og:type\" content=\"article\" \/>\n<meta property=\"og:title\" content=\"Ing\u00e9nierie Iradi - Mecanizado,Utillaje,Navarra\" \/>\n<meta property=\"og:description\" content=\"Usinage Espagne, Usinage CNC Espagne, Centre d\u2019usinage Espagne, Tournage usinage Espagne, Usinage aluminium, Usinage prototype Espagne, Usinage petite s\u00e9rie Espagne\" \/>\n<meta property=\"og:url\" content=\"https:\/\/www.ingenieriairadi.com\/fr\/ingenierie-iradi\/\" \/>\n<meta property=\"og:site_name\" content=\"Mecanizado,Utillaje,Navarra\" \/>\n<meta property=\"article:modified_time\" content=\"2024-11-20T09:47:06+00:00\" \/>\n<meta name=\"twitter:card\" content=\"summary_large_image\" \/>\n<meta name=\"twitter:label1\" content=\"Dur\u00e9e de lecture estim\u00e9e\" \/>\n\t<meta name=\"twitter:data1\" content=\"3 minutes\" \/>\n<script type=\"application\/ld+json\" class=\"yoast-schema-graph\">{\"@context\":\"https:\\\/\\\/schema.org\",\"@graph\":[{\"@type\":\"WebPage\",\"@id\":\"https:\\\/\\\/www.ingenieriairadi.com\\\/fr\\\/ingenierie-iradi\\\/\",\"url\":\"https:\\\/\\\/www.ingenieriairadi.com\\\/fr\\\/ingenierie-iradi\\\/\",\"name\":\"Ing\u00e9nierie Iradi - Mecanizado,Utillaje,Navarra\",\"isPartOf\":{\"@id\":\"https:\\\/\\\/www.ingenieriairadi.com\\\/#website\"},\"datePublished\":\"2016-11-22T07:57:40+00:00\",\"dateModified\":\"2024-11-20T09:47:06+00:00\",\"description\":\"Usinage Espagne, Usinage CNC Espagne, Centre d\u2019usinage Espagne, Tournage usinage Espagne, Usinage aluminium, Usinage prototype Espagne, Usinage petite s\u00e9rie Espagne\",\"breadcrumb\":{\"@id\":\"https:\\\/\\\/www.ingenieriairadi.com\\\/fr\\\/ingenierie-iradi\\\/#breadcrumb\"},\"inLanguage\":\"fr-FR\",\"potentialAction\":[{\"@type\":\"ReadAction\",\"target\":[\"https:\\\/\\\/www.ingenieriairadi.com\\\/fr\\\/ingenierie-iradi\\\/\"]}]},{\"@type\":\"BreadcrumbList\",\"@id\":\"https:\\\/\\\/www.ingenieriairadi.com\\\/fr\\\/ingenierie-iradi\\\/#breadcrumb\",\"itemListElement\":[{\"@type\":\"ListItem\",\"position\":1,\"name\":\"Portada\",\"item\":\"https:\\\/\\\/www.ingenieriairadi.com\\\/fr\\\/\"},{\"@type\":\"ListItem\",\"position\":2,\"name\":\"Ing\u00e9nierie Iradi\"}]},{\"@type\":\"WebSite\",\"@id\":\"https:\\\/\\\/www.ingenieriairadi.com\\\/#website\",\"url\":\"https:\\\/\\\/www.ingenieriairadi.com\\\/\",\"name\":\"Ingenier\u00eda Iradi\",\"description\":\"Usinages technologiques de pr\u00e9cision. \",\"publisher\":{\"@id\":\"https:\\\/\\\/www.ingenieriairadi.com\\\/#organization\"},\"potentialAction\":[{\"@type\":\"SearchAction\",\"target\":{\"@type\":\"EntryPoint\",\"urlTemplate\":\"https:\\\/\\\/www.ingenieriairadi.com\\\/?s={search_term_string}\"},\"query-input\":{\"@type\":\"PropertyValueSpecification\",\"valueRequired\":true,\"valueName\":\"search_term_string\"}}],\"inLanguage\":\"fr-FR\"},{\"@type\":\"Organization\",\"@id\":\"https:\\\/\\\/www.ingenieriairadi.com\\\/#organization\",\"name\":\"Ingenier\u00eda Iradi\",\"url\":\"https:\\\/\\\/www.ingenieriairadi.com\\\/\",\"logo\":{\"@type\":\"ImageObject\",\"inLanguage\":\"fr-FR\",\"@id\":\"https:\\\/\\\/www.ingenieriairadi.com\\\/#\\\/schema\\\/logo\\\/image\\\/\",\"url\":\"https:\\\/\\\/www.ingenieriairadi.com\\\/wp-content\\\/uploads\\\/2021\\\/10\\\/positivo_alta-copy1.png\",\"contentUrl\":\"https:\\\/\\\/www.ingenieriairadi.com\\\/wp-content\\\/uploads\\\/2021\\\/10\\\/positivo_alta-copy1.png\",\"width\":140,\"height\":86,\"caption\":\"Ingenier\u00eda Iradi\"},\"image\":{\"@id\":\"https:\\\/\\\/www.ingenieriairadi.com\\\/#\\\/schema\\\/logo\\\/image\\\/\"}}]}<\/script>\n<!-- \/ Yoast SEO plugin. -->","yoast_head_json":{"title":"Ing\u00e9nierie Iradi - Mecanizado,Utillaje,Navarra","description":"Usinage Espagne, Usinage CNC Espagne, Centre d\u2019usinage Espagne, Tournage usinage Espagne, Usinage aluminium, Usinage prototype Espagne, Usinage petite s\u00e9rie Espagne","robots":{"index":"index","follow":"follow","max-snippet":"max-snippet:-1","max-image-preview":"max-image-preview:large","max-video-preview":"max-video-preview:-1"},"canonical":"https:\/\/www.ingenieriairadi.com\/fr\/ingenierie-iradi\/","og_locale":"fr_FR","og_type":"article","og_title":"Ing\u00e9nierie Iradi - Mecanizado,Utillaje,Navarra","og_description":"Usinage Espagne, Usinage CNC Espagne, Centre d\u2019usinage Espagne, Tournage usinage Espagne, Usinage aluminium, Usinage prototype Espagne, Usinage petite s\u00e9rie Espagne","og_url":"https:\/\/www.ingenieriairadi.com\/fr\/ingenierie-iradi\/","og_site_name":"Mecanizado,Utillaje,Navarra","article_modified_time":"2024-11-20T09:47:06+00:00","twitter_card":"summary_large_image","twitter_misc":{"Dur\u00e9e de lecture estim\u00e9e":"3 minutes"},"schema":{"@context":"https:\/\/schema.org","@graph":[{"@type":"WebPage","@id":"https:\/\/www.ingenieriairadi.com\/fr\/ingenierie-iradi\/","url":"https:\/\/www.ingenieriairadi.com\/fr\/ingenierie-iradi\/","name":"Ing\u00e9nierie Iradi - Mecanizado,Utillaje,Navarra","isPartOf":{"@id":"https:\/\/www.ingenieriairadi.com\/#website"},"datePublished":"2016-11-22T07:57:40+00:00","dateModified":"2024-11-20T09:47:06+00:00","description":"Usinage Espagne, Usinage CNC Espagne, Centre d\u2019usinage Espagne, Tournage usinage Espagne, Usinage aluminium, Usinage prototype Espagne, Usinage petite s\u00e9rie Espagne","breadcrumb":{"@id":"https:\/\/www.ingenieriairadi.com\/fr\/ingenierie-iradi\/#breadcrumb"},"inLanguage":"fr-FR","potentialAction":[{"@type":"ReadAction","target":["https:\/\/www.ingenieriairadi.com\/fr\/ingenierie-iradi\/"]}]},{"@type":"BreadcrumbList","@id":"https:\/\/www.ingenieriairadi.com\/fr\/ingenierie-iradi\/#breadcrumb","itemListElement":[{"@type":"ListItem","position":1,"name":"Portada","item":"https:\/\/www.ingenieriairadi.com\/fr\/"},{"@type":"ListItem","position":2,"name":"Ing\u00e9nierie Iradi"}]},{"@type":"WebSite","@id":"https:\/\/www.ingenieriairadi.com\/#website","url":"https:\/\/www.ingenieriairadi.com\/","name":"Ingenier\u00eda Iradi","description":"Usinages technologiques de pr\u00e9cision. ","publisher":{"@id":"https:\/\/www.ingenieriairadi.com\/#organization"},"potentialAction":[{"@type":"SearchAction","target":{"@type":"EntryPoint","urlTemplate":"https:\/\/www.ingenieriairadi.com\/?s={search_term_string}"},"query-input":{"@type":"PropertyValueSpecification","valueRequired":true,"valueName":"search_term_string"}}],"inLanguage":"fr-FR"},{"@type":"Organization","@id":"https:\/\/www.ingenieriairadi.com\/#organization","name":"Ingenier\u00eda Iradi","url":"https:\/\/www.ingenieriairadi.com\/","logo":{"@type":"ImageObject","inLanguage":"fr-FR","@id":"https:\/\/www.ingenieriairadi.com\/#\/schema\/logo\/image\/","url":"https:\/\/www.ingenieriairadi.com\/wp-content\/uploads\/2021\/10\/positivo_alta-copy1.png","contentUrl":"https:\/\/www.ingenieriairadi.com\/wp-content\/uploads\/2021\/10\/positivo_alta-copy1.png","width":140,"height":86,"caption":"Ingenier\u00eda Iradi"},"image":{"@id":"https:\/\/www.ingenieriairadi.com\/#\/schema\/logo\/image\/"}}]}},"_links":{"self":[{"href":"https:\/\/www.ingenieriairadi.com\/fr\/wp-json\/wp\/v2\/pages\/1450","targetHints":{"allow":["GET"]}}],"collection":[{"href":"https:\/\/www.ingenieriairadi.com\/fr\/wp-json\/wp\/v2\/pages"}],"about":[{"href":"https:\/\/www.ingenieriairadi.com\/fr\/wp-json\/wp\/v2\/types\/page"}],"author":[{"embeddable":true,"href":"https:\/\/www.ingenieriairadi.com\/fr\/wp-json\/wp\/v2\/users\/1"}],"replies":[{"embeddable":true,"href":"https:\/\/www.ingenieriairadi.com\/fr\/wp-json\/wp\/v2\/comments?post=1450"}],"version-history":[{"count":1,"href":"https:\/\/www.ingenieriairadi.com\/fr\/wp-json\/wp\/v2\/pages\/1450\/revisions"}],"predecessor-version":[{"id":2048,"href":"https:\/\/www.ingenieriairadi.com\/fr\/wp-json\/wp\/v2\/pages\/1450\/revisions\/2048"}],"wp:attachment":[{"href":"https:\/\/www.ingenieriairadi.com\/fr\/wp-json\/wp\/v2\/media?parent=1450"}],"curies":[{"name":"wp","href":"https:\/\/api.w.org\/{rel}","templated":true}]}}