{"id":1444,"date":"2016-11-23T10:43:11","date_gmt":"2016-11-23T10:43:11","guid":{"rendered":"http:\/\/ingenieriairadi.vl21994.dinaserver.com\/contacto\/"},"modified":"2023-01-12T10:31:02","modified_gmt":"2023-01-12T08:31:02","slug":"contact","status":"publish","type":"page","link":"https:\/\/www.ingenieriairadi.com\/fr\/contact\/","title":{"rendered":"Contact"},"content":{"rendered":"<p>[vc_row][vc_column]\n<section class=\"contact-section\" style=\"background: url('');\">\n\t<div class=\"container\">\n\t\t\t\t\n\t\t<div class=\"row\">\n\t\t\t<div class=\"col-md-6\">\n\t\t\t\t<div class=\"section-title\">\n\t\t\t\t\t<h2>\u00c9crivez-nous<\/h2>\n\t\t\t\t<\/div>\n\t\t\t\t<p>Contactez-nous en remplissant le formulaire suivant ou<br \/>\nsi vous pr\u00e9f\u00e9rez, appelez-nous au t\u00e9l\u00e9phone<\/p>\n\t\t\t\t<p><span>Tel: <\/span> +34 662 002 267<\/p>\n\t\t\t<\/div>\n\t\t\t<!--Form Column -->\n            <div class=\"column form-column col-lg-6 col-md-12 col-sm-12 col-xs-12\">\n                <!--form-box-->\n                <div class=\"form-box default-form\">\n                    <div class=\"default-form\">\n                        \n<div class=\"wpcf7 no-js\" id=\"wpcf7-f1273-o1\" lang=\"en-US\" dir=\"ltr\" data-wpcf7-id=\"1273\">\n<div class=\"screen-reader-response\"><p role=\"status\" aria-live=\"polite\" aria-atomic=\"true\"><\/p> <ul><\/ul><\/div>\n<form action=\"\/fr\/wp-json\/wp\/v2\/pages\/1444#wpcf7-f1273-o1\" method=\"post\" class=\"wpcf7-form init\" aria-label=\"Contact form\" novalidate=\"novalidate\" data-status=\"init\">\n<div style=\"display: none;\">\n<input type=\"hidden\" name=\"_wpcf7\" value=\"1273\" \/>\n<input type=\"hidden\" name=\"_wpcf7_version\" value=\"6.0\" \/>\n<input type=\"hidden\" name=\"_wpcf7_locale\" value=\"en_US\" \/>\n<input type=\"hidden\" name=\"_wpcf7_unit_tag\" value=\"wpcf7-f1273-o1\" \/>\n<input type=\"hidden\" name=\"_wpcf7_container_post\" value=\"0\" \/>\n<input type=\"hidden\" name=\"_wpcf7_posted_data_hash\" value=\"\" \/>\n<\/div>\n<div class=\"home-contact-form contact-form select-form\">\n\t<div class=\"row clearfix\">\n\t\t<div class=\"form-group col-md-6 col-sm-6 col-xs-12\">\n\t\t\t<p><span class=\"wpcf7-form-control-wrap\" data-name=\"text-474\"><input size=\"40\" maxlength=\"400\" class=\"wpcf7-form-control wpcf7-text wpcf7-validates-as-required\" aria-required=\"true\" aria-invalid=\"false\" placeholder=\"Entreprise*\" value=\"\" type=\"text\" name=\"text-474\" \/><\/span>\n\t\t\t<\/p>\n\t\t<\/div>\n\t\t<div class=\"form-group col-md-6 col-sm-6 col-xs-12\">\n\t\t\t<p><span class=\"wpcf7-form-control-wrap\" data-name=\"text-475\"><input size=\"40\" maxlength=\"400\" class=\"wpcf7-form-control wpcf7-text wpcf7-validates-as-required\" aria-required=\"true\" aria-invalid=\"false\" placeholder=\"Personne de contact*\" value=\"\" type=\"text\" name=\"text-475\" \/><\/span>\n\t\t\t<\/p>\n\t\t<\/div>\n\t\t<div class=\"form-group col-md-6 col-sm-6 col-xs-12\">\n\t\t\t<p><span class=\"wpcf7-form-control-wrap\" data-name=\"email-761\"><input size=\"40\" maxlength=\"400\" class=\"wpcf7-form-control wpcf7-email wpcf7-validates-as-required wpcf7-text wpcf7-validates-as-email\" aria-required=\"true\" aria-invalid=\"false\" placeholder=\"Email*\" value=\"\" type=\"email\" name=\"email-761\" \/><\/span>\n\t\t\t<\/p>\n\t\t<\/div>\n\t\t<div class=\"form-group col-md-6 col-sm-6 col-xs-12\">\n\t\t\t<p><span class=\"wpcf7-form-control-wrap\" data-name=\"tel-418\"><input size=\"40\" maxlength=\"400\" class=\"wpcf7-form-control wpcf7-tel wpcf7-validates-as-required wpcf7-text wpcf7-validates-as-tel\" aria-required=\"true\" aria-invalid=\"false\" placeholder=\"T\u00e9l\u00e9phone*\" value=\"\" type=\"tel\" name=\"tel-418\" \/><\/span>\n\t\t\t<\/p>\n\t\t<\/div>\n\t\t<div class=\"form-group col-md-12 col-sm-12 col-xs-12\">\n\t\t\t<p><span class=\"wpcf7-form-control-wrap\" data-name=\"textarea-543\"><textarea cols=\"40\" rows=\"10\" maxlength=\"2000\" class=\"wpcf7-form-control wpcf7-textarea wpcf7-validates-as-required\" aria-required=\"true\" aria-invalid=\"false\" placeholder=\"Message*\" name=\"textarea-543\"><\/textarea><\/span>\n\t\t\t<\/p>\n\t\t<\/div>\n\t\t<p><span style=\"font-size:10px;\">* Campos requeridos<\/span><br \/>\n<span class=\"wpcf7-form-control-wrap\" data-name=\"acceptance-563\"><span class=\"wpcf7-form-control wpcf7-acceptance\"><span class=\"wpcf7-list-item\"><input type=\"checkbox\" name=\"acceptance-563\" value=\"1\" aria-invalid=\"false\" \/><\/span><\/span><\/span> J'accepte <a href=\"http:\/\/ingenieriairadi.vl21994.dinaserver.com\/politica-privacidad\/\" target=\"_blank\"> les conditions et la politique de confidentialit\u00e9<\/a> de la page.\n\t\t<\/p>\n\t\t<div class=\"form-group col-md-6 col-sm-6 col-xs-12\">\n\t\t\t<p><input class=\"wpcf7-form-control wpcf7-submit has-spinner thm-btn\" type=\"submit\" value=\"Envoyer\" \/>\n\t\t\t<\/p>\n\t\t<\/div>\n\t<\/div>\n<\/div><div class=\"wpcf7-response-output\" aria-hidden=\"true\"><\/div>\n<\/form>\n<\/div>\n\n                    <\/div>\n                <\/div>\n            <\/div>\n\t\t<\/div>\n\t<\/div>\t\n<\/section>\n\n[\/vc_column][\/vc_row][vc_row][vc_column][vc_gmaps link=\u00a0\u00bb#E-8_JTNDaWZyYW1lJTIwc3JjJTNEJTIyaHR0cHMlM0ElMkYlMkZ3d3cuZ29vZ2xlLmNvbSUyRm1hcHMlMkZlbWJlZCUzRnBiJTNEJTIxMW0xOCUyMTFtMTIlMjExbTMlMjExZDE4Mjg4NTAuMzI0NDg4NzYzMiUyMTJkLTMuMTIyMTU5NDU5NzIxMTY0JTIxM2Q0Mi45OTYxNDA1NTA4NTU5MSUyMTJtMyUyMTFmMCUyMTJmMCUyMTNmMCUyMTNtMiUyMTFpMTAyNCUyMTJpNzY4JTIxNGYxMy4xJTIxM20zJTIxMW0yJTIxMXMweGQ1MDNmMTZiMWZlMWEyYiUyNTNBMHhlYTYxMTlhZTRmN2M3ZmZlJTIxMnNJbmdlbmllcmlhJTI1MjBJcmFkaSUyNTIwU0wlMjE1ZTAlMjEzbTIlMjExc2VzJTIxMnNlcyUyMTR2MTYzNTI0NjAzNTIxOCUyMTVtMiUyMTFzZXMlMjEyc2VzJTIyJTIwd2lkdGglM0QlMjI2MDAlMjIlMjBoZWlnaHQlM0QlMjI0NTAlMjIlMjBzdHlsZSUzRCUyMmJvcmRlciUzQTAlM0IlMjIlMjBhbGxvd2Z1bGxzY3JlZW4lM0QlMjIlMjIlMjBsb2FkaW5nJTNEJTIybGF6eSUyMiUzRSUzQyUyRmlmcmFtZSUzRQ==\u00a0\u00bb][\/vc_column][\/vc_row]<\/p>\n","protected":false},"excerpt":{"rendered":"<p>[vc_row][vc_column][\/vc_column][\/vc_row][vc_row][vc_column][vc_gmaps link=\u00a0\u00bb#E-8_JTNDaWZyYW1lJTIwc3JjJTNEJTIyaHR0cHMlM0ElMkYlMkZ3d3cuZ29vZ2xlLmNvbSUyRm1hcHMlMkZlbWJlZCUzRnBiJTNEJTIxMW0xOCUyMTFtMTIlMjExbTMlMjExZDE4Mjg4NTAuMzI0NDg4NzYzMiUyMTJkLTMuMTIyMTU5NDU5NzIxMTY0JTIxM2Q0Mi45OTYxNDA1NTA4NTU5MSUyMTJtMyUyMTFmMCUyMTJmMCUyMTNmMCUyMTNtMiUyMTFpMTAyNCUyMTJpNzY4JTIxNGYxMy4xJTIxM20zJTIxMW0yJTIxMXMweGQ1MDNmMTZiMWZlMWEyYiUyNTNBMHhlYTYxMTlhZTRmN2M3ZmZlJTIxMnNJbmdlbmllcmlhJTI1MjBJcmFkaSUyNTIwU0wlMjE1ZTAlMjEzbTIlMjExc2VzJTIxMnNlcyUyMTR2MTYzNTI0NjAzNTIxOCUyMTVtMiUyMTFzZXMlMjEyc2VzJTIyJTIwd2lkdGglM0QlMjI2MDAlMjIlMjBoZWlnaHQlM0QlMjI0NTAlMjIlMjBzdHlsZSUzRCUyMmJvcmRlciUzQTAlM0IlMjIlMjBhbGxvd2Z1bGxzY3JlZW4lM0QlMjIlMjIlMjBsb2FkaW5nJTNEJTIybGF6eSUyMiUzRSUzQyUyRmlmcmFtZSUzRQ==\u00a0\u00bb][\/vc_column][\/vc_row]<\/p>\n","protected":false},"author":1,"featured_media":0,"parent":0,"menu_order":0,"comment_status":"closed","ping_status":"closed","template":"tpl-visual_composer.php","meta":{"_monsterinsights_skip_tracking":false,"_monsterinsights_sitenote_active":false,"_monsterinsights_sitenote_note":"","_monsterinsights_sitenote_category":0,"footnotes":"","_links_to":"","_links_to_target":""},"class_list":["post-1444","page","type-page","status-publish","hentry"],"yoast_head":"<!-- This site is optimized with the Yoast SEO plugin v27.4 - https:\/\/yoast.com\/product\/yoast-seo-wordpress\/ -->\n<title>Contact - Mecanizado,Utillaje,Navarra<\/title>\n<meta name=\"description\" content=\"Usinage Espagne, Usinage CNC Espagne, Centre d\u2019usinage Espagne, Tournage usinage Espagne, Usinage aluminium, Usinage prototype Espagne, Usinage petite s\u00e9rie Espagne\" \/>\n<meta name=\"robots\" content=\"index, follow, max-snippet:-1, max-image-preview:large, max-video-preview:-1\" \/>\n<link rel=\"canonical\" href=\"https:\/\/www.ingenieriairadi.com\/fr\/contact\/\" \/>\n<meta property=\"og:locale\" content=\"fr_FR\" \/>\n<meta property=\"og:type\" content=\"article\" \/>\n<meta property=\"og:title\" content=\"Contact - Mecanizado,Utillaje,Navarra\" \/>\n<meta property=\"og:description\" content=\"Usinage Espagne, Usinage CNC Espagne, Centre d\u2019usinage Espagne, Tournage usinage Espagne, Usinage aluminium, Usinage prototype Espagne, Usinage petite s\u00e9rie Espagne\" \/>\n<meta property=\"og:url\" content=\"https:\/\/www.ingenieriairadi.com\/fr\/contact\/\" \/>\n<meta property=\"og:site_name\" content=\"Mecanizado,Utillaje,Navarra\" \/>\n<meta property=\"article:modified_time\" content=\"2023-01-12T08:31:02+00:00\" \/>\n<meta name=\"twitter:card\" content=\"summary_large_image\" \/>\n<meta name=\"twitter:label1\" content=\"Dur\u00e9e de lecture estim\u00e9e\" \/>\n\t<meta name=\"twitter:data1\" content=\"1 minute\" \/>\n<script type=\"application\/ld+json\" class=\"yoast-schema-graph\">{\"@context\":\"https:\\\/\\\/schema.org\",\"@graph\":[{\"@type\":\"WebPage\",\"@id\":\"https:\\\/\\\/www.ingenieriairadi.com\\\/fr\\\/contact\\\/\",\"url\":\"https:\\\/\\\/www.ingenieriairadi.com\\\/fr\\\/contact\\\/\",\"name\":\"Contact - Mecanizado,Utillaje,Navarra\",\"isPartOf\":{\"@id\":\"https:\\\/\\\/www.ingenieriairadi.com\\\/#website\"},\"datePublished\":\"2016-11-23T10:43:11+00:00\",\"dateModified\":\"2023-01-12T08:31:02+00:00\",\"description\":\"Usinage Espagne, Usinage CNC Espagne, Centre d\u2019usinage Espagne, Tournage usinage Espagne, Usinage aluminium, Usinage prototype Espagne, Usinage petite s\u00e9rie Espagne\",\"breadcrumb\":{\"@id\":\"https:\\\/\\\/www.ingenieriairadi.com\\\/fr\\\/contact\\\/#breadcrumb\"},\"inLanguage\":\"fr-FR\",\"potentialAction\":[{\"@type\":\"ReadAction\",\"target\":[\"https:\\\/\\\/www.ingenieriairadi.com\\\/fr\\\/contact\\\/\"]}]},{\"@type\":\"BreadcrumbList\",\"@id\":\"https:\\\/\\\/www.ingenieriairadi.com\\\/fr\\\/contact\\\/#breadcrumb\",\"itemListElement\":[{\"@type\":\"ListItem\",\"position\":1,\"name\":\"Portada\",\"item\":\"https:\\\/\\\/www.ingenieriairadi.com\\\/fr\\\/\"},{\"@type\":\"ListItem\",\"position\":2,\"name\":\"Contact\"}]},{\"@type\":\"WebSite\",\"@id\":\"https:\\\/\\\/www.ingenieriairadi.com\\\/#website\",\"url\":\"https:\\\/\\\/www.ingenieriairadi.com\\\/\",\"name\":\"Ingenier\u00eda Iradi\",\"description\":\"Usinages technologiques de pr\u00e9cision. \",\"publisher\":{\"@id\":\"https:\\\/\\\/www.ingenieriairadi.com\\\/#organization\"},\"potentialAction\":[{\"@type\":\"SearchAction\",\"target\":{\"@type\":\"EntryPoint\",\"urlTemplate\":\"https:\\\/\\\/www.ingenieriairadi.com\\\/?s={search_term_string}\"},\"query-input\":{\"@type\":\"PropertyValueSpecification\",\"valueRequired\":true,\"valueName\":\"search_term_string\"}}],\"inLanguage\":\"fr-FR\"},{\"@type\":\"Organization\",\"@id\":\"https:\\\/\\\/www.ingenieriairadi.com\\\/#organization\",\"name\":\"Ingenier\u00eda Iradi\",\"url\":\"https:\\\/\\\/www.ingenieriairadi.com\\\/\",\"logo\":{\"@type\":\"ImageObject\",\"inLanguage\":\"fr-FR\",\"@id\":\"https:\\\/\\\/www.ingenieriairadi.com\\\/#\\\/schema\\\/logo\\\/image\\\/\",\"url\":\"https:\\\/\\\/www.ingenieriairadi.com\\\/wp-content\\\/uploads\\\/2021\\\/10\\\/positivo_alta-copy1.png\",\"contentUrl\":\"https:\\\/\\\/www.ingenieriairadi.com\\\/wp-content\\\/uploads\\\/2021\\\/10\\\/positivo_alta-copy1.png\",\"width\":140,\"height\":86,\"caption\":\"Ingenier\u00eda Iradi\"},\"image\":{\"@id\":\"https:\\\/\\\/www.ingenieriairadi.com\\\/#\\\/schema\\\/logo\\\/image\\\/\"}}]}<\/script>\n<!-- \/ Yoast SEO plugin. -->","yoast_head_json":{"title":"Contact - Mecanizado,Utillaje,Navarra","description":"Usinage Espagne, Usinage CNC Espagne, Centre d\u2019usinage Espagne, Tournage usinage Espagne, Usinage aluminium, Usinage prototype Espagne, Usinage petite s\u00e9rie Espagne","robots":{"index":"index","follow":"follow","max-snippet":"max-snippet:-1","max-image-preview":"max-image-preview:large","max-video-preview":"max-video-preview:-1"},"canonical":"https:\/\/www.ingenieriairadi.com\/fr\/contact\/","og_locale":"fr_FR","og_type":"article","og_title":"Contact - Mecanizado,Utillaje,Navarra","og_description":"Usinage Espagne, Usinage CNC Espagne, Centre d\u2019usinage Espagne, Tournage usinage Espagne, Usinage aluminium, Usinage prototype Espagne, Usinage petite s\u00e9rie Espagne","og_url":"https:\/\/www.ingenieriairadi.com\/fr\/contact\/","og_site_name":"Mecanizado,Utillaje,Navarra","article_modified_time":"2023-01-12T08:31:02+00:00","twitter_card":"summary_large_image","twitter_misc":{"Dur\u00e9e de lecture estim\u00e9e":"1 minute"},"schema":{"@context":"https:\/\/schema.org","@graph":[{"@type":"WebPage","@id":"https:\/\/www.ingenieriairadi.com\/fr\/contact\/","url":"https:\/\/www.ingenieriairadi.com\/fr\/contact\/","name":"Contact - Mecanizado,Utillaje,Navarra","isPartOf":{"@id":"https:\/\/www.ingenieriairadi.com\/#website"},"datePublished":"2016-11-23T10:43:11+00:00","dateModified":"2023-01-12T08:31:02+00:00","description":"Usinage Espagne, Usinage CNC Espagne, Centre d\u2019usinage Espagne, Tournage usinage Espagne, Usinage aluminium, Usinage prototype Espagne, Usinage petite s\u00e9rie Espagne","breadcrumb":{"@id":"https:\/\/www.ingenieriairadi.com\/fr\/contact\/#breadcrumb"},"inLanguage":"fr-FR","potentialAction":[{"@type":"ReadAction","target":["https:\/\/www.ingenieriairadi.com\/fr\/contact\/"]}]},{"@type":"BreadcrumbList","@id":"https:\/\/www.ingenieriairadi.com\/fr\/contact\/#breadcrumb","itemListElement":[{"@type":"ListItem","position":1,"name":"Portada","item":"https:\/\/www.ingenieriairadi.com\/fr\/"},{"@type":"ListItem","position":2,"name":"Contact"}]},{"@type":"WebSite","@id":"https:\/\/www.ingenieriairadi.com\/#website","url":"https:\/\/www.ingenieriairadi.com\/","name":"Ingenier\u00eda Iradi","description":"Usinages technologiques de pr\u00e9cision. ","publisher":{"@id":"https:\/\/www.ingenieriairadi.com\/#organization"},"potentialAction":[{"@type":"SearchAction","target":{"@type":"EntryPoint","urlTemplate":"https:\/\/www.ingenieriairadi.com\/?s={search_term_string}"},"query-input":{"@type":"PropertyValueSpecification","valueRequired":true,"valueName":"search_term_string"}}],"inLanguage":"fr-FR"},{"@type":"Organization","@id":"https:\/\/www.ingenieriairadi.com\/#organization","name":"Ingenier\u00eda Iradi","url":"https:\/\/www.ingenieriairadi.com\/","logo":{"@type":"ImageObject","inLanguage":"fr-FR","@id":"https:\/\/www.ingenieriairadi.com\/#\/schema\/logo\/image\/","url":"https:\/\/www.ingenieriairadi.com\/wp-content\/uploads\/2021\/10\/positivo_alta-copy1.png","contentUrl":"https:\/\/www.ingenieriairadi.com\/wp-content\/uploads\/2021\/10\/positivo_alta-copy1.png","width":140,"height":86,"caption":"Ingenier\u00eda Iradi"},"image":{"@id":"https:\/\/www.ingenieriairadi.com\/#\/schema\/logo\/image\/"}}]}},"_links":{"self":[{"href":"https:\/\/www.ingenieriairadi.com\/fr\/wp-json\/wp\/v2\/pages\/1444","targetHints":{"allow":["GET"]}}],"collection":[{"href":"https:\/\/www.ingenieriairadi.com\/fr\/wp-json\/wp\/v2\/pages"}],"about":[{"href":"https:\/\/www.ingenieriairadi.com\/fr\/wp-json\/wp\/v2\/types\/page"}],"author":[{"embeddable":true,"href":"https:\/\/www.ingenieriairadi.com\/fr\/wp-json\/wp\/v2\/users\/1"}],"replies":[{"embeddable":true,"href":"https:\/\/www.ingenieriairadi.com\/fr\/wp-json\/wp\/v2\/comments?post=1444"}],"version-history":[{"count":0,"href":"https:\/\/www.ingenieriairadi.com\/fr\/wp-json\/wp\/v2\/pages\/1444\/revisions"}],"wp:attachment":[{"href":"https:\/\/www.ingenieriairadi.com\/fr\/wp-json\/wp\/v2\/media?parent=1444"}],"curies":[{"name":"wp","href":"https:\/\/api.w.org\/{rel}","templated":true}]}}