{"id":1439,"date":"2021-10-20T11:43:18","date_gmt":"2021-10-20T11:43:18","guid":{"rendered":"http:\/\/ingenieriairadi.vl21994.dinaserver.com\/calidad\/"},"modified":"2024-11-18T19:03:31","modified_gmt":"2024-11-18T17:03:31","slug":"qualite","status":"publish","type":"page","link":"https:\/\/www.ingenieriairadi.com\/fr\/qualite\/","title":{"rendered":"Qualit\u00e9"},"content":{"rendered":"<p>[vc_row css=\u00a0\u00bb.vc_custom_1634804571565{margin-bottom: 100px !important;}\u00a0\u00bb][vc_column width=\u00a0\u00bb2\/3&Prime;][vc_column_text]Nos clients exigent un haut niveau de qualit\u00e9 dans les produits et services command\u00e9s. Pour garantir ces exigences, l&rsquo;entreprise est certifi\u00e9e conform\u00e9ment \u00e0 la norme <strong>ISO 9001:2015<\/strong>, ce qui garantit notre engagement ferme en faveur de l&rsquo;excellence et de l&rsquo;orientation client.<\/p>\n<p>&nbsp;<\/p>\n<p>Les progr\u00e8s des technologies d&rsquo;usinage et des \u00e9quipements sont continus, c&rsquo;est pourquoi chez Ingenieria Iradi, nous sommes conscients de l&rsquo;importance de la formation continue de notre \u00e9quipe afin de rester \u00e0 jour avec les derni\u00e8res technologies et pratiques. Cela se traduit par une am\u00e9lioration de l&rsquo;efficacit\u00e9 et de la productivit\u00e9 et, par cons\u00e9quent, nous pouvons ainsi proposer un produit et un service plus comp\u00e9titif.<\/p>\n<p>&nbsp;<\/p>\n<p>Nous travaillons chaque jour pour l&rsquo;am\u00e9lioration continue des processus de fabrication et pour optimiser les ratios de qualit\u00e9 et de fiabilit\u00e9. Nous assurons \u00e0 nos clients que les sp\u00e9cifications remplissent les normes de qualit\u00e9 requises.<\/p>\n<p>&nbsp;<\/p>\n<ul>\n<li><a href=\"https:\/\/www.ingenieriairadi.com\/wp-content\/uploads\/2024\/11\/CERTIF-ISO-QMS-ENGUS-UKAS-2024-2027-INGLES.pdf\" target=\"_blank\" rel=\"noopener\"><strong>T\u00e9l\u00e9charger certificat ISO<\/strong><\/a><\/li>\n<\/ul>\n<p>[\/vc_column_text][\/vc_column][vc_column width=\u00a0\u00bb1\/3&Prime;][vc_single_image image=\u00a0\u00bb1677&Prime; img_size=\u00a0\u00bbfull\u00a0\u00bb onclick=\u00a0\u00bbcustom_link\u00a0\u00bb img_link_target=\u00a0\u00bb_blank\u00a0\u00bb link=\u00a0\u00bbhttps:\/\/www.ingenieriairadi.com\/wp-content\/uploads\/2024\/11\/CERTIF-ISO-QMS-ENGUS-UKAS-2024-2027-INGLES.pdf\u00a0\u00bb][\/vc_column][\/vc_row]<\/p>\n","protected":false},"excerpt":{"rendered":"<p>[vc_row css=\u00a0\u00bb.vc_custom_1634804571565{margin-bottom: 100px !important;}\u00a0\u00bb][vc_column width=\u00a0\u00bb2\/3&Prime;][vc_column_text]Nos clients exigent un haut niveau de qualit\u00e9 dans les produits et services command\u00e9s. Pour garantir ces exigences, l&rsquo;entreprise est certifi\u00e9e conform\u00e9ment \u00e0 la norme ISO 9001:2015, ce qui garantit notre engagement ferme en faveur de l&rsquo;excellence et de l&rsquo;orientation client. &nbsp; Les progr\u00e8s des technologies d&rsquo;usinage et des \u00e9quipements sont<\/p>\n","protected":false},"author":1,"featured_media":0,"parent":0,"menu_order":0,"comment_status":"closed","ping_status":"closed","template":"","meta":{"_monsterinsights_skip_tracking":false,"_monsterinsights_sitenote_active":false,"_monsterinsights_sitenote_note":"","_monsterinsights_sitenote_category":0,"footnotes":"","_links_to":"","_links_to_target":""},"class_list":["post-1439","page","type-page","status-publish","hentry"],"yoast_head":"<!-- This site is optimized with the Yoast SEO plugin v27.4 - https:\/\/yoast.com\/product\/yoast-seo-wordpress\/ -->\n<title>Qualit\u00e9 - Mecanizado,Utillaje,Navarra<\/title>\n<meta name=\"description\" content=\"Usinage Espagne, Usinage CNC Espagne, Centre d\u2019usinage Espagne, Tournage usinage Espagne, Usinage aluminium, Usinage prototype Espagne, Usinage petite s\u00e9rie Espagne\" \/>\n<meta name=\"robots\" content=\"index, follow, max-snippet:-1, max-image-preview:large, max-video-preview:-1\" \/>\n<link rel=\"canonical\" href=\"https:\/\/www.ingenieriairadi.com\/fr\/qualite\/\" \/>\n<meta property=\"og:locale\" content=\"fr_FR\" \/>\n<meta property=\"og:type\" content=\"article\" \/>\n<meta property=\"og:title\" content=\"Qualit\u00e9 - Mecanizado,Utillaje,Navarra\" \/>\n<meta property=\"og:description\" content=\"Usinage Espagne, Usinage CNC Espagne, Centre d\u2019usinage Espagne, Tournage usinage Espagne, Usinage aluminium, Usinage prototype Espagne, Usinage petite s\u00e9rie Espagne\" \/>\n<meta property=\"og:url\" content=\"https:\/\/www.ingenieriairadi.com\/fr\/qualite\/\" \/>\n<meta property=\"og:site_name\" content=\"Mecanizado,Utillaje,Navarra\" \/>\n<meta property=\"article:modified_time\" content=\"2024-11-18T17:03:31+00:00\" \/>\n<meta name=\"twitter:card\" content=\"summary_large_image\" \/>\n<meta name=\"twitter:label1\" content=\"Dur\u00e9e de lecture estim\u00e9e\" \/>\n\t<meta name=\"twitter:data1\" content=\"1 minute\" \/>\n<script type=\"application\/ld+json\" class=\"yoast-schema-graph\">{\"@context\":\"https:\\\/\\\/schema.org\",\"@graph\":[{\"@type\":\"WebPage\",\"@id\":\"https:\\\/\\\/www.ingenieriairadi.com\\\/fr\\\/qualite\\\/\",\"url\":\"https:\\\/\\\/www.ingenieriairadi.com\\\/fr\\\/qualite\\\/\",\"name\":\"Qualit\u00e9 - Mecanizado,Utillaje,Navarra\",\"isPartOf\":{\"@id\":\"https:\\\/\\\/www.ingenieriairadi.com\\\/#website\"},\"datePublished\":\"2021-10-20T11:43:18+00:00\",\"dateModified\":\"2024-11-18T17:03:31+00:00\",\"description\":\"Usinage Espagne, Usinage CNC Espagne, Centre d\u2019usinage Espagne, Tournage usinage Espagne, Usinage aluminium, Usinage prototype Espagne, Usinage petite s\u00e9rie Espagne\",\"breadcrumb\":{\"@id\":\"https:\\\/\\\/www.ingenieriairadi.com\\\/fr\\\/qualite\\\/#breadcrumb\"},\"inLanguage\":\"fr-FR\",\"potentialAction\":[{\"@type\":\"ReadAction\",\"target\":[\"https:\\\/\\\/www.ingenieriairadi.com\\\/fr\\\/qualite\\\/\"]}]},{\"@type\":\"BreadcrumbList\",\"@id\":\"https:\\\/\\\/www.ingenieriairadi.com\\\/fr\\\/qualite\\\/#breadcrumb\",\"itemListElement\":[{\"@type\":\"ListItem\",\"position\":1,\"name\":\"Portada\",\"item\":\"https:\\\/\\\/www.ingenieriairadi.com\\\/fr\\\/\"},{\"@type\":\"ListItem\",\"position\":2,\"name\":\"Qualit\u00e9\"}]},{\"@type\":\"WebSite\",\"@id\":\"https:\\\/\\\/www.ingenieriairadi.com\\\/#website\",\"url\":\"https:\\\/\\\/www.ingenieriairadi.com\\\/\",\"name\":\"Ingenier\u00eda Iradi\",\"description\":\"Usinages technologiques de pr\u00e9cision. \",\"publisher\":{\"@id\":\"https:\\\/\\\/www.ingenieriairadi.com\\\/#organization\"},\"potentialAction\":[{\"@type\":\"SearchAction\",\"target\":{\"@type\":\"EntryPoint\",\"urlTemplate\":\"https:\\\/\\\/www.ingenieriairadi.com\\\/?s={search_term_string}\"},\"query-input\":{\"@type\":\"PropertyValueSpecification\",\"valueRequired\":true,\"valueName\":\"search_term_string\"}}],\"inLanguage\":\"fr-FR\"},{\"@type\":\"Organization\",\"@id\":\"https:\\\/\\\/www.ingenieriairadi.com\\\/#organization\",\"name\":\"Ingenier\u00eda Iradi\",\"url\":\"https:\\\/\\\/www.ingenieriairadi.com\\\/\",\"logo\":{\"@type\":\"ImageObject\",\"inLanguage\":\"fr-FR\",\"@id\":\"https:\\\/\\\/www.ingenieriairadi.com\\\/#\\\/schema\\\/logo\\\/image\\\/\",\"url\":\"https:\\\/\\\/www.ingenieriairadi.com\\\/wp-content\\\/uploads\\\/2021\\\/10\\\/positivo_alta-copy1.png\",\"contentUrl\":\"https:\\\/\\\/www.ingenieriairadi.com\\\/wp-content\\\/uploads\\\/2021\\\/10\\\/positivo_alta-copy1.png\",\"width\":140,\"height\":86,\"caption\":\"Ingenier\u00eda Iradi\"},\"image\":{\"@id\":\"https:\\\/\\\/www.ingenieriairadi.com\\\/#\\\/schema\\\/logo\\\/image\\\/\"}}]}<\/script>\n<!-- \/ Yoast SEO plugin. -->","yoast_head_json":{"title":"Qualit\u00e9 - Mecanizado,Utillaje,Navarra","description":"Usinage Espagne, Usinage CNC Espagne, Centre d\u2019usinage Espagne, Tournage usinage Espagne, Usinage aluminium, Usinage prototype Espagne, Usinage petite s\u00e9rie Espagne","robots":{"index":"index","follow":"follow","max-snippet":"max-snippet:-1","max-image-preview":"max-image-preview:large","max-video-preview":"max-video-preview:-1"},"canonical":"https:\/\/www.ingenieriairadi.com\/fr\/qualite\/","og_locale":"fr_FR","og_type":"article","og_title":"Qualit\u00e9 - Mecanizado,Utillaje,Navarra","og_description":"Usinage Espagne, Usinage CNC Espagne, Centre d\u2019usinage Espagne, Tournage usinage Espagne, Usinage aluminium, Usinage prototype Espagne, Usinage petite s\u00e9rie Espagne","og_url":"https:\/\/www.ingenieriairadi.com\/fr\/qualite\/","og_site_name":"Mecanizado,Utillaje,Navarra","article_modified_time":"2024-11-18T17:03:31+00:00","twitter_card":"summary_large_image","twitter_misc":{"Dur\u00e9e de lecture estim\u00e9e":"1 minute"},"schema":{"@context":"https:\/\/schema.org","@graph":[{"@type":"WebPage","@id":"https:\/\/www.ingenieriairadi.com\/fr\/qualite\/","url":"https:\/\/www.ingenieriairadi.com\/fr\/qualite\/","name":"Qualit\u00e9 - Mecanizado,Utillaje,Navarra","isPartOf":{"@id":"https:\/\/www.ingenieriairadi.com\/#website"},"datePublished":"2021-10-20T11:43:18+00:00","dateModified":"2024-11-18T17:03:31+00:00","description":"Usinage Espagne, Usinage CNC Espagne, Centre d\u2019usinage Espagne, Tournage usinage Espagne, Usinage aluminium, Usinage prototype Espagne, Usinage petite s\u00e9rie Espagne","breadcrumb":{"@id":"https:\/\/www.ingenieriairadi.com\/fr\/qualite\/#breadcrumb"},"inLanguage":"fr-FR","potentialAction":[{"@type":"ReadAction","target":["https:\/\/www.ingenieriairadi.com\/fr\/qualite\/"]}]},{"@type":"BreadcrumbList","@id":"https:\/\/www.ingenieriairadi.com\/fr\/qualite\/#breadcrumb","itemListElement":[{"@type":"ListItem","position":1,"name":"Portada","item":"https:\/\/www.ingenieriairadi.com\/fr\/"},{"@type":"ListItem","position":2,"name":"Qualit\u00e9"}]},{"@type":"WebSite","@id":"https:\/\/www.ingenieriairadi.com\/#website","url":"https:\/\/www.ingenieriairadi.com\/","name":"Ingenier\u00eda Iradi","description":"Usinages technologiques de pr\u00e9cision. ","publisher":{"@id":"https:\/\/www.ingenieriairadi.com\/#organization"},"potentialAction":[{"@type":"SearchAction","target":{"@type":"EntryPoint","urlTemplate":"https:\/\/www.ingenieriairadi.com\/?s={search_term_string}"},"query-input":{"@type":"PropertyValueSpecification","valueRequired":true,"valueName":"search_term_string"}}],"inLanguage":"fr-FR"},{"@type":"Organization","@id":"https:\/\/www.ingenieriairadi.com\/#organization","name":"Ingenier\u00eda Iradi","url":"https:\/\/www.ingenieriairadi.com\/","logo":{"@type":"ImageObject","inLanguage":"fr-FR","@id":"https:\/\/www.ingenieriairadi.com\/#\/schema\/logo\/image\/","url":"https:\/\/www.ingenieriairadi.com\/wp-content\/uploads\/2021\/10\/positivo_alta-copy1.png","contentUrl":"https:\/\/www.ingenieriairadi.com\/wp-content\/uploads\/2021\/10\/positivo_alta-copy1.png","width":140,"height":86,"caption":"Ingenier\u00eda Iradi"},"image":{"@id":"https:\/\/www.ingenieriairadi.com\/#\/schema\/logo\/image\/"}}]}},"_links":{"self":[{"href":"https:\/\/www.ingenieriairadi.com\/fr\/wp-json\/wp\/v2\/pages\/1439","targetHints":{"allow":["GET"]}}],"collection":[{"href":"https:\/\/www.ingenieriairadi.com\/fr\/wp-json\/wp\/v2\/pages"}],"about":[{"href":"https:\/\/www.ingenieriairadi.com\/fr\/wp-json\/wp\/v2\/types\/page"}],"author":[{"embeddable":true,"href":"https:\/\/www.ingenieriairadi.com\/fr\/wp-json\/wp\/v2\/users\/1"}],"replies":[{"embeddable":true,"href":"https:\/\/www.ingenieriairadi.com\/fr\/wp-json\/wp\/v2\/comments?post=1439"}],"version-history":[{"count":1,"href":"https:\/\/www.ingenieriairadi.com\/fr\/wp-json\/wp\/v2\/pages\/1439\/revisions"}],"predecessor-version":[{"id":1904,"href":"https:\/\/www.ingenieriairadi.com\/fr\/wp-json\/wp\/v2\/pages\/1439\/revisions\/1904"}],"wp:attachment":[{"href":"https:\/\/www.ingenieriairadi.com\/fr\/wp-json\/wp\/v2\/media?parent=1439"}],"curies":[{"name":"wp","href":"https:\/\/api.w.org\/{rel}","templated":true}]}}