{"id":1411,"date":"2016-11-17T11:39:26","date_gmt":"2016-11-17T11:39:26","guid":{"rendered":"http:\/\/ingenieriairadi.vl21994.dinaserver.com\/home\/"},"modified":"2023-01-12T10:31:12","modified_gmt":"2023-01-12T08:31:12","slug":"home","status":"publish","type":"page","link":"https:\/\/www.ingenieriairadi.com\/fr\/","title":{"rendered":"Home"},"content":{"rendered":"<p>[vc_row el_class=\u00a0\u00bbslider1&Prime;][vc_column][rev_slider_vc alias=\u00a0\u00bbhome-11&Prime;][\/vc_column][\/vc_row][vc_row][vc_column] \n   \n\n<section class=\"our-services\">\n\t<div class=\"container\">\n\t\t        <div class=\"section-title\">\n\t\t\t<div class=\"row\">\n\t\t\t\t<div class=\"col-md-4 col-sm-5 col-xs-12\">\n\t\t\t\t\t<h2>Nos services<\/h2>\n\t\t\t\t\t<span class=\"decor\"><\/span>\n\t\t\t\t<\/div>\n\t\t\t\t<div class=\"col-md-8 col-sm-7 col-xs-12 font-20\">\n\t\t\t\t\t<p><\/p>\n\t\t\t\t<\/div>\n\t\t\t<\/div>\n\t\t<\/div>\t\t\n\t\t        <div class=\"row\">\n\t\t\t\n\t\t\t                        <div class=\"col-md-4 col-sm-6\">\n                <div class=\"single-our-service\">\n                    <figure class=\"img-box\">\n                        <a href=\"https:\/\/www.ingenieriairadi.com\/mecanizado\/\"><img loading=\"lazy\" decoding=\"async\" width=\"370\" height=\"190\" src=\"https:\/\/www.ingenieriairadi.com\/wp-content\/uploads\/2021\/10\/DSC05395-2-370x190.jpg\" class=\"attachment-industries_370x190 size-industries_370x190 wp-post-image\" alt=\"Mecanizados\" \/><\/a>\n                    <\/figure>\n                    <a href=\"https:\/\/www.ingenieriairadi.com\/mecanizado\/\"><h4>Usinage<\/h4><\/a>\n                    <p>Chez IRADI, nous sommes sp\u00e9cialis\u00e9s dans la fabrication sur plan, des prototypes et lots unitaires aux petites et moyennes s\u00e9ries qui demandent un usinage en tour, fraiseuse et centre d&rsquo;usinage. <\/p>\n                <\/div>\n            <\/div>\n                                    <div class=\"col-md-4 col-sm-6\">\n                <div class=\"single-our-service\">\n                    <figure class=\"img-box\">\n                        <a href=\"https:\/\/www.ingenieriairadi.com\/utillaje\/\"><img loading=\"lazy\" decoding=\"async\" width=\"370\" height=\"190\" src=\"https:\/\/www.ingenieriairadi.com\/wp-content\/uploads\/2021\/10\/DSC05326-370x190.jpg\" class=\"attachment-industries_370x190 size-industries_370x190 wp-post-image\" alt=\"Utillaje\" \/><\/a>\n                    <\/figure>\n                    <a href=\"https:\/\/www.ingenieriairadi.com\/utillaje\/\"><h4>Outils<\/h4><\/a>\n                    <p>Ingenier\u00eda Iradi con\u00e7oit, d\u00e9veloppe et fabrique \u00e9galement des outils et des machines sp\u00e9ciales et r\u00e9alise des \u00e9tudes d&rsquo;ing\u00e9nierie et la mise en \u0153uvre de propositions d&rsquo;automatisation pour des processus de ... <\/p>\n                <\/div>\n            <\/div>\n                                    <div class=\"col-md-4 col-sm-6\">\n                <div class=\"single-our-service\">\n                    <figure class=\"img-box\">\n                        <a href=\"https:\/\/www.ingenieriairadi.com\/ingenieria\/\"><img loading=\"lazy\" decoding=\"async\" width=\"370\" height=\"190\" src=\"https:\/\/www.ingenieriairadi.com\/wp-content\/uploads\/2021\/10\/DSC05334-370x190.jpg\" class=\"attachment-industries_370x190 size-industries_370x190 wp-post-image\" alt=\"Ingenier\u00eda\" \/><\/a>\n                    <\/figure>\n                    <a href=\"https:\/\/www.ingenieriairadi.com\/ingenieria\/\"><h4>Ing\u00e9nierie<\/h4><\/a>\n                    <p>Notre \u00e9quipe d&rsquo;ing\u00e9nieurs \u00e9tudie les projets et con\u00e7oit la solution la plus adapt\u00e9e \u00e0 chaque client. <\/p>\n                <\/div>\n            <\/div>\n                    <\/div>\n\t<\/div>\n<\/section>\n\n[vc_custom_heading text=\u00a0\u00bbLes secteurs pour lesquels nous travaillons:\u00a0\u00bb font_container=\u00a0\u00bbtag:h2|text_align:center\u00a0\u00bb use_theme_fonts=\u00a0\u00bbyes\u00a0\u00bb][vc_empty_space][vc_row_inner content_placement=\u00a0\u00bbmiddle\u00a0\u00bb container=\u00a0\u00bb1&Prime; css=\u00a0\u00bb.vc_custom_1635431017157{margin-bottom: 50px !important;}\u00a0\u00bb][vc_column_inner width=\u00a0\u00bb1\/4&Prime;][vc_icon icon_fontawesome=\u00a0\u00bbfas fa-charging-station\u00a0\u00bb color=\u00a0\u00bbcustom\u00a0\u00bb background_style=\u00a0\u00bbrounded\u00a0\u00bb align=\u00a0\u00bbcenter\u00a0\u00bb css_animation=\u00a0\u00bbbounceIn\u00a0\u00bb custom_color=\u00a0\u00bb#019fc4&Prime;][vc_column_text]<\/p>\n<p style=\"text-align: center;\">Appareils m\u00e9nagers<\/p>\n<p>[\/vc_column_text][vc_empty_space][vc_icon icon_fontawesome=\u00a0\u00bbfas fa-sun\u00a0\u00bb color=\u00a0\u00bbcustom\u00a0\u00bb background_style=\u00a0\u00bbrounded\u00a0\u00bb align=\u00a0\u00bbcenter\u00a0\u00bb css_animation=\u00a0\u00bbbounceIn\u00a0\u00bb custom_color=\u00a0\u00bb#019fc4&Prime;][vc_column_text]<\/p>\n<p style=\"text-align: center;\">\u00c9nergies renouvelables<\/p>\n<p>[\/vc_column_text][\/vc_column_inner][vc_column_inner width=\u00a0\u00bb1\/4&Prime;][vc_icon icon_fontawesome=\u00a0\u00bbfas fa-car-alt\u00a0\u00bb color=\u00a0\u00bbcustom\u00a0\u00bb background_style=\u00a0\u00bbrounded\u00a0\u00bb align=\u00a0\u00bbcenter\u00a0\u00bb css_animation=\u00a0\u00bbbounceIn\u00a0\u00bb custom_color=\u00a0\u00bb#019fc4&Prime;][vc_column_text]<\/p>\n<p style=\"text-align: center;\">Automobile<\/p>\n<p>[\/vc_column_text][vc_empty_space][vc_icon icon_fontawesome=\u00a0\u00bbfas fa-train\u00a0\u00bb color=\u00a0\u00bbcustom\u00a0\u00bb background_style=\u00a0\u00bbrounded\u00a0\u00bb align=\u00a0\u00bbcenter\u00a0\u00bb css_animation=\u00a0\u00bbbounceIn\u00a0\u00bb custom_color=\u00a0\u00bb#019fc4&Prime;][vc_column_text]<\/p>\n<p style=\"text-align: center;\">Chemins de fer<\/p>\n<p>[\/vc_column_text][\/vc_column_inner][vc_column_inner width=\u00a0\u00bb1\/4&Prime;][vc_icon icon_fontawesome=\u00a0\u00bbfas fa-industry\u00a0\u00bb color=\u00a0\u00bbcustom\u00a0\u00bb background_style=\u00a0\u00bbrounded\u00a0\u00bb align=\u00a0\u00bbcenter\u00a0\u00bb css_animation=\u00a0\u00bbbounceIn\u00a0\u00bb custom_color=\u00a0\u00bb#019fc4&Prime;][vc_column_text]<\/p>\n<p style=\"text-align: center;\">Machines-outils<\/p>\n<p>[\/vc_column_text][vc_empty_space][vc_icon icon_fontawesome=\u00a0\u00bbfas fa-city\u00a0\u00bb color=\u00a0\u00bbcustom\u00a0\u00bb background_style=\u00a0\u00bbrounded\u00a0\u00bb align=\u00a0\u00bbcenter\u00a0\u00bb css_animation=\u00a0\u00bbbounceIn\u00a0\u00bb custom_color=\u00a0\u00bb#019fc4&Prime;][vc_column_text]<\/p>\n<p style=\"text-align: center;\">Construction<\/p>\n<p>[\/vc_column_text][\/vc_column_inner][vc_column_inner width=\u00a0\u00bb1\/4&Prime;][vc_icon icon_fontawesome=\u00a0\u00bbfas fa-ship\u00a0\u00bb color=\u00a0\u00bbcustom\u00a0\u00bb background_style=\u00a0\u00bbrounded\u00a0\u00bb align=\u00a0\u00bbcenter\u00a0\u00bb css_animation=\u00a0\u00bbbounceIn\u00a0\u00bb custom_color=\u00a0\u00bb#019fc4&Prime;][vc_column_text]<\/p>\n<p style=\"text-align: center;\">Naval<\/p>\n<p>[\/vc_column_text][vc_empty_space][vc_icon icon_fontawesome=\u00a0\u00bbfas fa-clinic-medical\u00a0\u00bb color=\u00a0\u00bbcustom\u00a0\u00bb background_style=\u00a0\u00bbrounded\u00a0\u00bb align=\u00a0\u00bbcenter\u00a0\u00bb css_animation=\u00a0\u00bbbounceIn\u00a0\u00bb custom_color=\u00a0\u00bb#019fc4&Prime;][vc_column_text]<\/p>\n<p style=\"text-align: center;\">Pharmaceutique<\/p>\n<p>[\/vc_column_text][\/vc_column_inner][\/vc_row_inner][\/vc_column][\/vc_row][vc_row css=\u00a0\u00bb.vc_custom_1635179322951{background-color: #000000 !important;}\u00a0\u00bb][vc_column][vc_raw_html]JTNDZGl2JTIwY2xhc3MlM0QlMjJzZWN0aW9uLXRpdGxlJTIwdGV4dC1jZW50ZXIlMjIlM0UlMEElMDklMDklMDklM0NkaXYlMjBjbGFzcyUzRCUyMnJvdyUyMiUzRSUwQSUwOSUwOSUwOSUwOSUzQ2RpdiUyMGNsYXNzJTNEJTIyY29sLW1kLTEyJTIyJTNFJTBBJTA5JTA5JTA5JTA5JTA5JTNDaDIlMjBzdHlsZSUzRCUyMmNvbG9yJTNBd2hpdGUlMjFpbXBvcnRhbnQlM0IlMjIlM0VOb3VzJTIwdm91cyUyMGludml0b25zJTIwJUMzJUEwJTIwbm91cyUyMGNvbm5hJUMzJUFFdHJlJTNDJTJGaDIlM0UlMEElMDklMDklMDklMDklMDklM0NzcGFuJTIwY2xhc3MlM0QlMjJkZWNvciUyMiUzRSUzQyUyRnNwYW4lM0UlMEElMDklMDklMDklMDklM0MlMkZkaXYlM0UlMEElMDklMDklMDklM0MlMkZkaXYlM0UlMEElMDklMDklM0MlMkZkaXYlM0UlMEElM0NjZW50ZXIlM0UlMEElM0NpZnJhbWUlMjB3aWR0aCUzRCUyMjgwMCUyMiUyMGhlaWdodCUzRCUyMjQ1MCUyMiUyMHNyYyUzRCUyMmh0dHBzJTNBJTJGJTJGd3d3LnlvdXR1YmUuY29tJTJGZW1iZWQlMkZ4UndQbXNKQ3ZHdyUyMiUyMHRpdGxlJTNEJTIyWW91VHViZSUyMHZpZGVvJTIwcGxheWVyJTIyJTIwZnJhbWVib3JkZXIlM0QlMjIwJTIyJTIwYWxsb3clM0QlMjJhY2NlbGVyb21ldGVyJTNCJTIwYXV0b3BsYXklM0IlMjBjbGlwYm9hcmQtd3JpdGUlM0IlMjBlbmNyeXB0ZWQtbWVkaWElM0IlMjBneXJvc2NvcGUlM0IlMjBwaWN0dXJlLWluLXBpY3R1cmUlMjIlMjBhbGxvd2Z1bGxzY3JlZW4lM0UlM0MlMkZpZnJhbWUlM0UlMEElM0MlMkZjZW50ZXIlM0U=[\/vc_raw_html][vc_empty_space][\/vc_column][\/vc_row][vc_row][vc_column]\n<section class=\"call-to-action-home\" style=\"background: url('https:\/\/www.ingenieriairadi.com\/wp-content\/uploads\/2016\/11\/placeholder-37.jpg');\">\n\t<div class=\"container\">\n\t\t<p>Des clients satisfaits de notre travail :<\/p>\n\t<\/div>\n<\/section>\n\n[\/vc_column][\/vc_row][vc_row][vc_column][vc_column_text]<style type='text\/css'><\/style><div class=\"rt-container-fluid rt-wpls\" id=\"rt-container-2141931931\" data-sc-id=\"780\"><div class=\"rt-row carousel-layout wpls-carousel\" data-slick='{ \"slidesToShow\": 5, \"slidesToScroll\": 3, \"speed\": 2000, \"dots\": true, \"arrows\": true, \"infinite\": true, \"pauseOnHover\": false, \"autoplay\": true, \"rtl\": false }' ><div class='rt-col-md-3 rt-col-sm-6 rt-col-xs-12'><div><div class='single-logo-container'><img loading=\"lazy\" decoding=\"async\" width=\"300\" height=\"300\" src=\"https:\/\/www.ingenieriairadi.com\/wp-content\/uploads\/2024\/11\/lacha_300-300x300-1.jpg\" class=\"wls-logo\" alt=\"\" title=\"lacha_300\" \/><\/div><\/div><\/div><div class='rt-col-md-3 rt-col-sm-6 rt-col-xs-12'><div><div class='single-logo-container'><img loading=\"lazy\" decoding=\"async\" width=\"300\" height=\"300\" src=\"https:\/\/www.ingenieriairadi.com\/wp-content\/uploads\/2024\/11\/startert_300-300x300-1.jpg\" class=\"wls-logo\" alt=\"\" title=\"start_300\" \/><\/div><\/div><\/div><div class='rt-col-md-3 rt-col-sm-6 rt-col-xs-12'><div><div class='single-logo-container'><img loading=\"lazy\" decoding=\"async\" width=\"300\" height=\"300\" src=\"https:\/\/www.ingenieriairadi.com\/wp-content\/uploads\/2021\/10\/caf_300-300x300.jpg\" class=\"wls-logo\" alt=\"caf_300\" title=\"caf_300\" \/><\/div><\/div><\/div><div class='rt-col-md-3 rt-col-sm-6 rt-col-xs-12'><div><div class='single-logo-container'><img loading=\"lazy\" decoding=\"async\" width=\"300\" height=\"300\" src=\"https:\/\/www.ingenieriairadi.com\/wp-content\/uploads\/2021\/10\/defta_300-300x300.jpg\" class=\"wls-logo\" alt=\"defta_300\" title=\"defta_300\" \/><\/div><\/div><\/div><div class='rt-col-md-3 rt-col-sm-6 rt-col-xs-12'><div><div class='single-logo-container'><img loading=\"lazy\" decoding=\"async\" width=\"300\" height=\"300\" src=\"https:\/\/www.ingenieriairadi.com\/wp-content\/uploads\/2021\/10\/egui_300-300x300.jpg\" class=\"wls-logo\" alt=\"egui_300\" title=\"egui_300\" \/><\/div><\/div><\/div><div class='rt-col-md-3 rt-col-sm-6 rt-col-xs-12'><div><div class='single-logo-container'><img loading=\"lazy\" decoding=\"async\" width=\"300\" height=\"300\" src=\"https:\/\/www.ingenieriairadi.com\/wp-content\/uploads\/2021\/10\/iruna_brakes_300-300x300.jpg\" class=\"wls-logo\" alt=\"iruna_brakes_300\" title=\"iruna_brakes_300\" \/><\/div><\/div><\/div><div class='rt-col-md-3 rt-col-sm-6 rt-col-xs-12'><div><div class='single-logo-container'><img loading=\"lazy\" decoding=\"async\" width=\"300\" height=\"300\" src=\"https:\/\/www.ingenieriairadi.com\/wp-content\/uploads\/2021\/10\/gh_300-300x300.jpg\" class=\"wls-logo\" alt=\"gh_300\" title=\"gh_300\" \/><\/div><\/div><\/div><div class='rt-col-md-3 rt-col-sm-6 rt-col-xs-12'><div><div class='single-logo-container'><img loading=\"lazy\" decoding=\"async\" width=\"300\" height=\"300\" src=\"https:\/\/www.ingenieriairadi.com\/wp-content\/uploads\/2021\/10\/irizar_300-300x300.jpg\" class=\"wls-logo\" alt=\"irizar_300\" title=\"irizar_300\" \/><\/div><\/div><\/div><div class='rt-col-md-3 rt-col-sm-6 rt-col-xs-12'><div><div class='single-logo-container'><img loading=\"lazy\" decoding=\"async\" width=\"300\" height=\"300\" src=\"https:\/\/www.ingenieriairadi.com\/wp-content\/uploads\/2021\/10\/issa_300-300x300.jpg\" class=\"wls-logo\" alt=\"issa_300\" title=\"issa_300\" \/><\/div><\/div><\/div><div class='rt-col-md-3 rt-col-sm-6 rt-col-xs-12'><div><div class='single-logo-container'><img loading=\"lazy\" decoding=\"async\" width=\"300\" height=\"300\" src=\"https:\/\/www.ingenieriairadi.com\/wp-content\/uploads\/2021\/10\/acimex_300-300x300.jpg\" class=\"wls-logo\" alt=\"acimex_300\" title=\"acimex_300\" \/><\/div><\/div><\/div><div class='rt-col-md-3 rt-col-sm-6 rt-col-xs-12'><div><div class='single-logo-container'><img loading=\"lazy\" decoding=\"async\" width=\"300\" height=\"300\" src=\"https:\/\/www.ingenieriairadi.com\/wp-content\/uploads\/2021\/10\/cener_300-300x300.jpg\" class=\"wls-logo\" alt=\"cener_300\" title=\"cener_300\" \/><\/div><\/div><\/div><div class='rt-col-md-3 rt-col-sm-6 rt-col-xs-12'><div><div class='single-logo-container'><img loading=\"lazy\" decoding=\"async\" width=\"300\" height=\"300\" src=\"https:\/\/www.ingenieriairadi.com\/wp-content\/uploads\/2021\/10\/magoteauxx_300-300x300.jpg\" class=\"wls-logo\" alt=\"magoteauxx_300\" title=\"magoteauxx_300\" \/><\/div><\/div><\/div><div class='rt-col-md-3 rt-col-sm-6 rt-col-xs-12'><div><div class='single-logo-container'><img loading=\"lazy\" decoding=\"async\" width=\"300\" height=\"300\" src=\"https:\/\/www.ingenieriairadi.com\/wp-content\/uploads\/2021\/10\/nordex_300-300x300.jpg\" class=\"wls-logo\" alt=\"nordex_300\" title=\"nordex_300\" \/><\/div><\/div><\/div><div class='rt-col-md-3 rt-col-sm-6 rt-col-xs-12'><div><div class='single-logo-container'><img loading=\"lazy\" decoding=\"async\" width=\"300\" height=\"300\" src=\"https:\/\/www.ingenieriairadi.com\/wp-content\/uploads\/2021\/10\/siemens_300-300x300.jpg\" class=\"wls-logo\" alt=\"siemens_300\" title=\"siemens_300\" \/><\/div><\/div><\/div><div class='rt-col-md-3 rt-col-sm-6 rt-col-xs-12'><div><div class='single-logo-container'><img loading=\"lazy\" decoding=\"async\" width=\"300\" height=\"300\" src=\"https:\/\/www.ingenieriairadi.com\/wp-content\/uploads\/2021\/10\/ulma_300-300x300.jpg\" class=\"wls-logo\" alt=\"ulma_300\" title=\"ulma_300\" \/><\/div><\/div><\/div><div class='rt-col-md-3 rt-col-sm-6 rt-col-xs-12'><div><div class='single-logo-container'><img loading=\"lazy\" decoding=\"async\" width=\"300\" height=\"300\" src=\"https:\/\/www.ingenieriairadi.com\/wp-content\/uploads\/2021\/10\/vernet_300-300x300.jpg\" class=\"wls-logo\" alt=\"vernet_300\" title=\"vernet_300\" \/><\/div><\/div><\/div><div class='rt-col-md-3 rt-col-sm-6 rt-col-xs-12'><div><div class='single-logo-container'><img loading=\"lazy\" decoding=\"async\" width=\"300\" height=\"300\" src=\"https:\/\/www.ingenieriairadi.com\/wp-content\/uploads\/2021\/10\/acciona_300-300x300.jpg\" class=\"wls-logo\" alt=\"acciona_300\" title=\"acciona_300\" \/><\/div><\/div><\/div><div class='rt-col-md-3 rt-col-sm-6 rt-col-xs-12'><div><div class='single-logo-container'><img loading=\"lazy\" decoding=\"async\" width=\"300\" height=\"300\" src=\"https:\/\/www.ingenieriairadi.com\/wp-content\/uploads\/2021\/10\/bsh_300-300x300.jpg\" class=\"wls-logo\" alt=\"bsh_300\" title=\"bsh_300\" \/><\/div><\/div><\/div><div class='rt-col-md-3 rt-col-sm-6 rt-col-xs-12'><div><div class='single-logo-container'><img loading=\"lazy\" decoding=\"async\" width=\"300\" height=\"300\" src=\"https:\/\/www.ingenieriairadi.com\/wp-content\/uploads\/2021\/10\/hidro_300-300x300.jpg\" class=\"wls-logo\" alt=\"hidro_300\" title=\"hidro_300\" \/><\/div><\/div><\/div><\/div><\/div>[\/vc_column_text][\/vc_column][\/vc_row]<\/p>\n","protected":false},"excerpt":{"rendered":"<p>[vc_row el_class=\u00a0\u00bbslider1&Prime;][vc_column][rev_slider_vc alias=\u00a0\u00bbhome-11&Prime;][\/vc_column][\/vc_row][vc_row][vc_column][vc_custom_heading text=\u00a0\u00bbLes secteurs pour lesquels nous travaillons:\u00a0\u00bb font_container=\u00a0\u00bbtag:h2|text_align:center\u00a0\u00bb use_theme_fonts=\u00a0\u00bbyes\u00a0\u00bb][vc_empty_space][vc_row_inner content_placement=\u00a0\u00bbmiddle\u00a0\u00bb container=\u00a0\u00bb1&Prime; css=\u00a0\u00bb.vc_custom_1635431017157{margin-bottom: 50px !important;}\u00a0\u00bb][vc_column_inner width=\u00a0\u00bb1\/4&Prime;][vc_icon icon_fontawesome=\u00a0\u00bbfas fa-charging-station\u00a0\u00bb color=\u00a0\u00bbcustom\u00a0\u00bb background_style=\u00a0\u00bbrounded\u00a0\u00bb align=\u00a0\u00bbcenter\u00a0\u00bb css_animation=\u00a0\u00bbbounceIn\u00a0\u00bb custom_color=\u00a0\u00bb#019fc4&Prime;][vc_column_text] Appareils m\u00e9nagers [\/vc_column_text][vc_empty_space][vc_icon icon_fontawesome=\u00a0\u00bbfas fa-sun\u00a0\u00bb color=\u00a0\u00bbcustom\u00a0\u00bb background_style=\u00a0\u00bbrounded\u00a0\u00bb align=\u00a0\u00bbcenter\u00a0\u00bb css_animation=\u00a0\u00bbbounceIn\u00a0\u00bb custom_color=\u00a0\u00bb#019fc4&Prime;][vc_column_text] \u00c9nergies renouvelables [\/vc_column_text][\/vc_column_inner][vc_column_inner width=\u00a0\u00bb1\/4&Prime;][vc_icon icon_fontawesome=\u00a0\u00bbfas fa-car-alt\u00a0\u00bb color=\u00a0\u00bbcustom\u00a0\u00bb background_style=\u00a0\u00bbrounded\u00a0\u00bb align=\u00a0\u00bbcenter\u00a0\u00bb css_animation=\u00a0\u00bbbounceIn\u00a0\u00bb custom_color=\u00a0\u00bb#019fc4&Prime;][vc_column_text] Automobile [\/vc_column_text][vc_empty_space][vc_icon icon_fontawesome=\u00a0\u00bbfas fa-train\u00a0\u00bb color=\u00a0\u00bbcustom\u00a0\u00bb background_style=\u00a0\u00bbrounded\u00a0\u00bb align=\u00a0\u00bbcenter\u00a0\u00bb css_animation=\u00a0\u00bbbounceIn\u00a0\u00bb custom_color=\u00a0\u00bb#019fc4&Prime;][vc_column_text] Chemins<\/p>\n","protected":false},"author":1,"featured_media":0,"parent":0,"menu_order":0,"comment_status":"closed","ping_status":"closed","template":"tpl-visual_composer.php","meta":{"_monsterinsights_skip_tracking":false,"_monsterinsights_sitenote_active":false,"_monsterinsights_sitenote_note":"","_monsterinsights_sitenote_category":0,"footnotes":"","_links_to":"","_links_to_target":""},"class_list":["post-1411","page","type-page","status-publish","hentry"],"yoast_head":"<!-- This site is optimized with the Yoast SEO plugin v27.4 - https:\/\/yoast.com\/product\/yoast-seo-wordpress\/ -->\n<title>Home - Mecanizado,Utillaje,Navarra<\/title>\n<meta name=\"description\" content=\"Usinage Espagne, Usinage CNC Espagne, Centre d\u2019usinage Espagne, Tournage usinage Espagne, Usinage aluminium, Usinage prototype Espagne, Usinage petite s\u00e9rie Espagne\" \/>\n<meta name=\"robots\" content=\"index, follow, max-snippet:-1, max-image-preview:large, max-video-preview:-1\" \/>\n<link rel=\"canonical\" href=\"https:\/\/www.ingenieriairadi.com\/fr\/\" \/>\n<meta property=\"og:locale\" content=\"fr_FR\" \/>\n<meta property=\"og:type\" content=\"article\" \/>\n<meta property=\"og:title\" content=\"Home - Mecanizado,Utillaje,Navarra\" \/>\n<meta property=\"og:description\" content=\"Usinage Espagne, Usinage CNC Espagne, Centre d\u2019usinage Espagne, Tournage usinage Espagne, Usinage aluminium, Usinage prototype Espagne, Usinage petite s\u00e9rie Espagne\" \/>\n<meta property=\"og:url\" content=\"https:\/\/www.ingenieriairadi.com\/fr\/\" \/>\n<meta property=\"og:site_name\" content=\"Mecanizado,Utillaje,Navarra\" \/>\n<meta property=\"article:modified_time\" content=\"2023-01-12T08:31:12+00:00\" \/>\n<meta name=\"twitter:card\" content=\"summary_large_image\" \/>\n<meta name=\"twitter:label1\" content=\"Dur\u00e9e de lecture estim\u00e9e\" \/>\n\t<meta name=\"twitter:data1\" content=\"2 minutes\" \/>\n<script type=\"application\/ld+json\" class=\"yoast-schema-graph\">{\"@context\":\"https:\\\/\\\/schema.org\",\"@graph\":[{\"@type\":\"WebPage\",\"@id\":\"https:\\\/\\\/www.ingenieriairadi.com\\\/fr\\\/\",\"url\":\"https:\\\/\\\/www.ingenieriairadi.com\\\/fr\\\/\",\"name\":\"Home - Mecanizado,Utillaje,Navarra\",\"isPartOf\":{\"@id\":\"https:\\\/\\\/www.ingenieriairadi.com\\\/#website\"},\"datePublished\":\"2016-11-17T11:39:26+00:00\",\"dateModified\":\"2023-01-12T08:31:12+00:00\",\"description\":\"Usinage Espagne, Usinage CNC Espagne, Centre d\u2019usinage Espagne, Tournage usinage Espagne, Usinage aluminium, Usinage prototype Espagne, Usinage petite s\u00e9rie Espagne\",\"breadcrumb\":{\"@id\":\"https:\\\/\\\/www.ingenieriairadi.com\\\/fr\\\/#breadcrumb\"},\"inLanguage\":\"fr-FR\",\"potentialAction\":[{\"@type\":\"ReadAction\",\"target\":[\"https:\\\/\\\/www.ingenieriairadi.com\\\/fr\\\/\"]}]},{\"@type\":\"BreadcrumbList\",\"@id\":\"https:\\\/\\\/www.ingenieriairadi.com\\\/fr\\\/#breadcrumb\",\"itemListElement\":[{\"@type\":\"ListItem\",\"position\":1,\"name\":\"Portada\",\"item\":\"https:\\\/\\\/www.ingenieriairadi.com\\\/fr\\\/\"},{\"@type\":\"ListItem\",\"position\":2,\"name\":\"Home\"}]},{\"@type\":\"WebSite\",\"@id\":\"https:\\\/\\\/www.ingenieriairadi.com\\\/#website\",\"url\":\"https:\\\/\\\/www.ingenieriairadi.com\\\/\",\"name\":\"Ingenier\u00eda Iradi\",\"description\":\"Usinages technologiques de pr\u00e9cision. \",\"publisher\":{\"@id\":\"https:\\\/\\\/www.ingenieriairadi.com\\\/#organization\"},\"potentialAction\":[{\"@type\":\"SearchAction\",\"target\":{\"@type\":\"EntryPoint\",\"urlTemplate\":\"https:\\\/\\\/www.ingenieriairadi.com\\\/?s={search_term_string}\"},\"query-input\":{\"@type\":\"PropertyValueSpecification\",\"valueRequired\":true,\"valueName\":\"search_term_string\"}}],\"inLanguage\":\"fr-FR\"},{\"@type\":\"Organization\",\"@id\":\"https:\\\/\\\/www.ingenieriairadi.com\\\/#organization\",\"name\":\"Ingenier\u00eda Iradi\",\"url\":\"https:\\\/\\\/www.ingenieriairadi.com\\\/\",\"logo\":{\"@type\":\"ImageObject\",\"inLanguage\":\"fr-FR\",\"@id\":\"https:\\\/\\\/www.ingenieriairadi.com\\\/#\\\/schema\\\/logo\\\/image\\\/\",\"url\":\"https:\\\/\\\/www.ingenieriairadi.com\\\/wp-content\\\/uploads\\\/2021\\\/10\\\/positivo_alta-copy1.png\",\"contentUrl\":\"https:\\\/\\\/www.ingenieriairadi.com\\\/wp-content\\\/uploads\\\/2021\\\/10\\\/positivo_alta-copy1.png\",\"width\":140,\"height\":86,\"caption\":\"Ingenier\u00eda Iradi\"},\"image\":{\"@id\":\"https:\\\/\\\/www.ingenieriairadi.com\\\/#\\\/schema\\\/logo\\\/image\\\/\"}}]}<\/script>\n<!-- \/ Yoast SEO plugin. -->","yoast_head_json":{"title":"Home - Mecanizado,Utillaje,Navarra","description":"Usinage Espagne, Usinage CNC Espagne, Centre d\u2019usinage Espagne, Tournage usinage Espagne, Usinage aluminium, Usinage prototype Espagne, Usinage petite s\u00e9rie Espagne","robots":{"index":"index","follow":"follow","max-snippet":"max-snippet:-1","max-image-preview":"max-image-preview:large","max-video-preview":"max-video-preview:-1"},"canonical":"https:\/\/www.ingenieriairadi.com\/fr\/","og_locale":"fr_FR","og_type":"article","og_title":"Home - Mecanizado,Utillaje,Navarra","og_description":"Usinage Espagne, Usinage CNC Espagne, Centre d\u2019usinage Espagne, Tournage usinage Espagne, Usinage aluminium, Usinage prototype Espagne, Usinage petite s\u00e9rie Espagne","og_url":"https:\/\/www.ingenieriairadi.com\/fr\/","og_site_name":"Mecanizado,Utillaje,Navarra","article_modified_time":"2023-01-12T08:31:12+00:00","twitter_card":"summary_large_image","twitter_misc":{"Dur\u00e9e de lecture estim\u00e9e":"2 minutes"},"schema":{"@context":"https:\/\/schema.org","@graph":[{"@type":"WebPage","@id":"https:\/\/www.ingenieriairadi.com\/fr\/","url":"https:\/\/www.ingenieriairadi.com\/fr\/","name":"Home - Mecanizado,Utillaje,Navarra","isPartOf":{"@id":"https:\/\/www.ingenieriairadi.com\/#website"},"datePublished":"2016-11-17T11:39:26+00:00","dateModified":"2023-01-12T08:31:12+00:00","description":"Usinage Espagne, Usinage CNC Espagne, Centre d\u2019usinage Espagne, Tournage usinage Espagne, Usinage aluminium, Usinage prototype Espagne, Usinage petite s\u00e9rie Espagne","breadcrumb":{"@id":"https:\/\/www.ingenieriairadi.com\/fr\/#breadcrumb"},"inLanguage":"fr-FR","potentialAction":[{"@type":"ReadAction","target":["https:\/\/www.ingenieriairadi.com\/fr\/"]}]},{"@type":"BreadcrumbList","@id":"https:\/\/www.ingenieriairadi.com\/fr\/#breadcrumb","itemListElement":[{"@type":"ListItem","position":1,"name":"Portada","item":"https:\/\/www.ingenieriairadi.com\/fr\/"},{"@type":"ListItem","position":2,"name":"Home"}]},{"@type":"WebSite","@id":"https:\/\/www.ingenieriairadi.com\/#website","url":"https:\/\/www.ingenieriairadi.com\/","name":"Ingenier\u00eda Iradi","description":"Usinages technologiques de pr\u00e9cision. ","publisher":{"@id":"https:\/\/www.ingenieriairadi.com\/#organization"},"potentialAction":[{"@type":"SearchAction","target":{"@type":"EntryPoint","urlTemplate":"https:\/\/www.ingenieriairadi.com\/?s={search_term_string}"},"query-input":{"@type":"PropertyValueSpecification","valueRequired":true,"valueName":"search_term_string"}}],"inLanguage":"fr-FR"},{"@type":"Organization","@id":"https:\/\/www.ingenieriairadi.com\/#organization","name":"Ingenier\u00eda Iradi","url":"https:\/\/www.ingenieriairadi.com\/","logo":{"@type":"ImageObject","inLanguage":"fr-FR","@id":"https:\/\/www.ingenieriairadi.com\/#\/schema\/logo\/image\/","url":"https:\/\/www.ingenieriairadi.com\/wp-content\/uploads\/2021\/10\/positivo_alta-copy1.png","contentUrl":"https:\/\/www.ingenieriairadi.com\/wp-content\/uploads\/2021\/10\/positivo_alta-copy1.png","width":140,"height":86,"caption":"Ingenier\u00eda Iradi"},"image":{"@id":"https:\/\/www.ingenieriairadi.com\/#\/schema\/logo\/image\/"}}]}},"_links":{"self":[{"href":"https:\/\/www.ingenieriairadi.com\/fr\/wp-json\/wp\/v2\/pages\/1411","targetHints":{"allow":["GET"]}}],"collection":[{"href":"https:\/\/www.ingenieriairadi.com\/fr\/wp-json\/wp\/v2\/pages"}],"about":[{"href":"https:\/\/www.ingenieriairadi.com\/fr\/wp-json\/wp\/v2\/types\/page"}],"author":[{"embeddable":true,"href":"https:\/\/www.ingenieriairadi.com\/fr\/wp-json\/wp\/v2\/users\/1"}],"replies":[{"embeddable":true,"href":"https:\/\/www.ingenieriairadi.com\/fr\/wp-json\/wp\/v2\/comments?post=1411"}],"version-history":[{"count":0,"href":"https:\/\/www.ingenieriairadi.com\/fr\/wp-json\/wp\/v2\/pages\/1411\/revisions"}],"wp:attachment":[{"href":"https:\/\/www.ingenieriairadi.com\/fr\/wp-json\/wp\/v2\/media?parent=1411"}],"curies":[{"name":"wp","href":"https:\/\/api.w.org\/{rel}","templated":true}]}}