{"id":1985,"date":"2024-11-18T18:47:25","date_gmt":"2024-11-18T16:47:25","guid":{"rendered":"https:\/\/www.ingenieriairadi.com\/produkte\/utillaje\/"},"modified":"2024-11-19T10:40:02","modified_gmt":"2024-11-19T08:40:02","slug":"werkzeuge","status":"publish","type":"page","link":"https:\/\/www.ingenieriairadi.com\/de\/produkte\/werkzeuge\/","title":{"rendered":"Werkzeuge"},"content":{"rendered":"<p>[vc_row][vc_column][vc_column_text]Wir entwickeln und fertigen Ger\u00e4te, um professionelle L\u00f6sungen f\u00fcr das Heben und Transportieren schwerer Teile bereitzustellen.[\/vc_column_text][vc_empty_space height=&#8220;50px&#8220;][\/vc_column][\/vc_row][vc_row][vc_column][vc_gallery type=&#8220;image_grid&#8220; images=&#8220;1949,1953,1957,1961,1965&#8243;][vc_empty_space height=&#8220;100px&#8220;][vc_video link=&#8220;https:\/\/www.youtube.com\/watch?v=zuA3BdJ43w0&#8243; align=&#8220;center&#8220;][vc_empty_space height=&#8220;100px&#8220;][\/vc_column][\/vc_row]<\/p>\n","protected":false},"excerpt":{"rendered":"<p>[vc_row][vc_column][vc_column_text]Wir entwickeln und fertigen Ger\u00e4te, um professionelle L\u00f6sungen f\u00fcr das Heben und Transportieren schwerer Teile bereitzustellen.[\/vc_column_text][vc_empty_space height=&#8220;50px&#8220;][\/vc_column][\/vc_row][vc_row][vc_column][vc_gallery type=&#8220;image_grid&#8220; images=&#8220;1949,1953,1957,1961,1965&#8243;][vc_empty_space height=&#8220;100px&#8220;][vc_video link=&#8220;https:\/\/www.youtube.com\/watch?v=zuA3BdJ43w0&#8243; align=&#8220;center&#8220;][vc_empty_space height=&#8220;100px&#8220;][\/vc_column][\/vc_row]<\/p>\n","protected":false},"author":1,"featured_media":0,"parent":1469,"menu_order":2,"comment_status":"closed","ping_status":"closed","template":"","meta":{"_monsterinsights_skip_tracking":false,"_monsterinsights_sitenote_active":false,"_monsterinsights_sitenote_note":"","_monsterinsights_sitenote_category":0,"footnotes":"","_links_to":"","_links_to_target":""},"class_list":["post-1985","page","type-page","status-publish","hentry"],"yoast_head":"<!-- This site is optimized with the Yoast SEO plugin v27.4 - https:\/\/yoast.com\/product\/yoast-seo-wordpress\/ -->\n<title>Werkzeuge Mecanizado,Utillaje,Navarra<\/title>\n<meta name=\"description\" content=\"Mecanizado, Centro de mecanizado, Mecanizado aluminio, Mecanizado con arranque de viruta, Mecanizado de prototipos, Mecanizado series cortas, Utillaje, Navarra\" \/>\n<meta name=\"robots\" content=\"index, follow, max-snippet:-1, max-image-preview:large, max-video-preview:-1\" \/>\n<link rel=\"canonical\" href=\"https:\/\/www.ingenieriairadi.com\/de\/produkte\/werkzeuge\/\" \/>\n<meta property=\"og:locale\" content=\"de_DE\" \/>\n<meta property=\"og:type\" content=\"article\" \/>\n<meta property=\"og:title\" content=\"Werkzeuge Mecanizado,Utillaje,Navarra\" \/>\n<meta property=\"og:description\" content=\"Mecanizado, Centro de mecanizado, Mecanizado aluminio, Mecanizado con arranque de viruta, Mecanizado de prototipos, Mecanizado series cortas, Utillaje, Navarra\" \/>\n<meta property=\"og:url\" content=\"https:\/\/www.ingenieriairadi.com\/de\/produkte\/werkzeuge\/\" \/>\n<meta property=\"og:site_name\" content=\"Mecanizado,Utillaje,Navarra\" \/>\n<meta property=\"article:modified_time\" content=\"2024-11-19T08:40:02+00:00\" \/>\n<meta name=\"twitter:card\" content=\"summary_large_image\" \/>\n<script type=\"application\/ld+json\" class=\"yoast-schema-graph\">{\"@context\":\"https:\\\/\\\/schema.org\",\"@graph\":[{\"@type\":\"WebPage\",\"@id\":\"https:\\\/\\\/www.ingenieriairadi.com\\\/de\\\/produkte\\\/werkzeuge\\\/\",\"url\":\"https:\\\/\\\/www.ingenieriairadi.com\\\/de\\\/produkte\\\/werkzeuge\\\/\",\"name\":\"Werkzeuge Mecanizado,Utillaje,Navarra\",\"isPartOf\":{\"@id\":\"https:\\\/\\\/www.ingenieriairadi.com\\\/#website\"},\"datePublished\":\"2024-11-18T16:47:25+00:00\",\"dateModified\":\"2024-11-19T08:40:02+00:00\",\"description\":\"Mecanizado, Centro de mecanizado, Mecanizado aluminio, Mecanizado con arranque de viruta, Mecanizado de prototipos, Mecanizado series cortas, Utillaje, Navarra\",\"breadcrumb\":{\"@id\":\"https:\\\/\\\/www.ingenieriairadi.com\\\/de\\\/produkte\\\/werkzeuge\\\/#breadcrumb\"},\"inLanguage\":\"de\",\"potentialAction\":[{\"@type\":\"ReadAction\",\"target\":[\"https:\\\/\\\/www.ingenieriairadi.com\\\/de\\\/produkte\\\/werkzeuge\\\/\"]}]},{\"@type\":\"BreadcrumbList\",\"@id\":\"https:\\\/\\\/www.ingenieriairadi.com\\\/de\\\/produkte\\\/werkzeuge\\\/#breadcrumb\",\"itemListElement\":[{\"@type\":\"ListItem\",\"position\":1,\"name\":\"Portada\",\"item\":\"https:\\\/\\\/www.ingenieriairadi.com\\\/de\\\/\"},{\"@type\":\"ListItem\",\"position\":2,\"name\":\"Produkte\",\"item\":\"https:\\\/\\\/www.ingenieriairadi.com\\\/de\\\/produkte\\\/bearbeitung\\\/\"},{\"@type\":\"ListItem\",\"position\":3,\"name\":\"Werkzeuge\"}]},{\"@type\":\"WebSite\",\"@id\":\"https:\\\/\\\/www.ingenieriairadi.com\\\/#website\",\"url\":\"https:\\\/\\\/www.ingenieriairadi.com\\\/\",\"name\":\"Ingenier\u00eda Iradi\",\"description\":\"Technologische Pr\u00e4zisionsbearbeitung. \",\"publisher\":{\"@id\":\"https:\\\/\\\/www.ingenieriairadi.com\\\/#organization\"},\"potentialAction\":[{\"@type\":\"SearchAction\",\"target\":{\"@type\":\"EntryPoint\",\"urlTemplate\":\"https:\\\/\\\/www.ingenieriairadi.com\\\/?s={search_term_string}\"},\"query-input\":{\"@type\":\"PropertyValueSpecification\",\"valueRequired\":true,\"valueName\":\"search_term_string\"}}],\"inLanguage\":\"de\"},{\"@type\":\"Organization\",\"@id\":\"https:\\\/\\\/www.ingenieriairadi.com\\\/#organization\",\"name\":\"Ingenier\u00eda Iradi\",\"url\":\"https:\\\/\\\/www.ingenieriairadi.com\\\/\",\"logo\":{\"@type\":\"ImageObject\",\"inLanguage\":\"de\",\"@id\":\"https:\\\/\\\/www.ingenieriairadi.com\\\/#\\\/schema\\\/logo\\\/image\\\/\",\"url\":\"https:\\\/\\\/www.ingenieriairadi.com\\\/wp-content\\\/uploads\\\/2021\\\/10\\\/positivo_alta-copy1.png\",\"contentUrl\":\"https:\\\/\\\/www.ingenieriairadi.com\\\/wp-content\\\/uploads\\\/2021\\\/10\\\/positivo_alta-copy1.png\",\"width\":140,\"height\":86,\"caption\":\"Ingenier\u00eda Iradi\"},\"image\":{\"@id\":\"https:\\\/\\\/www.ingenieriairadi.com\\\/#\\\/schema\\\/logo\\\/image\\\/\"}}]}<\/script>\n<!-- \/ Yoast SEO plugin. -->","yoast_head_json":{"title":"Werkzeuge Mecanizado,Utillaje,Navarra","description":"Mecanizado, Centro de mecanizado, Mecanizado aluminio, Mecanizado con arranque de viruta, Mecanizado de prototipos, Mecanizado series cortas, Utillaje, Navarra","robots":{"index":"index","follow":"follow","max-snippet":"max-snippet:-1","max-image-preview":"max-image-preview:large","max-video-preview":"max-video-preview:-1"},"canonical":"https:\/\/www.ingenieriairadi.com\/de\/produkte\/werkzeuge\/","og_locale":"de_DE","og_type":"article","og_title":"Werkzeuge Mecanizado,Utillaje,Navarra","og_description":"Mecanizado, Centro de mecanizado, Mecanizado aluminio, Mecanizado con arranque de viruta, Mecanizado de prototipos, Mecanizado series cortas, Utillaje, Navarra","og_url":"https:\/\/www.ingenieriairadi.com\/de\/produkte\/werkzeuge\/","og_site_name":"Mecanizado,Utillaje,Navarra","article_modified_time":"2024-11-19T08:40:02+00:00","twitter_card":"summary_large_image","schema":{"@context":"https:\/\/schema.org","@graph":[{"@type":"WebPage","@id":"https:\/\/www.ingenieriairadi.com\/de\/produkte\/werkzeuge\/","url":"https:\/\/www.ingenieriairadi.com\/de\/produkte\/werkzeuge\/","name":"Werkzeuge Mecanizado,Utillaje,Navarra","isPartOf":{"@id":"https:\/\/www.ingenieriairadi.com\/#website"},"datePublished":"2024-11-18T16:47:25+00:00","dateModified":"2024-11-19T08:40:02+00:00","description":"Mecanizado, Centro de mecanizado, Mecanizado aluminio, Mecanizado con arranque de viruta, Mecanizado de prototipos, Mecanizado series cortas, Utillaje, Navarra","breadcrumb":{"@id":"https:\/\/www.ingenieriairadi.com\/de\/produkte\/werkzeuge\/#breadcrumb"},"inLanguage":"de","potentialAction":[{"@type":"ReadAction","target":["https:\/\/www.ingenieriairadi.com\/de\/produkte\/werkzeuge\/"]}]},{"@type":"BreadcrumbList","@id":"https:\/\/www.ingenieriairadi.com\/de\/produkte\/werkzeuge\/#breadcrumb","itemListElement":[{"@type":"ListItem","position":1,"name":"Portada","item":"https:\/\/www.ingenieriairadi.com\/de\/"},{"@type":"ListItem","position":2,"name":"Produkte","item":"https:\/\/www.ingenieriairadi.com\/de\/produkte\/bearbeitung\/"},{"@type":"ListItem","position":3,"name":"Werkzeuge"}]},{"@type":"WebSite","@id":"https:\/\/www.ingenieriairadi.com\/#website","url":"https:\/\/www.ingenieriairadi.com\/","name":"Ingenier\u00eda Iradi","description":"Technologische Pr\u00e4zisionsbearbeitung. ","publisher":{"@id":"https:\/\/www.ingenieriairadi.com\/#organization"},"potentialAction":[{"@type":"SearchAction","target":{"@type":"EntryPoint","urlTemplate":"https:\/\/www.ingenieriairadi.com\/?s={search_term_string}"},"query-input":{"@type":"PropertyValueSpecification","valueRequired":true,"valueName":"search_term_string"}}],"inLanguage":"de"},{"@type":"Organization","@id":"https:\/\/www.ingenieriairadi.com\/#organization","name":"Ingenier\u00eda Iradi","url":"https:\/\/www.ingenieriairadi.com\/","logo":{"@type":"ImageObject","inLanguage":"de","@id":"https:\/\/www.ingenieriairadi.com\/#\/schema\/logo\/image\/","url":"https:\/\/www.ingenieriairadi.com\/wp-content\/uploads\/2021\/10\/positivo_alta-copy1.png","contentUrl":"https:\/\/www.ingenieriairadi.com\/wp-content\/uploads\/2021\/10\/positivo_alta-copy1.png","width":140,"height":86,"caption":"Ingenier\u00eda Iradi"},"image":{"@id":"https:\/\/www.ingenieriairadi.com\/#\/schema\/logo\/image\/"}}]}},"_links":{"self":[{"href":"https:\/\/www.ingenieriairadi.com\/de\/wp-json\/wp\/v2\/pages\/1985","targetHints":{"allow":["GET"]}}],"collection":[{"href":"https:\/\/www.ingenieriairadi.com\/de\/wp-json\/wp\/v2\/pages"}],"about":[{"href":"https:\/\/www.ingenieriairadi.com\/de\/wp-json\/wp\/v2\/types\/page"}],"author":[{"embeddable":true,"href":"https:\/\/www.ingenieriairadi.com\/de\/wp-json\/wp\/v2\/users\/1"}],"replies":[{"embeddable":true,"href":"https:\/\/www.ingenieriairadi.com\/de\/wp-json\/wp\/v2\/comments?post=1985"}],"version-history":[{"count":3,"href":"https:\/\/www.ingenieriairadi.com\/de\/wp-json\/wp\/v2\/pages\/1985\/revisions"}],"predecessor-version":[{"id":1992,"href":"https:\/\/www.ingenieriairadi.com\/de\/wp-json\/wp\/v2\/pages\/1985\/revisions\/1992"}],"up":[{"embeddable":true,"href":"https:\/\/www.ingenieriairadi.com\/de\/wp-json\/wp\/v2\/pages\/1469"}],"wp:attachment":[{"href":"https:\/\/www.ingenieriairadi.com\/de\/wp-json\/wp\/v2\/media?parent=1985"}],"curies":[{"name":"wp","href":"https:\/\/api.w.org\/{rel}","templated":true}]}}