{"id":1463,"date":"2021-06-07T09:50:45","date_gmt":"2021-06-07T09:50:45","guid":{"rendered":"http:\/\/ingenieriairadi.vl21994.dinaserver.com\/politica-privacidad\/"},"modified":"2023-01-12T10:33:27","modified_gmt":"2023-01-12T08:33:27","slug":"datenschutz-bestimmungen","status":"publish","type":"page","link":"https:\/\/www.ingenieriairadi.com\/de\/datenschutz-bestimmungen\/","title":{"rendered":"Datenschutz-Bestimmungen"},"content":{"rendered":"<p>[vc_row][vc_column][vc_column_text]<\/p>\n<ol>\n<li><strong> Verantwortlicher<\/strong>Bezeichnung: INGENIERIA IRADI, S.L. Postanschrift: Pol. Ind. Ibarrea Pabell\u00f3n 14,15 \u2013 31800 \u2013 Alsasua (Navarra) Telefon: 948 56 48 61 E-Mail: info@ingenieriairadi.es<\/li>\n<\/ol>\n<p>&nbsp;<\/p>\n<ol start=\"2\">\n<li><strong> Zweck<\/strong>Ihre Daten werden zu den folgenden Zwecken verarbeitet:<\/li>\n<\/ol>\n<ul>\n<li>Verwaltung der Gesch\u00e4ftsbeziehung: Erbringung der Dienstleistungen des Unternehmens, Erstellung von Kostenvoranschl\u00e4gen, Beantwortung Ihrer Anfragen oder Informationsersuchen usw.<\/li>\n<li>Werbung f\u00fcr die Dienstleistungen des Unternehmens per E-Mail oder Post.<\/li>\n<li>Antwort auf Mitteilungen, die \u00fcber das Web-Formular gesendet werden.<\/li>\n<\/ul>\n<p>Die zur Verf\u00fcgung gestellten personenbezogenen Daten werden so lange aufbewahrt, wie sie f\u00fcr die Abwicklung der Dienstleistung erforderlich sind, und in jedem Fall f\u00fcr den Zeitraum, der in den geltenden Rechtsvorschriften \u00fcber die Verj\u00e4hrung von Haftungsverpflichtungen vorgesehen ist.<\/p>\n<p>&nbsp;<\/p>\n<ol start=\"3\">\n<li><strong> Rechtsgrundlage f\u00fcr die Verarbeitung Ihrer personenbezogenen Daten<\/strong>Je nach Zweck der Verarbeitung Ihrer Daten st\u00fctzt sich INGENIERIA IRADI auf unterschiedliche Rechtsgrundlagen:<\/li>\n<\/ol>\n<ul>\n<li>Einwilligung des Betroffenen (Art. 6 Abs. 1 a EU-Verordnung 2016\/679): f\u00fcr die Beantwortung von Mitteilungen, die \u00fcber das Webformular gesendet werden, sowie von Informationsanfragen und die Erstellung von Kostenvoranschl\u00e4gen.<\/li>\n<li>Ausf\u00fchrung des Vertrags, an dem der Betroffene beteiligt ist (Art. 6 Abs.1 b der EU-Verordnung 2016\/679): f\u00fcr die Abwicklung der Erbringung von Dienstleistungen, die sich aus der Gesch\u00e4ftsbeziehung ergeben.<\/li>\n<li>Berechtigtes Interesse des Unternehmens (Art. 19 des Datenschutzgesetzes und Art. 6 Abs. 1 f der EU-Verordnung 2016\/679): f\u00fcr die Verarbeitung von Kontaktdaten, Funktionen oder Positionen, die nat\u00fcrliche Personen innehaben, die Dienstleistungen in einer juristischen Person erbringen, f\u00fcr die INGENIERIA IRADI Dienstleistungen erbringt, sowie f\u00fcr die Werbung f\u00fcr die Dienstleistungen des Unternehmens.<\/li>\n<\/ul>\n<p>&nbsp;<\/p>\n<ol start=\"4\">\n<li><strong> Wer kann auf Ihre pers\u00f6nlichen Daten zugreifen?<\/strong>Je nach den Zwecken, f\u00fcr die personenbezogene Daten erhoben werden, k\u00f6nnen auf diese Daten folgende Personen gleicherma\u00dfen zugreifen:<\/li>\n<\/ol>\n<ul>\n<li>Befugte Mitarbeiter von INGENIERIA IRADI unter Einhaltung der geltenden Datenschutzgesetze.<\/li>\n<li>Amtliche Stellen oder Dritte in \u00dcbereinstimmung mit den geltenden Rechtsvorschriften: Unternehmensberatung (Arbeits-, Steuer-, Buchhaltungs- und Rechtsberatung), Steuerbeh\u00f6rden, Banken, Sparkassen und Landwirtschaftsbanken, soweit dies f\u00fcr die Erf\u00fcllung des Zwecks, f\u00fcr den die personenbezogenen Daten erhoben werden, erforderlich ist.<\/li>\n<\/ul>\n<p>Alle von Dritten angebotenen Hilfsprogramme sind f\u00fcr die Durchf\u00fchrung unserer Dienstleistungen unbedingt erforderlich und wurden auf der Grundlage ihrer F\u00e4higkeit ausgew\u00e4hlt, die Datenschutz-Grundverordnung (DSGVO ) und andere geltende Rechtsvorschriften einzuhalten, wobei die gesetzlich vorgeschriebenen Vertr\u00e4ge unterzeichnet wurden. Im Hinblick auf die grenz\u00fcberschreitende \u00dcbermittlung Ihrer personenbezogenen Daten nutzen wir den E-Mail-Dienst Office 365 der MICROSOFT CORPORATION, die Mitglied des EU-U.S. Privacy Shield Framework-Abkommens ist, das die Einhaltung der europ\u00e4ischen Datenschutzvorschriften beim Datenaustausch mit den Vereinigten Staaten garantiert.<\/p>\n<p>&nbsp;<\/p>\n<ol start=\"5\">\n<li><strong> Rechte<\/strong>In Bezug auf Ihre personenbezogenen Daten k\u00f6nnen Sie jederzeit und unter den in der EU-Verordnung 2016\/679 und der Datenschutz-Grundverordnung festgelegten Bedingungen die folgenden Rechte aus\u00fcben:<\/li>\n<\/ol>\n<ul>\n<li>Das Recht auf Auskunft \u00fcber die personenbezogenen Daten des Betroffenen.<\/li>\n<li>Das Recht, die Berichtigung oder L\u00f6schung der Daten zu verlangen.<\/li>\n<li>Das Recht, die Beschr\u00e4nkung der Verarbeitung zu verlangen.<\/li>\n<li>Das Recht auf Widerspruch gegen die Verarbeitung.<\/li>\n<li>Das Recht auf Daten\u00fcbertragbarkeit.<\/li>\n<\/ul>\n<p>Sie k\u00f6nnen diese Rechte aus\u00fcben, indem Sie dieses Formular elektronisch an info@ingenieriairadi.es oder per Post an die im ersten Absatz genannte Adresse senden. Sie haben auch das Recht, <strong>Ihre Zustimmung jederzeit zu widerrufen<\/strong>. Der Widerruf der Zustimmung hat keinen Einfluss auf die Rechtm\u00e4\u00dfigkeit der vor dem Widerruf erfolgten Verarbeitung. Sie haben auch das Recht, bei der spanischen Datenschutzbeh\u00f6rde eine Beschwerde einzureichen, wenn Sie der Ansicht sind, dass Ihre Rechte in Bezug auf den Schutz Ihrer personenbezogenen Daten verletzt wurden. Weitere Einzelheiten finden Sie auf der Website \u00a0<a href=\"https:\/\/www.agpd.es\/\">https:\/\/www.agpd.es<\/a>[\/vc_column_text][\/vc_column][\/vc_row]<\/p>\n","protected":false},"excerpt":{"rendered":"<p>[vc_row][vc_column][vc_column_text] VerantwortlicherBezeichnung: INGENIERIA IRADI, S.L. Postanschrift: Pol. Ind. Ibarrea Pabell\u00f3n 14,15 \u2013 31800 \u2013 Alsasua (Navarra) Telefon: 948 56 48 61 E-Mail: info@ingenieriairadi.es &nbsp; ZweckIhre Daten werden zu den folgenden Zwecken verarbeitet: Verwaltung der Gesch\u00e4ftsbeziehung: Erbringung der Dienstleistungen des Unternehmens, Erstellung von Kostenvoranschl\u00e4gen, Beantwortung Ihrer Anfragen oder Informationsersuchen usw. Werbung f\u00fcr die Dienstleistungen des Unternehmens<\/p>\n","protected":false},"author":1,"featured_media":0,"parent":0,"menu_order":0,"comment_status":"closed","ping_status":"open","template":"","meta":{"_monsterinsights_skip_tracking":false,"_monsterinsights_sitenote_active":false,"_monsterinsights_sitenote_note":"","_monsterinsights_sitenote_category":0,"footnotes":"","_links_to":"","_links_to_target":""},"class_list":["post-1463","page","type-page","status-publish","hentry"],"yoast_head":"<!-- This site is optimized with the Yoast SEO plugin v27.4 - https:\/\/yoast.com\/product\/yoast-seo-wordpress\/ -->\n<title>Datenschutz-Bestimmungen - Mecanizado,Utillaje,Navarra<\/title>\n<meta name=\"description\" content=\"CNC-Fr\u00e4steile Spanien, CNC-bearbeitung Spanien, Drehen und fr\u00e4sen Spanien\" \/>\n<meta name=\"robots\" content=\"index, follow, max-snippet:-1, max-image-preview:large, max-video-preview:-1\" \/>\n<link rel=\"canonical\" href=\"https:\/\/www.ingenieriairadi.com\/de\/datenschutz-bestimmungen\/\" \/>\n<meta property=\"og:locale\" content=\"de_DE\" \/>\n<meta property=\"og:type\" content=\"article\" \/>\n<meta property=\"og:title\" content=\"Datenschutz-Bestimmungen - Mecanizado,Utillaje,Navarra\" \/>\n<meta property=\"og:description\" content=\"CNC-Fr\u00e4steile Spanien, CNC-bearbeitung Spanien, Drehen und fr\u00e4sen Spanien\" \/>\n<meta property=\"og:url\" content=\"https:\/\/www.ingenieriairadi.com\/de\/datenschutz-bestimmungen\/\" \/>\n<meta property=\"og:site_name\" content=\"Mecanizado,Utillaje,Navarra\" \/>\n<meta property=\"article:modified_time\" content=\"2023-01-12T08:33:27+00:00\" \/>\n<meta name=\"twitter:card\" content=\"summary_large_image\" \/>\n<meta name=\"twitter:label1\" content=\"Gesch\u00e4tzte Lesezeit\" \/>\n\t<meta name=\"twitter:data1\" content=\"3\u00a0Minuten\" \/>\n<script type=\"application\/ld+json\" class=\"yoast-schema-graph\">{\"@context\":\"https:\\\/\\\/schema.org\",\"@graph\":[{\"@type\":\"WebPage\",\"@id\":\"https:\\\/\\\/www.ingenieriairadi.com\\\/de\\\/datenschutz-bestimmungen\\\/\",\"url\":\"https:\\\/\\\/www.ingenieriairadi.com\\\/de\\\/datenschutz-bestimmungen\\\/\",\"name\":\"Datenschutz-Bestimmungen - Mecanizado,Utillaje,Navarra\",\"isPartOf\":{\"@id\":\"https:\\\/\\\/www.ingenieriairadi.com\\\/#website\"},\"datePublished\":\"2021-06-07T09:50:45+00:00\",\"dateModified\":\"2023-01-12T08:33:27+00:00\",\"description\":\"CNC-Fr\u00e4steile Spanien, CNC-bearbeitung Spanien, Drehen und fr\u00e4sen Spanien\",\"breadcrumb\":{\"@id\":\"https:\\\/\\\/www.ingenieriairadi.com\\\/de\\\/datenschutz-bestimmungen\\\/#breadcrumb\"},\"inLanguage\":\"de\",\"potentialAction\":[{\"@type\":\"ReadAction\",\"target\":[\"https:\\\/\\\/www.ingenieriairadi.com\\\/de\\\/datenschutz-bestimmungen\\\/\"]}]},{\"@type\":\"BreadcrumbList\",\"@id\":\"https:\\\/\\\/www.ingenieriairadi.com\\\/de\\\/datenschutz-bestimmungen\\\/#breadcrumb\",\"itemListElement\":[{\"@type\":\"ListItem\",\"position\":1,\"name\":\"Portada\",\"item\":\"https:\\\/\\\/www.ingenieriairadi.com\\\/de\\\/\"},{\"@type\":\"ListItem\",\"position\":2,\"name\":\"Datenschutz-Bestimmungen\"}]},{\"@type\":\"WebSite\",\"@id\":\"https:\\\/\\\/www.ingenieriairadi.com\\\/#website\",\"url\":\"https:\\\/\\\/www.ingenieriairadi.com\\\/\",\"name\":\"Ingenier\u00eda Iradi\",\"description\":\"Technologische Pr\u00e4zisionsbearbeitung. \",\"publisher\":{\"@id\":\"https:\\\/\\\/www.ingenieriairadi.com\\\/#organization\"},\"potentialAction\":[{\"@type\":\"SearchAction\",\"target\":{\"@type\":\"EntryPoint\",\"urlTemplate\":\"https:\\\/\\\/www.ingenieriairadi.com\\\/?s={search_term_string}\"},\"query-input\":{\"@type\":\"PropertyValueSpecification\",\"valueRequired\":true,\"valueName\":\"search_term_string\"}}],\"inLanguage\":\"de\"},{\"@type\":\"Organization\",\"@id\":\"https:\\\/\\\/www.ingenieriairadi.com\\\/#organization\",\"name\":\"Ingenier\u00eda Iradi\",\"url\":\"https:\\\/\\\/www.ingenieriairadi.com\\\/\",\"logo\":{\"@type\":\"ImageObject\",\"inLanguage\":\"de\",\"@id\":\"https:\\\/\\\/www.ingenieriairadi.com\\\/#\\\/schema\\\/logo\\\/image\\\/\",\"url\":\"https:\\\/\\\/www.ingenieriairadi.com\\\/wp-content\\\/uploads\\\/2021\\\/10\\\/positivo_alta-copy1.png\",\"contentUrl\":\"https:\\\/\\\/www.ingenieriairadi.com\\\/wp-content\\\/uploads\\\/2021\\\/10\\\/positivo_alta-copy1.png\",\"width\":140,\"height\":86,\"caption\":\"Ingenier\u00eda Iradi\"},\"image\":{\"@id\":\"https:\\\/\\\/www.ingenieriairadi.com\\\/#\\\/schema\\\/logo\\\/image\\\/\"}}]}<\/script>\n<!-- \/ Yoast SEO plugin. -->","yoast_head_json":{"title":"Datenschutz-Bestimmungen - Mecanizado,Utillaje,Navarra","description":"CNC-Fr\u00e4steile Spanien, CNC-bearbeitung Spanien, Drehen und fr\u00e4sen Spanien","robots":{"index":"index","follow":"follow","max-snippet":"max-snippet:-1","max-image-preview":"max-image-preview:large","max-video-preview":"max-video-preview:-1"},"canonical":"https:\/\/www.ingenieriairadi.com\/de\/datenschutz-bestimmungen\/","og_locale":"de_DE","og_type":"article","og_title":"Datenschutz-Bestimmungen - Mecanizado,Utillaje,Navarra","og_description":"CNC-Fr\u00e4steile Spanien, CNC-bearbeitung Spanien, Drehen und fr\u00e4sen Spanien","og_url":"https:\/\/www.ingenieriairadi.com\/de\/datenschutz-bestimmungen\/","og_site_name":"Mecanizado,Utillaje,Navarra","article_modified_time":"2023-01-12T08:33:27+00:00","twitter_card":"summary_large_image","twitter_misc":{"Gesch\u00e4tzte Lesezeit":"3\u00a0Minuten"},"schema":{"@context":"https:\/\/schema.org","@graph":[{"@type":"WebPage","@id":"https:\/\/www.ingenieriairadi.com\/de\/datenschutz-bestimmungen\/","url":"https:\/\/www.ingenieriairadi.com\/de\/datenschutz-bestimmungen\/","name":"Datenschutz-Bestimmungen - Mecanizado,Utillaje,Navarra","isPartOf":{"@id":"https:\/\/www.ingenieriairadi.com\/#website"},"datePublished":"2021-06-07T09:50:45+00:00","dateModified":"2023-01-12T08:33:27+00:00","description":"CNC-Fr\u00e4steile Spanien, CNC-bearbeitung Spanien, Drehen und fr\u00e4sen Spanien","breadcrumb":{"@id":"https:\/\/www.ingenieriairadi.com\/de\/datenschutz-bestimmungen\/#breadcrumb"},"inLanguage":"de","potentialAction":[{"@type":"ReadAction","target":["https:\/\/www.ingenieriairadi.com\/de\/datenschutz-bestimmungen\/"]}]},{"@type":"BreadcrumbList","@id":"https:\/\/www.ingenieriairadi.com\/de\/datenschutz-bestimmungen\/#breadcrumb","itemListElement":[{"@type":"ListItem","position":1,"name":"Portada","item":"https:\/\/www.ingenieriairadi.com\/de\/"},{"@type":"ListItem","position":2,"name":"Datenschutz-Bestimmungen"}]},{"@type":"WebSite","@id":"https:\/\/www.ingenieriairadi.com\/#website","url":"https:\/\/www.ingenieriairadi.com\/","name":"Ingenier\u00eda Iradi","description":"Technologische Pr\u00e4zisionsbearbeitung. ","publisher":{"@id":"https:\/\/www.ingenieriairadi.com\/#organization"},"potentialAction":[{"@type":"SearchAction","target":{"@type":"EntryPoint","urlTemplate":"https:\/\/www.ingenieriairadi.com\/?s={search_term_string}"},"query-input":{"@type":"PropertyValueSpecification","valueRequired":true,"valueName":"search_term_string"}}],"inLanguage":"de"},{"@type":"Organization","@id":"https:\/\/www.ingenieriairadi.com\/#organization","name":"Ingenier\u00eda Iradi","url":"https:\/\/www.ingenieriairadi.com\/","logo":{"@type":"ImageObject","inLanguage":"de","@id":"https:\/\/www.ingenieriairadi.com\/#\/schema\/logo\/image\/","url":"https:\/\/www.ingenieriairadi.com\/wp-content\/uploads\/2021\/10\/positivo_alta-copy1.png","contentUrl":"https:\/\/www.ingenieriairadi.com\/wp-content\/uploads\/2021\/10\/positivo_alta-copy1.png","width":140,"height":86,"caption":"Ingenier\u00eda Iradi"},"image":{"@id":"https:\/\/www.ingenieriairadi.com\/#\/schema\/logo\/image\/"}}]}},"_links":{"self":[{"href":"https:\/\/www.ingenieriairadi.com\/de\/wp-json\/wp\/v2\/pages\/1463","targetHints":{"allow":["GET"]}}],"collection":[{"href":"https:\/\/www.ingenieriairadi.com\/de\/wp-json\/wp\/v2\/pages"}],"about":[{"href":"https:\/\/www.ingenieriairadi.com\/de\/wp-json\/wp\/v2\/types\/page"}],"author":[{"embeddable":true,"href":"https:\/\/www.ingenieriairadi.com\/de\/wp-json\/wp\/v2\/users\/1"}],"replies":[{"embeddable":true,"href":"https:\/\/www.ingenieriairadi.com\/de\/wp-json\/wp\/v2\/comments?post=1463"}],"version-history":[{"count":0,"href":"https:\/\/www.ingenieriairadi.com\/de\/wp-json\/wp\/v2\/pages\/1463\/revisions"}],"wp:attachment":[{"href":"https:\/\/www.ingenieriairadi.com\/de\/wp-json\/wp\/v2\/media?parent=1463"}],"curies":[{"name":"wp","href":"https:\/\/api.w.org\/{rel}","templated":true}]}}