{"id":1457,"date":"2021-10-20T11:42:57","date_gmt":"2021-10-20T11:42:57","guid":{"rendered":"http:\/\/ingenieriairadi.vl21994.dinaserver.com\/maquinaria\/"},"modified":"2024-11-19T10:33:07","modified_gmt":"2024-11-19T08:33:07","slug":"maschinen","status":"publish","type":"page","link":"https:\/\/www.ingenieriairadi.com\/de\/maschinen\/","title":{"rendered":"Maschinen"},"content":{"rendered":"<p>[vc_row][vc_column][vc_column_text]Zu unserem technologischen und professionellen Wert kommt die fortschrittliche Konfiguration unseres Maschinenparks hinzu, der st\u00e4ndig weiterentwickelt wird und neue Technologien beinhaltet, was uns die Ausf\u00fchrung sehr exklusiver Arbeiten erm\u00f6glicht. <strong>Wir k\u00f6nnen 3-, 4- und 5-Achsbearbeitungen durchf\u00fchren und das Werkst\u00fcck in nur einer einzigen Aufspannung befestigen.<\/strong>[\/vc_column_text][vc_empty_space height=&#8220;50px&#8220;][\/vc_column][\/vc_row][vc_row equal_height=&#8220;yes&#8220;][vc_column width=&#8220;1\/3&#8243;][vc_single_image image=&#8220;949&#8243; img_size=&#8220;full&#8220;][vc_empty_space][vc_column_text css=&#8220;.vc_custom_1635342378778{margin-bottom: 20px !important;}&#8220;]<\/p>\n<h4><strong>5-Achs-Bearbeitungszentrum DMU65 Monoblock mit Palettenlader EROWA ROBOT EASY 250<\/strong><\/h4>\n<p>[\/vc_column_text][vc_column_text]\u2022 Kontinuierliche 5-Achsbearbeitung<br \/>\n\u2022 735x650x560<br \/>\n\u2022 18000 U\/min<br \/>\n\u2022 HSK63<br \/>\n\u2022 Magazin f\u00fcr 60 Werkzeuge<br \/>\n\u2022 Mit Renishaw-Messtaster<br \/>\n\u2022 Siemens-Steuerung<br \/>\n\u2022 NX CAM<br \/>\n[\/vc_column_text][\/vc_column][vc_column width=&#8220;1\/3&#8243;][vc_single_image image=&#8220;1801&#8243; img_size=&#8220;full&#8220;][vc_empty_space][vc_custom_heading text=&#8220;Horizontal-Bearbeitungszentrum Mori Seiki HNX5500&#8243; font_container=&#8220;tag:h5|font_size:18px|text_align:left|color:%23019fc4&#8243; google_fonts=&#8220;font_family:Roboto%20Condensed%3A300%2C300italic%2Cregular%2Citalic%2C700%2C700italic|font_style:700%20bold%20regular%3A700%3Anormal&#8220;][vc_column_text]\u2022 X 800 mm<br \/>\n\u2022 Y 800 mm<br \/>\n\u2022 Z 880 mm<br \/>\n\u2022 Maximallast Werktisch 700 kg<br \/>\n\u2022 Tischl\u00e4nge 500 mm<br \/>\n\u2022 Tischbreite 500 mm<br \/>\n[\/vc_column_text][\/vc_column][vc_column width=&#8220;1\/3&#8243;][vc_single_image image=&#8220;1720&#8243; img_size=&#8220;full&#8220;][vc_empty_space][vc_column_text css=&#8220;.vc_custom_1662706413648{margin-bottom: 50px !important;}&#8220;]<\/p>\n<h4><strong>Bearbeitungszentrum GENOS M660-V-e<\/strong><\/h4>\n<p>[\/vc_column_text][vc_column_text]\u2022 1,530 x 660 Tischgr\u00f6\u00dfe<\/p>\n<p>\u2022 X: 1,500<\/p>\n<p>\u2022 Y: 660<\/p>\n<p>\u2022 Z: 660<\/p>\n<p>\u2022 12,000, [15,000] rpm<\/p>\n<p>\u2022 32 Anzahl Werkzeuge<\/p>\n<p>\u2022 22\/18,5 Moteur[\/vc_column_text][\/vc_column][\/vc_row][vc_row][vc_column][vc_empty_space height=&#8220;100px&#8220;][\/vc_column][\/vc_row][vc_row equal_height=&#8220;yes&#8220;][vc_column width=&#8220;1\/3&#8243;][vc_single_image image=&#8220;1797&#8243; img_size=&#8220;full&#8220;][vc_empty_space][vc_column_text css=&#8220;.vc_custom_1635342445530{margin-bottom: 20px !important;}&#8220;]<\/p>\n<h4><strong>Drehmaschine Mori Seiki NLX2500Y\/700<\/strong><\/h4>\n<p>[\/vc_column_text][vc_column_text]\u2022 Y-Achse +-50mm 10.000 U\/min<br \/>\n\u2022 4000 U\/min<br \/>\n\u2022 Revolver mit 12 Positionen<br \/>\n\u2022 Mit NX-CAM-System f\u00fcr komplexe Geometrien<br \/>\n\u2022 18,5 kW<br \/>\n\u2022 700 x 300 x 700 mm[\/vc_column_text][\/vc_column][vc_column width=&#8220;1\/3&#8243;][vc_single_image image=&#8220;1795&#8243; img_size=&#8220;full&#8220;][vc_empty_space][vc_column_text css=&#8220;.vc_custom_1635342465593{margin-bottom: 50px !important;}&#8220;]<\/p>\n<h4><strong>2 Fr\u00e4smaschinen Correa CF17<\/strong><\/h4>\n<p>[\/vc_column_text][vc_column_text]\u2022 2000 x 800 x 800<br \/>\n\u2022 Heidenhain-Steuerung<br \/>\n\u2022 ISO-50-Spindelaufnahme<br \/>\n\u2022 Mit NX CAM<br \/>\n[\/vc_column_text][\/vc_column][vc_column width=&#8220;1\/3&#8243;][vc_single_image image=&#8220;1799&#8243; img_size=&#8220;full&#8220;][vc_empty_space][vc_column_text css=&#8220;.vc_custom_1665046444877{margin-bottom: 50px !important;}&#8220;]<\/p>\n<h4><strong>Bearbeitungszentrum Mazak VTC300C<\/strong><\/h4>\n<p>[\/vc_column_text][vc_column_text]\u2022 1700x700x700 mit Palettentrennwand<br \/>\n\u2022 12000 U\/min<br \/>\n\u2022 Innenk\u00fchlung<br \/>\n\u2022 Magazin f\u00fcr 30 Werkzeuge<br \/>\n\u2022 Mit Renishaw Zentrier- und Messtaster[\/vc_column_text][\/vc_column][\/vc_row][vc_row][vc_column][vc_empty_space height=&#8220;100px&#8220;][\/vc_column][\/vc_row][vc_row equal_height=&#8220;yes&#8220;][vc_column width=&#8220;1\/3&#8243;][vc_single_image image=&#8220;1791&#8243; img_size=&#8220;full&#8220;][vc_empty_space][vc_column_text css=&#8220;.vc_custom_1635342518497{margin-bottom: 20px !important;}&#8220;]<\/p>\n<h4><strong>FMB-Stangenlademagazin<\/strong><\/h4>\n<p>[\/vc_column_text][vc_column_text]\u2022 Stangendurchmesser 8 &#8211; 80 mm<br \/>\n\u2022 Stangenl\u00e4nge bis 3000 mm<br \/>\n[\/vc_column_text][\/vc_column][vc_column width=&#8220;1\/3&#8243;][vc_single_image image=&#8220;1789&#8243; img_size=&#8220;full&#8220;][vc_empty_space][vc_column_text css=&#8220;.vc_custom_1635342540105{margin-bottom: 50px !important;}&#8220;]<\/p>\n<h4><strong>3D-MESSMASCHINE DEA MISTRAL 750x750x500mm<\/strong><\/h4>\n<p>[\/vc_column_text][vc_column_text]Die Maschine hat einen Messbereich von 700 x 700 x 500, unterliegt einem strengen Kalibrierungsplan und befindet sich zur Gew\u00e4hrleistung der R\u00fcckverfolgbarkeit isoliert in einem Raum mit klimatisierter Fertigungsumgebung (Temperatur und Feuchtigkeit).[\/vc_column_text][\/vc_column][vc_column width=&#8220;1\/3&#8243;][vc_single_image image=&#8220;1793&#8243; img_size=&#8220;full&#8220;][vc_empty_space][vc_column_text css=&#8220;.vc_custom_1635342486577{margin-bottom: 50px !important;}&#8220;]<\/p>\n<h4><strong>Nutenziehmaschine MEC 70 CNC <\/strong><\/h4>\n<p>[\/vc_column_text][vc_column_text]Dank der Automatik der MEC 70 CNC k\u00f6nnen Werkst\u00fccke mit bis zu 340 mm H\u00f6he \u00fcber einen Touchscreen ganz einfach hergestellt werden.<br \/>\nMit ihrem 2-PS-Servomotor arbeitet sie mit Nutenbreiten von 3 bis 100 mm.<\/p>\n<p>Der CNC-Schnittvorschub bietet die M\u00f6glichkeit, gerade und konische Nuten sowie Sacklochbohrungen auszuf\u00fchren.[\/vc_column_text][\/vc_column][\/vc_row][vc_row][vc_column][vc_empty_space height=&#8220;100px&#8220;][\/vc_column][\/vc_row][vc_row equal_height=&#8220;yes&#8220;][vc_column width=&#8220;1\/3&#8243;][vc_single_image image=&#8220;1785&#8243; img_size=&#8220;full&#8220;][vc_empty_space][vc_column_text css=&#8220;.vc_custom_1635342571912{margin-bottom: 20px !important;}&#8220;]<\/p>\n<h4><strong>Werkzeug-Voreinstellung<\/strong><\/h4>\n<p>[\/vc_column_text][\/vc_column][vc_column width=&#8220;1\/3&#8243;][vc_single_image image=&#8220;1787&#8243; img_size=&#8220;full&#8220;][vc_empty_space][vc_column_text css=&#8220;.vc_custom_1635342560585{margin-bottom: 50px !important;}&#8220;]<\/p>\n<h4><strong>Schrumpfschlauchmaschine<\/strong><\/h4>\n<p>[\/vc_column_text][\/vc_column][vc_column width=&#8220;1\/3&#8243;][vc_empty_space][vc_column_text css=&#8220;.vc_custom_1635342583112{margin-bottom: 50px !important;}&#8220;]<\/p>\n<h4><strong>Hilfsmaschinen<\/strong><\/h4>\n<p>[\/vc_column_text][vc_column_text]\u2022 Manuelle Drehmaschine<br \/>\n\u2022 St\u00e4nderbohrmaschinen<br \/>\n\u2022 Presse<br \/>\n[\/vc_column_text][\/vc_column][\/vc_row][vc_row][vc_column][vc_empty_space height=&#8220;100px&#8220;][\/vc_column][\/vc_row][vc_row equal_height=&#8220;yes&#8220;][vc_column width=&#8220;1\/3&#8243;][vc_single_image image=&#8220;1890&#8243; img_size=&#8220;full&#8220;][vc_empty_space][vc_column_text css=&#8220;.vc_custom_1732005138520{margin-bottom: 20px !important;}&#8220;]<\/p>\n<h4><strong>Rollgewindemaschine IZPE 300 H.<\/strong><\/h4>\n<p>[\/vc_column_text][vc_column_text]\u2022 Min.-Max.-Durchmesser: 5-40 mm[\/vc_column_text][\/vc_column][vc_column width=&#8220;1\/3&#8243;][vc_single_image image=&#8220;1909&#8243; img_size=&#8220;full&#8220;][vc_empty_space][vc_column_text css=&#8220;.vc_custom_1732005166451{margin-bottom: 50px !important;}&#8220;]<\/p>\n<h4><strong>Horizontale hydraulische Abkantpresse PP200CNC<\/strong><\/h4>\n<p>[\/vc_column_text][vc_column_text]\u2022 Arbeitskraft: 20 Tonnen (200 kN)<br \/>\n\u2022 Arbeitsgeschwindigkeit: 9,8 mm\/s<br \/>\n\u2022 R\u00fccklaufgeschwindigkeit: 35 mm\/s<br \/>\n\u2022 Max. Hub: 245 mm<br \/>\n\u2022 Wiederholgenauigkeit: 0,05 mm[\/vc_column_text][\/vc_column][\/vc_row][vc_row][vc_column][vc_empty_space height=&#8220;100px&#8220;][\/vc_column][\/vc_row]<\/p>\n","protected":false},"excerpt":{"rendered":"<p>[vc_row][vc_column][vc_column_text]Zu unserem technologischen und professionellen Wert kommt die fortschrittliche Konfiguration unseres Maschinenparks hinzu, der st\u00e4ndig weiterentwickelt wird und neue Technologien beinhaltet, was uns die Ausf\u00fchrung sehr exklusiver Arbeiten erm\u00f6glicht. Wir k\u00f6nnen 3-, 4- und 5-Achsbearbeitungen durchf\u00fchren und das Werkst\u00fcck in nur einer einzigen Aufspannung befestigen.[\/vc_column_text][vc_empty_space height=&#8220;50px&#8220;][\/vc_column][\/vc_row][vc_row equal_height=&#8220;yes&#8220;][vc_column width=&#8220;1\/3&#8243;][vc_single_image image=&#8220;949&#8243; img_size=&#8220;full&#8220;][vc_empty_space][vc_column_text css=&#8220;.vc_custom_1635342378778{margin-bottom: 20px !important;}&#8220;] 5-Achs-Bearbeitungszentrum DMU65<\/p>\n","protected":false},"author":1,"featured_media":0,"parent":0,"menu_order":0,"comment_status":"closed","ping_status":"closed","template":"","meta":{"_monsterinsights_skip_tracking":false,"_monsterinsights_sitenote_active":false,"_monsterinsights_sitenote_note":"","_monsterinsights_sitenote_category":0,"footnotes":"","_links_to":"","_links_to_target":""},"class_list":["post-1457","page","type-page","status-publish","hentry"],"yoast_head":"<!-- This site is optimized with the Yoast SEO plugin v27.4 - https:\/\/yoast.com\/product\/yoast-seo-wordpress\/ -->\n<title>Maschinen - Mecanizado,Utillaje,Navarra<\/title>\n<meta name=\"description\" content=\"CNC-Fr\u00e4steile Spanien, CNC-bearbeitung Spanien, Drehen und fr\u00e4sen Spanien\" \/>\n<meta name=\"robots\" content=\"index, follow, max-snippet:-1, max-image-preview:large, max-video-preview:-1\" \/>\n<link rel=\"canonical\" href=\"https:\/\/www.ingenieriairadi.com\/de\/maschinen\/\" \/>\n<meta property=\"og:locale\" content=\"de_DE\" \/>\n<meta property=\"og:type\" content=\"article\" \/>\n<meta property=\"og:title\" content=\"Maschinen - Mecanizado,Utillaje,Navarra\" \/>\n<meta property=\"og:description\" content=\"CNC-Fr\u00e4steile Spanien, CNC-bearbeitung Spanien, Drehen und fr\u00e4sen Spanien\" \/>\n<meta property=\"og:url\" content=\"https:\/\/www.ingenieriairadi.com\/de\/maschinen\/\" \/>\n<meta property=\"og:site_name\" content=\"Mecanizado,Utillaje,Navarra\" \/>\n<meta property=\"article:modified_time\" content=\"2024-11-19T08:33:07+00:00\" \/>\n<meta name=\"twitter:card\" content=\"summary_large_image\" \/>\n<meta name=\"twitter:label1\" content=\"Gesch\u00e4tzte Lesezeit\" \/>\n\t<meta name=\"twitter:data1\" content=\"4\u00a0Minuten\" \/>\n<script type=\"application\/ld+json\" class=\"yoast-schema-graph\">{\"@context\":\"https:\\\/\\\/schema.org\",\"@graph\":[{\"@type\":\"WebPage\",\"@id\":\"https:\\\/\\\/www.ingenieriairadi.com\\\/de\\\/maschinen\\\/\",\"url\":\"https:\\\/\\\/www.ingenieriairadi.com\\\/de\\\/maschinen\\\/\",\"name\":\"Maschinen - Mecanizado,Utillaje,Navarra\",\"isPartOf\":{\"@id\":\"https:\\\/\\\/www.ingenieriairadi.com\\\/#website\"},\"datePublished\":\"2021-10-20T11:42:57+00:00\",\"dateModified\":\"2024-11-19T08:33:07+00:00\",\"description\":\"CNC-Fr\u00e4steile Spanien, CNC-bearbeitung Spanien, Drehen und fr\u00e4sen Spanien\",\"breadcrumb\":{\"@id\":\"https:\\\/\\\/www.ingenieriairadi.com\\\/de\\\/maschinen\\\/#breadcrumb\"},\"inLanguage\":\"de\",\"potentialAction\":[{\"@type\":\"ReadAction\",\"target\":[\"https:\\\/\\\/www.ingenieriairadi.com\\\/de\\\/maschinen\\\/\"]}]},{\"@type\":\"BreadcrumbList\",\"@id\":\"https:\\\/\\\/www.ingenieriairadi.com\\\/de\\\/maschinen\\\/#breadcrumb\",\"itemListElement\":[{\"@type\":\"ListItem\",\"position\":1,\"name\":\"Portada\",\"item\":\"https:\\\/\\\/www.ingenieriairadi.com\\\/de\\\/\"},{\"@type\":\"ListItem\",\"position\":2,\"name\":\"Maschinen\"}]},{\"@type\":\"WebSite\",\"@id\":\"https:\\\/\\\/www.ingenieriairadi.com\\\/#website\",\"url\":\"https:\\\/\\\/www.ingenieriairadi.com\\\/\",\"name\":\"Ingenier\u00eda Iradi\",\"description\":\"Technologische Pr\u00e4zisionsbearbeitung. \",\"publisher\":{\"@id\":\"https:\\\/\\\/www.ingenieriairadi.com\\\/#organization\"},\"potentialAction\":[{\"@type\":\"SearchAction\",\"target\":{\"@type\":\"EntryPoint\",\"urlTemplate\":\"https:\\\/\\\/www.ingenieriairadi.com\\\/?s={search_term_string}\"},\"query-input\":{\"@type\":\"PropertyValueSpecification\",\"valueRequired\":true,\"valueName\":\"search_term_string\"}}],\"inLanguage\":\"de\"},{\"@type\":\"Organization\",\"@id\":\"https:\\\/\\\/www.ingenieriairadi.com\\\/#organization\",\"name\":\"Ingenier\u00eda Iradi\",\"url\":\"https:\\\/\\\/www.ingenieriairadi.com\\\/\",\"logo\":{\"@type\":\"ImageObject\",\"inLanguage\":\"de\",\"@id\":\"https:\\\/\\\/www.ingenieriairadi.com\\\/#\\\/schema\\\/logo\\\/image\\\/\",\"url\":\"https:\\\/\\\/www.ingenieriairadi.com\\\/wp-content\\\/uploads\\\/2021\\\/10\\\/positivo_alta-copy1.png\",\"contentUrl\":\"https:\\\/\\\/www.ingenieriairadi.com\\\/wp-content\\\/uploads\\\/2021\\\/10\\\/positivo_alta-copy1.png\",\"width\":140,\"height\":86,\"caption\":\"Ingenier\u00eda Iradi\"},\"image\":{\"@id\":\"https:\\\/\\\/www.ingenieriairadi.com\\\/#\\\/schema\\\/logo\\\/image\\\/\"}}]}<\/script>\n<!-- \/ Yoast SEO plugin. -->","yoast_head_json":{"title":"Maschinen - Mecanizado,Utillaje,Navarra","description":"CNC-Fr\u00e4steile Spanien, CNC-bearbeitung Spanien, Drehen und fr\u00e4sen Spanien","robots":{"index":"index","follow":"follow","max-snippet":"max-snippet:-1","max-image-preview":"max-image-preview:large","max-video-preview":"max-video-preview:-1"},"canonical":"https:\/\/www.ingenieriairadi.com\/de\/maschinen\/","og_locale":"de_DE","og_type":"article","og_title":"Maschinen - Mecanizado,Utillaje,Navarra","og_description":"CNC-Fr\u00e4steile Spanien, CNC-bearbeitung Spanien, Drehen und fr\u00e4sen Spanien","og_url":"https:\/\/www.ingenieriairadi.com\/de\/maschinen\/","og_site_name":"Mecanizado,Utillaje,Navarra","article_modified_time":"2024-11-19T08:33:07+00:00","twitter_card":"summary_large_image","twitter_misc":{"Gesch\u00e4tzte Lesezeit":"4\u00a0Minuten"},"schema":{"@context":"https:\/\/schema.org","@graph":[{"@type":"WebPage","@id":"https:\/\/www.ingenieriairadi.com\/de\/maschinen\/","url":"https:\/\/www.ingenieriairadi.com\/de\/maschinen\/","name":"Maschinen - Mecanizado,Utillaje,Navarra","isPartOf":{"@id":"https:\/\/www.ingenieriairadi.com\/#website"},"datePublished":"2021-10-20T11:42:57+00:00","dateModified":"2024-11-19T08:33:07+00:00","description":"CNC-Fr\u00e4steile Spanien, CNC-bearbeitung Spanien, Drehen und fr\u00e4sen Spanien","breadcrumb":{"@id":"https:\/\/www.ingenieriairadi.com\/de\/maschinen\/#breadcrumb"},"inLanguage":"de","potentialAction":[{"@type":"ReadAction","target":["https:\/\/www.ingenieriairadi.com\/de\/maschinen\/"]}]},{"@type":"BreadcrumbList","@id":"https:\/\/www.ingenieriairadi.com\/de\/maschinen\/#breadcrumb","itemListElement":[{"@type":"ListItem","position":1,"name":"Portada","item":"https:\/\/www.ingenieriairadi.com\/de\/"},{"@type":"ListItem","position":2,"name":"Maschinen"}]},{"@type":"WebSite","@id":"https:\/\/www.ingenieriairadi.com\/#website","url":"https:\/\/www.ingenieriairadi.com\/","name":"Ingenier\u00eda Iradi","description":"Technologische Pr\u00e4zisionsbearbeitung. ","publisher":{"@id":"https:\/\/www.ingenieriairadi.com\/#organization"},"potentialAction":[{"@type":"SearchAction","target":{"@type":"EntryPoint","urlTemplate":"https:\/\/www.ingenieriairadi.com\/?s={search_term_string}"},"query-input":{"@type":"PropertyValueSpecification","valueRequired":true,"valueName":"search_term_string"}}],"inLanguage":"de"},{"@type":"Organization","@id":"https:\/\/www.ingenieriairadi.com\/#organization","name":"Ingenier\u00eda Iradi","url":"https:\/\/www.ingenieriairadi.com\/","logo":{"@type":"ImageObject","inLanguage":"de","@id":"https:\/\/www.ingenieriairadi.com\/#\/schema\/logo\/image\/","url":"https:\/\/www.ingenieriairadi.com\/wp-content\/uploads\/2021\/10\/positivo_alta-copy1.png","contentUrl":"https:\/\/www.ingenieriairadi.com\/wp-content\/uploads\/2021\/10\/positivo_alta-copy1.png","width":140,"height":86,"caption":"Ingenier\u00eda Iradi"},"image":{"@id":"https:\/\/www.ingenieriairadi.com\/#\/schema\/logo\/image\/"}}]}},"_links":{"self":[{"href":"https:\/\/www.ingenieriairadi.com\/de\/wp-json\/wp\/v2\/pages\/1457","targetHints":{"allow":["GET"]}}],"collection":[{"href":"https:\/\/www.ingenieriairadi.com\/de\/wp-json\/wp\/v2\/pages"}],"about":[{"href":"https:\/\/www.ingenieriairadi.com\/de\/wp-json\/wp\/v2\/types\/page"}],"author":[{"embeddable":true,"href":"https:\/\/www.ingenieriairadi.com\/de\/wp-json\/wp\/v2\/users\/1"}],"replies":[{"embeddable":true,"href":"https:\/\/www.ingenieriairadi.com\/de\/wp-json\/wp\/v2\/comments?post=1457"}],"version-history":[{"count":2,"href":"https:\/\/www.ingenieriairadi.com\/de\/wp-json\/wp\/v2\/pages\/1457\/revisions"}],"predecessor-version":[{"id":1980,"href":"https:\/\/www.ingenieriairadi.com\/de\/wp-json\/wp\/v2\/pages\/1457\/revisions\/1980"}],"wp:attachment":[{"href":"https:\/\/www.ingenieriairadi.com\/de\/wp-json\/wp\/v2\/media?parent=1457"}],"curies":[{"name":"wp","href":"https:\/\/api.w.org\/{rel}","templated":true}]}}