{"id":1451,"date":"2016-11-22T07:57:40","date_gmt":"2016-11-22T07:57:40","guid":{"rendered":"http:\/\/ingenieriairadi.vl21994.dinaserver.com\/iradi\/"},"modified":"2024-11-20T11:47:21","modified_gmt":"2024-11-20T09:47:21","slug":"iradi-engineering","status":"publish","type":"page","link":"https:\/\/www.ingenieriairadi.com\/de\/iradi-engineering\/","title":{"rendered":"Iradi Engineering"},"content":{"rendered":"<p>[vc_row css=&#8220;.vc_custom_1635431728977{padding-top: 50px !important;}&#8220;][vc_column width=&#8220;1\/2&#8243;][vc_single_image image=&#8220;991&#8243; img_size=&#8220;full&#8220;][\/vc_column][vc_column width=&#8220;1\/2&#8243;][vc_custom_heading text=&#8220;Iradi Engineering&#8220; use_theme_fonts=&#8220;yes&#8220; css=&#8220;.vc_custom_1635409945934{padding-top: 50px !important;}&#8220;][vc_column_text css=&#8220;.vc_custom_1732096038923{padding-top: 20px !important;padding-right: 20px !important;padding-bottom: 20px !important;}&#8220;]<\/p>\n<div class=\"text\">\n<p>Wir sind ein Unternehmen aus dem spanischen Navarra mit mehr als 25 Jahren Erfahrung in der Pr\u00e4zisionsbearbeitung sowie in der Konstruktion, Entwicklung und Herstellung von Werkzeugen und Sondermaschinen.<\/p>\n<p>Unser Firmensitz befindet sich in Alsasua, 50 km von Vitoria und Pamplona entfernt. Bis zur franz\u00f6sischen Grenze in Ir\u00fan sind es nur 80 km.<\/p>\n<p>Die von Ingenieria Iradi durchgef\u00fchrten Projekte werden in ihrer Gesamtheit von unseren eigenen Fachleuten entwickelt.<\/p>\n<p>Wir verf\u00fcgen \u00fcber Werkstatteinrichtungen auf einer Fl\u00e4che von 1300m<sup>2<\/sup> und ein hochqualifiziertes, erfahrenes Fachteam.<\/p>\n<\/div>\n<p>[\/vc_column_text][\/vc_column][\/vc_row][vc_row][vc_column][vc_custom_heading text=&#8220;Belieferte Branchen:&#8220; use_theme_fonts=&#8220;yes&#8220; css=&#8220;.vc_custom_1635340804522{padding-top: 30px !important;padding-bottom: 20px !important;}&#8220;][\/vc_column][\/vc_row][vc_row][vc_column width=&#8220;1\/4&#8243;][vc_icon icon_fontawesome=&#8220;fas fa-charging-station&#8220; color=&#8220;custom&#8220; background_style=&#8220;rounded-less&#8220; size=&#8220;sm&#8220; align=&#8220;center&#8220; custom_color=&#8220;#019fc4&#8243;][vc_column_text]<\/p>\n<p style=\"text-align: center;\">Haushaltsger\u00e4te<\/p>\n<p>[\/vc_column_text][vc_empty_space height=&#8220;15px&#8220;][vc_icon icon_fontawesome=&#8220;fas fa-sun&#8220; color=&#8220;custom&#8220; background_style=&#8220;rounded-less&#8220; size=&#8220;sm&#8220; align=&#8220;center&#8220; custom_color=&#8220;#019fc4&#8243;][vc_column_text]<\/p>\n<p style=\"text-align: center;\">Erneuerbare Energien<\/p>\n<p>[\/vc_column_text][\/vc_column][vc_column width=&#8220;1\/4&#8243;][vc_icon icon_fontawesome=&#8220;fas fa-car-alt&#8220; color=&#8220;custom&#8220; background_style=&#8220;rounded-less&#8220; size=&#8220;sm&#8220; align=&#8220;center&#8220; custom_color=&#8220;#019fc4&#8243;][vc_column_text]<\/p>\n<p style=\"text-align: center;\">Automobilbau<\/p>\n<p>[\/vc_column_text][vc_empty_space height=&#8220;15px&#8220;][vc_icon icon_fontawesome=&#8220;fas fa-train&#8220; color=&#8220;custom&#8220; background_style=&#8220;rounded-less&#8220; size=&#8220;sm&#8220; align=&#8220;center&#8220; custom_color=&#8220;#019fc4&#8243;][vc_column_text]<\/p>\n<p style=\"text-align: center;\">Schienenverkehr<\/p>\n<p>[\/vc_column_text][\/vc_column][vc_column width=&#8220;1\/4&#8243;][vc_icon icon_fontawesome=&#8220;fas fa-industry&#8220; color=&#8220;custom&#8220; background_style=&#8220;boxed&#8220; size=&#8220;sm&#8220; align=&#8220;center&#8220; custom_color=&#8220;#019fc4&#8243;][vc_column_text]<\/p>\n<p style=\"text-align: center;\">Werkzeugmaschinen<\/p>\n<p>[\/vc_column_text][vc_empty_space height=&#8220;15px&#8220;][vc_icon icon_fontawesome=&#8220;fas fa-city&#8220; color=&#8220;custom&#8220; background_style=&#8220;rounded-less&#8220; size=&#8220;sm&#8220; align=&#8220;center&#8220; custom_color=&#8220;#019fc4&#8243;][vc_column_text]<\/p>\n<p style=\"text-align: center;\">Bauwesen<\/p>\n<p>[\/vc_column_text][\/vc_column][vc_column width=&#8220;1\/4&#8243;][vc_icon icon_fontawesome=&#8220;fas fa-ship&#8220; color=&#8220;custom&#8220; background_style=&#8220;rounded-less&#8220; size=&#8220;sm&#8220; align=&#8220;center&#8220; custom_color=&#8220;#019fc4&#8243;][vc_column_text]<\/p>\n<p style=\"text-align: center;\">Schiffbau<\/p>\n<p>[\/vc_column_text][vc_empty_space height=&#8220;15px&#8220;][vc_icon icon_fontawesome=&#8220;fas fa-clinic-medical&#8220; color=&#8220;custom&#8220; background_style=&#8220;rounded-less&#8220; size=&#8220;sm&#8220; align=&#8220;center&#8220; custom_color=&#8220;#019fc4&#8243;][vc_column_text]<\/p>\n<p style=\"text-align: center;\">Pharma<\/p>\n<p>[\/vc_column_text][\/vc_column][\/vc_row][vc_row][vc_column][vc_empty_space][\/vc_column][\/vc_row][vc_row full_width=&#8220;stretch_row_content_no_spaces&#8220;][vc_column][vc_gmaps link=&#8220;#E-8_JTNDaWZyYW1lJTIwc3JjJTNEJTIyaHR0cHMlM0ElMkYlMkZ3d3cuZ29vZ2xlLmNvbSUyRm1hcHMlMkZlbWJlZCUzRnBiJTNEJTIxMW0xOCUyMTFtMTIlMjExbTMlMjExZDE4Mjg4NTAuMzI0NDg4NzYzMiUyMTJkLTMuMTIyMTU5NDU5NzIxMTY0JTIxM2Q0Mi45OTYxNDA1NTA4NTU5MSUyMTJtMyUyMTFmMCUyMTJmMCUyMTNmMCUyMTNtMiUyMTFpMTAyNCUyMTJpNzY4JTIxNGYxMy4xJTIxM20zJTIxMW0yJTIxMXMweGQ1MDNmMTZiMWZlMWEyYiUyNTNBMHhlYTYxMTlhZTRmN2M3ZmZlJTIxMnNJbmdlbmllcmlhJTI1MjBJcmFkaSUyNTIwU0wlMjE1ZTAlMjEzbTIlMjExc2VzJTIxMnNlcyUyMTR2MTYzNTI0NjAzNTIxOCUyMTVtMiUyMTFzZXMlMjEyc2VzJTIyJTIwd2lkdGglM0QlMjI2MDAlMjIlMjBoZWlnaHQlM0QlMjI0NTAlMjIlMjBzdHlsZSUzRCUyMmJvcmRlciUzQTAlM0IlMjIlMjBhbGxvd2Z1bGxzY3JlZW4lM0QlMjIlMjIlMjBsb2FkaW5nJTNEJTIybGF6eSUyMiUzRSUzQyUyRmlmcmFtZSUzRQ==&#8220;][\/vc_column][\/vc_row][vc_row full_width=&#8220;stretch_row_content_no_spaces&#8220; css=&#8220;.vc_custom_1635431756726{background-color: #000000 !important;}&#8220;][vc_column][vc_raw_html]JTNDZGl2JTIwY2xhc3MlM0QlMjJzZWN0aW9uLXRpdGxlJTIwdGV4dC1jZW50ZXIlMjIlM0UlMEElMDklMDklMDklM0NkaXYlMjBjbGFzcyUzRCUyMnJvdyUyMiUzRSUwQSUwOSUwOSUwOSUwOSUzQ2RpdiUyMGNsYXNzJTNEJTIyY29sLW1kLTEyJTIyJTNFJTBBJTA5JTA5JTA5JTA5JTA5JTNDaDIlMjBzdHlsZSUzRCUyMmNvbG9yJTNBd2hpdGUlMjFpbXBvcnRhbnQlM0IlMjIlM0VMZXJuZW4lMjBTaWUlMjB1bnMlMjBrZW5uZW4lM0MlMkZoMiUzRSUwQSUwOSUwOSUwOSUwOSUwOSUzQ3NwYW4lMjBjbGFzcyUzRCUyMmRlY29yJTIyJTNFJTNDJTJGc3BhbiUzRSUwQSUwOSUwOSUwOSUwOSUzQyUyRmRpdiUzRSUwQSUwOSUwOSUwOSUzQyUyRmRpdiUzRSUwQSUwOSUwOSUzQyUyRmRpdiUzRSUwQSUzQ2NlbnRlciUzRSUwQSUzQ2lmcmFtZSUyMHdpZHRoJTNEJTIyODAwJTIyJTIwaGVpZ2h0JTNEJTIyNDUwJTIyJTIwc3JjJTNEJTIyaHR0cHMlM0ElMkYlMkZ3d3cueW91dHViZS5jb20lMkZlbWJlZCUyRnhSd1Btc0pDdkd3JTIyJTIwdGl0bGUlM0QlMjJZb3VUdWJlJTIwdmlkZW8lMjBwbGF5ZXIlMjIlMjBmcmFtZWJvcmRlciUzRCUyMjAlMjIlMjBhbGxvdyUzRCUyMmFjY2VsZXJvbWV0ZXIlM0IlMjBhdXRvcGxheSUzQiUyMGNsaXBib2FyZC13cml0ZSUzQiUyMGVuY3J5cHRlZC1tZWRpYSUzQiUyMGd5cm9zY29wZSUzQiUyMHBpY3R1cmUtaW4tcGljdHVyZSUyMiUyMGFsbG93ZnVsbHNjcmVlbiUzRSUzQyUyRmlmcmFtZSUzRSUwQSUzQyUyRmNlbnRlciUzRQ==[\/vc_raw_html][\/vc_column][\/vc_row]<\/p>\n","protected":false},"excerpt":{"rendered":"<p>[vc_row css=&#8220;.vc_custom_1635431728977{padding-top: 50px !important;}&#8220;][vc_column width=&#8220;1\/2&#8243;][vc_single_image image=&#8220;991&#8243; img_size=&#8220;full&#8220;][\/vc_column][vc_column width=&#8220;1\/2&#8243;][vc_custom_heading text=&#8220;Iradi Engineering&#8220; use_theme_fonts=&#8220;yes&#8220; css=&#8220;.vc_custom_1635409945934{padding-top: 50px !important;}&#8220;][vc_column_text css=&#8220;.vc_custom_1732096038923{padding-top: 20px !important;padding-right: 20px !important;padding-bottom: 20px !important;}&#8220;] Wir sind ein Unternehmen aus dem spanischen Navarra mit mehr als 25 Jahren Erfahrung in der Pr\u00e4zisionsbearbeitung sowie in der Konstruktion, Entwicklung und Herstellung von Werkzeugen und Sondermaschinen. Unser Firmensitz befindet sich in Alsasua,<\/p>\n","protected":false},"author":1,"featured_media":0,"parent":0,"menu_order":0,"comment_status":"closed","ping_status":"closed","template":"","meta":{"_monsterinsights_skip_tracking":false,"_monsterinsights_sitenote_active":false,"_monsterinsights_sitenote_note":"","_monsterinsights_sitenote_category":0,"footnotes":"","_links_to":"","_links_to_target":""},"class_list":["post-1451","page","type-page","status-publish","hentry"],"yoast_head":"<!-- This site is optimized with the Yoast SEO plugin v27.4 - https:\/\/yoast.com\/product\/yoast-seo-wordpress\/ -->\n<title>Iradi Engineering - Mecanizado,Utillaje,Navarra<\/title>\n<meta name=\"description\" content=\"CNC-Fr\u00e4steile Spanien, CNC-bearbeitung Spanien, Drehen und fr\u00e4sen Spanien\" \/>\n<meta name=\"robots\" content=\"index, follow, max-snippet:-1, max-image-preview:large, max-video-preview:-1\" \/>\n<link rel=\"canonical\" href=\"https:\/\/www.ingenieriairadi.com\/de\/iradi-engineering\/\" \/>\n<meta property=\"og:locale\" content=\"de_DE\" \/>\n<meta property=\"og:type\" content=\"article\" \/>\n<meta property=\"og:title\" content=\"Iradi Engineering - Mecanizado,Utillaje,Navarra\" \/>\n<meta property=\"og:description\" content=\"CNC-Fr\u00e4steile Spanien, CNC-bearbeitung Spanien, Drehen und fr\u00e4sen Spanien\" \/>\n<meta property=\"og:url\" content=\"https:\/\/www.ingenieriairadi.com\/de\/iradi-engineering\/\" \/>\n<meta property=\"og:site_name\" content=\"Mecanizado,Utillaje,Navarra\" \/>\n<meta property=\"article:modified_time\" content=\"2024-11-20T09:47:21+00:00\" \/>\n<meta name=\"twitter:card\" content=\"summary_large_image\" \/>\n<meta name=\"twitter:label1\" content=\"Gesch\u00e4tzte Lesezeit\" \/>\n\t<meta name=\"twitter:data1\" content=\"1\u00a0Minute\" \/>\n<script type=\"application\/ld+json\" class=\"yoast-schema-graph\">{\"@context\":\"https:\\\/\\\/schema.org\",\"@graph\":[{\"@type\":\"WebPage\",\"@id\":\"https:\\\/\\\/www.ingenieriairadi.com\\\/de\\\/iradi-engineering\\\/\",\"url\":\"https:\\\/\\\/www.ingenieriairadi.com\\\/de\\\/iradi-engineering\\\/\",\"name\":\"Iradi Engineering - Mecanizado,Utillaje,Navarra\",\"isPartOf\":{\"@id\":\"https:\\\/\\\/www.ingenieriairadi.com\\\/#website\"},\"datePublished\":\"2016-11-22T07:57:40+00:00\",\"dateModified\":\"2024-11-20T09:47:21+00:00\",\"description\":\"CNC-Fr\u00e4steile Spanien, CNC-bearbeitung Spanien, Drehen und fr\u00e4sen Spanien\",\"breadcrumb\":{\"@id\":\"https:\\\/\\\/www.ingenieriairadi.com\\\/de\\\/iradi-engineering\\\/#breadcrumb\"},\"inLanguage\":\"de\",\"potentialAction\":[{\"@type\":\"ReadAction\",\"target\":[\"https:\\\/\\\/www.ingenieriairadi.com\\\/de\\\/iradi-engineering\\\/\"]}]},{\"@type\":\"BreadcrumbList\",\"@id\":\"https:\\\/\\\/www.ingenieriairadi.com\\\/de\\\/iradi-engineering\\\/#breadcrumb\",\"itemListElement\":[{\"@type\":\"ListItem\",\"position\":1,\"name\":\"Portada\",\"item\":\"https:\\\/\\\/www.ingenieriairadi.com\\\/de\\\/\"},{\"@type\":\"ListItem\",\"position\":2,\"name\":\"Iradi Engineering\"}]},{\"@type\":\"WebSite\",\"@id\":\"https:\\\/\\\/www.ingenieriairadi.com\\\/#website\",\"url\":\"https:\\\/\\\/www.ingenieriairadi.com\\\/\",\"name\":\"Ingenier\u00eda Iradi\",\"description\":\"Technologische Pr\u00e4zisionsbearbeitung. \",\"publisher\":{\"@id\":\"https:\\\/\\\/www.ingenieriairadi.com\\\/#organization\"},\"potentialAction\":[{\"@type\":\"SearchAction\",\"target\":{\"@type\":\"EntryPoint\",\"urlTemplate\":\"https:\\\/\\\/www.ingenieriairadi.com\\\/?s={search_term_string}\"},\"query-input\":{\"@type\":\"PropertyValueSpecification\",\"valueRequired\":true,\"valueName\":\"search_term_string\"}}],\"inLanguage\":\"de\"},{\"@type\":\"Organization\",\"@id\":\"https:\\\/\\\/www.ingenieriairadi.com\\\/#organization\",\"name\":\"Ingenier\u00eda Iradi\",\"url\":\"https:\\\/\\\/www.ingenieriairadi.com\\\/\",\"logo\":{\"@type\":\"ImageObject\",\"inLanguage\":\"de\",\"@id\":\"https:\\\/\\\/www.ingenieriairadi.com\\\/#\\\/schema\\\/logo\\\/image\\\/\",\"url\":\"https:\\\/\\\/www.ingenieriairadi.com\\\/wp-content\\\/uploads\\\/2021\\\/10\\\/positivo_alta-copy1.png\",\"contentUrl\":\"https:\\\/\\\/www.ingenieriairadi.com\\\/wp-content\\\/uploads\\\/2021\\\/10\\\/positivo_alta-copy1.png\",\"width\":140,\"height\":86,\"caption\":\"Ingenier\u00eda Iradi\"},\"image\":{\"@id\":\"https:\\\/\\\/www.ingenieriairadi.com\\\/#\\\/schema\\\/logo\\\/image\\\/\"}}]}<\/script>\n<!-- \/ Yoast SEO plugin. -->","yoast_head_json":{"title":"Iradi Engineering - Mecanizado,Utillaje,Navarra","description":"CNC-Fr\u00e4steile Spanien, CNC-bearbeitung Spanien, Drehen und fr\u00e4sen Spanien","robots":{"index":"index","follow":"follow","max-snippet":"max-snippet:-1","max-image-preview":"max-image-preview:large","max-video-preview":"max-video-preview:-1"},"canonical":"https:\/\/www.ingenieriairadi.com\/de\/iradi-engineering\/","og_locale":"de_DE","og_type":"article","og_title":"Iradi Engineering - Mecanizado,Utillaje,Navarra","og_description":"CNC-Fr\u00e4steile Spanien, CNC-bearbeitung Spanien, Drehen und fr\u00e4sen Spanien","og_url":"https:\/\/www.ingenieriairadi.com\/de\/iradi-engineering\/","og_site_name":"Mecanizado,Utillaje,Navarra","article_modified_time":"2024-11-20T09:47:21+00:00","twitter_card":"summary_large_image","twitter_misc":{"Gesch\u00e4tzte Lesezeit":"1\u00a0Minute"},"schema":{"@context":"https:\/\/schema.org","@graph":[{"@type":"WebPage","@id":"https:\/\/www.ingenieriairadi.com\/de\/iradi-engineering\/","url":"https:\/\/www.ingenieriairadi.com\/de\/iradi-engineering\/","name":"Iradi Engineering - Mecanizado,Utillaje,Navarra","isPartOf":{"@id":"https:\/\/www.ingenieriairadi.com\/#website"},"datePublished":"2016-11-22T07:57:40+00:00","dateModified":"2024-11-20T09:47:21+00:00","description":"CNC-Fr\u00e4steile Spanien, CNC-bearbeitung Spanien, Drehen und fr\u00e4sen Spanien","breadcrumb":{"@id":"https:\/\/www.ingenieriairadi.com\/de\/iradi-engineering\/#breadcrumb"},"inLanguage":"de","potentialAction":[{"@type":"ReadAction","target":["https:\/\/www.ingenieriairadi.com\/de\/iradi-engineering\/"]}]},{"@type":"BreadcrumbList","@id":"https:\/\/www.ingenieriairadi.com\/de\/iradi-engineering\/#breadcrumb","itemListElement":[{"@type":"ListItem","position":1,"name":"Portada","item":"https:\/\/www.ingenieriairadi.com\/de\/"},{"@type":"ListItem","position":2,"name":"Iradi Engineering"}]},{"@type":"WebSite","@id":"https:\/\/www.ingenieriairadi.com\/#website","url":"https:\/\/www.ingenieriairadi.com\/","name":"Ingenier\u00eda Iradi","description":"Technologische Pr\u00e4zisionsbearbeitung. ","publisher":{"@id":"https:\/\/www.ingenieriairadi.com\/#organization"},"potentialAction":[{"@type":"SearchAction","target":{"@type":"EntryPoint","urlTemplate":"https:\/\/www.ingenieriairadi.com\/?s={search_term_string}"},"query-input":{"@type":"PropertyValueSpecification","valueRequired":true,"valueName":"search_term_string"}}],"inLanguage":"de"},{"@type":"Organization","@id":"https:\/\/www.ingenieriairadi.com\/#organization","name":"Ingenier\u00eda Iradi","url":"https:\/\/www.ingenieriairadi.com\/","logo":{"@type":"ImageObject","inLanguage":"de","@id":"https:\/\/www.ingenieriairadi.com\/#\/schema\/logo\/image\/","url":"https:\/\/www.ingenieriairadi.com\/wp-content\/uploads\/2021\/10\/positivo_alta-copy1.png","contentUrl":"https:\/\/www.ingenieriairadi.com\/wp-content\/uploads\/2021\/10\/positivo_alta-copy1.png","width":140,"height":86,"caption":"Ingenier\u00eda Iradi"},"image":{"@id":"https:\/\/www.ingenieriairadi.com\/#\/schema\/logo\/image\/"}}]}},"_links":{"self":[{"href":"https:\/\/www.ingenieriairadi.com\/de\/wp-json\/wp\/v2\/pages\/1451","targetHints":{"allow":["GET"]}}],"collection":[{"href":"https:\/\/www.ingenieriairadi.com\/de\/wp-json\/wp\/v2\/pages"}],"about":[{"href":"https:\/\/www.ingenieriairadi.com\/de\/wp-json\/wp\/v2\/types\/page"}],"author":[{"embeddable":true,"href":"https:\/\/www.ingenieriairadi.com\/de\/wp-json\/wp\/v2\/users\/1"}],"replies":[{"embeddable":true,"href":"https:\/\/www.ingenieriairadi.com\/de\/wp-json\/wp\/v2\/comments?post=1451"}],"version-history":[{"count":1,"href":"https:\/\/www.ingenieriairadi.com\/de\/wp-json\/wp\/v2\/pages\/1451\/revisions"}],"predecessor-version":[{"id":2049,"href":"https:\/\/www.ingenieriairadi.com\/de\/wp-json\/wp\/v2\/pages\/1451\/revisions\/2049"}],"wp:attachment":[{"href":"https:\/\/www.ingenieriairadi.com\/de\/wp-json\/wp\/v2\/media?parent=1451"}],"curies":[{"name":"wp","href":"https:\/\/api.w.org\/{rel}","templated":true}]}}