{"id":1424,"date":"2021-10-20T11:40:32","date_gmt":"2021-10-20T11:40:32","guid":{"rendered":"http:\/\/ingenieriairadi.vl21994.dinaserver.com\/mecanizado\/"},"modified":"2024-11-19T16:19:33","modified_gmt":"2024-11-19T14:19:33","slug":"bearbeitung","status":"publish","type":"page","link":"https:\/\/www.ingenieriairadi.com\/de\/bearbeitung\/","title":{"rendered":"Bearbeitung"},"content":{"rendered":"<p>[vc_row][vc_column][vc_column_text]IRADI hat sich auf die Fertigung nach Zeichnung spezialisiert, von Prototypen und Einzelst\u00fccken bis hin zu kleinen und mittleren Serien, die eine Bearbeitung auf Dreh- und Fr\u00e4smaschinen sowie Bearbeitungszentren erfordern.<\/p>\n<p>Wir arbeiten mit allen Arten von Materialien: Bronze, Aluminium, Edelstahl, anderen Legierungen und allen Arten von technischen Kunststoffen.<\/p>\n<p>Daneben bieten wir unseren Kunden auch die Montage von Baugruppen und Unterbaugruppen an, sowie das Gewindewalzen von Stangen mit verschiedenen Metriken an.<\/p>\n<p>Dank unserer Kundenn\u00e4he verf\u00fcgen wir \u00fcber ein fundiertes Wissen, das es uns erm\u00f6glicht, Komplettl\u00f6sungen f\u00fcr die Bearbeitung anzubieten, von der Abwicklung des Materialeinkaufs bis hin zur Endbearbeitung des Produkts.<\/p>\n<p>Ingenieria Iradi k\u00fcmmert sich um die Auftragsvergabe f\u00fcr alle f\u00fcr das Produkt erforderlichen Dienstleistungen, wie z. B. W\u00e4rmebehandlung, Beschichtung und Oberfl\u00e4chenbehandlung, Schwei\u00dfen, Versandmanagement, Spezialverpackung usw. und bietet somit einen umfassenden, ma\u00dfgeschneiderten Service f\u00fcr jedes Projekt.<\/p>\n<p>Um bei den von uns gefertigten Teilen h\u00f6chste Pr\u00e4zision zu erreichen, verf\u00fcgen wir \u00fcber eine <strong>3D-CNC-Messmaschine<\/strong> mit einem Messbereich von 700 x 700 x 500, die einem strengen Kalibrierungsplan unterliegt und sich zur Gew\u00e4hrleistung der R\u00fcckverfolgbarkeit isoliert in einem Raum mit klimatisierter Fertigungsumgebung (Temperatur und Feuchtigkeit) befindet.[\/vc_column_text][vc_empty_space height=&#8220;50px&#8220;][vc_row_inner][vc_column_inner width=&#8220;1\/5&#8243;][vc_icon icon_fontawesome=&#8220;fas fa-pencil-ruler&#8220; color=&#8220;custom&#8220; background_style=&#8220;rounded-outline&#8220; align=&#8220;center&#8220; css_animation=&#8220;slideInDown&#8220; custom_color=&#8220;#019fc4&#8243;][vc_custom_heading text=&#8220;ENTWURF&#8220; font_container=&#8220;tag:h6|font_size:15|text_align:center|color:%23000000&#8243; google_fonts=&#8220;font_family:Roboto%3A100%2C100italic%2C300%2C300italic%2Cregular%2Citalic%2C500%2C500italic%2C700%2C700italic%2C900%2C900italic|font_style:500%20bold%20regular%3A500%3Anormal&#8220;][\/vc_column_inner][vc_column_inner width=&#8220;1\/5&#8243;][vc_icon icon_fontawesome=&#8220;fas fa-industry&#8220; color=&#8220;custom&#8220; background_style=&#8220;rounded-outline&#8220; align=&#8220;center&#8220; css_animation=&#8220;slideInDown&#8220; custom_color=&#8220;#019fc4&#8243;][vc_custom_heading text=&#8220;FERTIGUNG&#8220; font_container=&#8220;tag:h6|font_size:15|text_align:center|color:%23000000&#8243; google_fonts=&#8220;font_family:Roboto%3A100%2C100italic%2C300%2C300italic%2Cregular%2Citalic%2C500%2C500italic%2C700%2C700italic%2C900%2C900italic|font_style:500%20bold%20regular%3A500%3Anormal&#8220;][\/vc_column_inner][vc_column_inner width=&#8220;1\/5&#8243;][vc_icon icon_fontawesome=&#8220;fas fa-users&#8220; color=&#8220;custom&#8220; background_style=&#8220;rounded-outline&#8220; align=&#8220;center&#8220; css_animation=&#8220;slideInDown&#8220; custom_color=&#8220;#019fc4&#8243;][vc_custom_heading text=&#8220;KOMPLETTL\u00d6SUNGEN&#8220; font_container=&#8220;tag:h6|font_size:15|text_align:center|color:%23000000&#8243; google_fonts=&#8220;font_family:Roboto%3A100%2C100italic%2C300%2C300italic%2Cregular%2Citalic%2C500%2C500italic%2C700%2C700italic%2C900%2C900italic|font_style:500%20bold%20regular%3A500%3Anormal&#8220;][\/vc_column_inner][vc_column_inner width=&#8220;1\/5&#8243;][vc_icon icon_fontawesome=&#8220;fas fa-clipboard-list&#8220; color=&#8220;custom&#8220; background_style=&#8220;rounded-outline&#8220; align=&#8220;center&#8220; css_animation=&#8220;slideInDown&#8220; custom_color=&#8220;#019fc4&#8243;][vc_custom_heading text=&#8220;\u00dcBERPR\u00dcFUNG UND KONTROLLE&#8220; font_container=&#8220;tag:h6|font_size:15|text_align:center|color:%23000000&#8243; google_fonts=&#8220;font_family:Roboto%3A100%2C100italic%2C300%2C300italic%2Cregular%2Citalic%2C500%2C500italic%2C700%2C700italic%2C900%2C900italic|font_style:500%20bold%20regular%3A500%3Anormal&#8220;][\/vc_column_inner][vc_column_inner width=&#8220;1\/5&#8243;][vc_icon icon_fontawesome=&#8220;fas fa-dolly-flatbed&#8220; color=&#8220;custom&#8220; background_style=&#8220;rounded-outline&#8220; align=&#8220;center&#8220; css_animation=&#8220;slideInDown&#8220; custom_color=&#8220;#019fc4&#8243;][vc_custom_heading text=&#8220;TRANSPORT&#8220; font_container=&#8220;tag:h6|font_size:15|text_align:center|color:%23000000&#8243; google_fonts=&#8220;font_family:Roboto%3A100%2C100italic%2C300%2C300italic%2Cregular%2Citalic%2C500%2C500italic%2C700%2C700italic%2C900%2C900italic|font_style:500%20bold%20regular%3A500%3Anormal&#8220;][\/vc_column_inner][\/vc_row_inner][vc_empty_space height=&#8220;50px&#8220;][vc_row_inner][vc_column_inner width=&#8220;1\/3&#8243;][vc_single_image image=&#8220;1431&#8243; img_size=&#8220;full&#8220; onclick=&#8220;zoom&#8220;][\/vc_column_inner][vc_column_inner width=&#8220;1\/3&#8243;][vc_single_image image=&#8220;1053&#8243; img_size=&#8220;full&#8220; onclick=&#8220;zoom&#8220;][\/vc_column_inner][vc_column_inner width=&#8220;1\/3&#8243;][vc_single_image image=&#8220;902&#8243; img_size=&#8220;full&#8220; onclick=&#8220;zoom&#8220;][\/vc_column_inner][\/vc_row_inner][vc_empty_space height=&#8220;100px&#8220;][\/vc_column][\/vc_row]<\/p>\n","protected":false},"excerpt":{"rendered":"<p>[vc_row][vc_column][vc_column_text]IRADI hat sich auf die Fertigung nach Zeichnung spezialisiert, von Prototypen und Einzelst\u00fccken bis hin zu kleinen und mittleren Serien, die eine Bearbeitung auf Dreh- und Fr\u00e4smaschinen sowie Bearbeitungszentren erfordern. Wir arbeiten mit allen Arten von Materialien: Bronze, Aluminium, Edelstahl, anderen Legierungen und allen Arten von technischen Kunststoffen. Daneben bieten wir unseren Kunden auch die<\/p>\n","protected":false},"author":1,"featured_media":0,"parent":0,"menu_order":0,"comment_status":"closed","ping_status":"closed","template":"","meta":{"_monsterinsights_skip_tracking":false,"_monsterinsights_sitenote_active":false,"_monsterinsights_sitenote_note":"","_monsterinsights_sitenote_category":0,"footnotes":"","_links_to":"","_links_to_target":""},"class_list":["post-1424","page","type-page","status-publish","hentry"],"yoast_head":"<!-- This site is optimized with the Yoast SEO plugin v27.4 - https:\/\/yoast.com\/product\/yoast-seo-wordpress\/ -->\n<title>Bearbeitung - Mecanizado,Utillaje,Navarra<\/title>\n<meta name=\"description\" content=\"CNC-Fr\u00e4steile Spanien, CNC-bearbeitung Spanien, Drehen und fr\u00e4sen Spanien\" \/>\n<meta name=\"robots\" content=\"index, follow, max-snippet:-1, max-image-preview:large, max-video-preview:-1\" \/>\n<link rel=\"canonical\" href=\"https:\/\/www.ingenieriairadi.com\/de\/bearbeitung\/\" \/>\n<meta property=\"og:locale\" content=\"de_DE\" \/>\n<meta property=\"og:type\" content=\"article\" \/>\n<meta property=\"og:title\" content=\"Bearbeitung - Mecanizado,Utillaje,Navarra\" \/>\n<meta property=\"og:description\" content=\"CNC-Fr\u00e4steile Spanien, CNC-bearbeitung Spanien, Drehen und fr\u00e4sen Spanien\" \/>\n<meta property=\"og:url\" content=\"https:\/\/www.ingenieriairadi.com\/de\/bearbeitung\/\" \/>\n<meta property=\"og:site_name\" content=\"Mecanizado,Utillaje,Navarra\" \/>\n<meta property=\"article:modified_time\" content=\"2024-11-19T14:19:33+00:00\" \/>\n<meta name=\"twitter:card\" content=\"summary_large_image\" \/>\n<meta name=\"twitter:label1\" content=\"Gesch\u00e4tzte Lesezeit\" \/>\n\t<meta name=\"twitter:data1\" content=\"3\u00a0Minuten\" \/>\n<script type=\"application\/ld+json\" class=\"yoast-schema-graph\">{\"@context\":\"https:\\\/\\\/schema.org\",\"@graph\":[{\"@type\":\"WebPage\",\"@id\":\"https:\\\/\\\/www.ingenieriairadi.com\\\/de\\\/bearbeitung\\\/\",\"url\":\"https:\\\/\\\/www.ingenieriairadi.com\\\/de\\\/bearbeitung\\\/\",\"name\":\"Bearbeitung - Mecanizado,Utillaje,Navarra\",\"isPartOf\":{\"@id\":\"https:\\\/\\\/www.ingenieriairadi.com\\\/#website\"},\"datePublished\":\"2021-10-20T11:40:32+00:00\",\"dateModified\":\"2024-11-19T14:19:33+00:00\",\"description\":\"CNC-Fr\u00e4steile Spanien, CNC-bearbeitung Spanien, Drehen und fr\u00e4sen Spanien\",\"breadcrumb\":{\"@id\":\"https:\\\/\\\/www.ingenieriairadi.com\\\/de\\\/bearbeitung\\\/#breadcrumb\"},\"inLanguage\":\"de\",\"potentialAction\":[{\"@type\":\"ReadAction\",\"target\":[\"https:\\\/\\\/www.ingenieriairadi.com\\\/de\\\/bearbeitung\\\/\"]}]},{\"@type\":\"BreadcrumbList\",\"@id\":\"https:\\\/\\\/www.ingenieriairadi.com\\\/de\\\/bearbeitung\\\/#breadcrumb\",\"itemListElement\":[{\"@type\":\"ListItem\",\"position\":1,\"name\":\"Portada\",\"item\":\"https:\\\/\\\/www.ingenieriairadi.com\\\/de\\\/\"},{\"@type\":\"ListItem\",\"position\":2,\"name\":\"Bearbeitung\"}]},{\"@type\":\"WebSite\",\"@id\":\"https:\\\/\\\/www.ingenieriairadi.com\\\/#website\",\"url\":\"https:\\\/\\\/www.ingenieriairadi.com\\\/\",\"name\":\"Ingenier\u00eda Iradi\",\"description\":\"Technologische Pr\u00e4zisionsbearbeitung. \",\"publisher\":{\"@id\":\"https:\\\/\\\/www.ingenieriairadi.com\\\/#organization\"},\"potentialAction\":[{\"@type\":\"SearchAction\",\"target\":{\"@type\":\"EntryPoint\",\"urlTemplate\":\"https:\\\/\\\/www.ingenieriairadi.com\\\/?s={search_term_string}\"},\"query-input\":{\"@type\":\"PropertyValueSpecification\",\"valueRequired\":true,\"valueName\":\"search_term_string\"}}],\"inLanguage\":\"de\"},{\"@type\":\"Organization\",\"@id\":\"https:\\\/\\\/www.ingenieriairadi.com\\\/#organization\",\"name\":\"Ingenier\u00eda Iradi\",\"url\":\"https:\\\/\\\/www.ingenieriairadi.com\\\/\",\"logo\":{\"@type\":\"ImageObject\",\"inLanguage\":\"de\",\"@id\":\"https:\\\/\\\/www.ingenieriairadi.com\\\/#\\\/schema\\\/logo\\\/image\\\/\",\"url\":\"https:\\\/\\\/www.ingenieriairadi.com\\\/wp-content\\\/uploads\\\/2021\\\/10\\\/positivo_alta-copy1.png\",\"contentUrl\":\"https:\\\/\\\/www.ingenieriairadi.com\\\/wp-content\\\/uploads\\\/2021\\\/10\\\/positivo_alta-copy1.png\",\"width\":140,\"height\":86,\"caption\":\"Ingenier\u00eda Iradi\"},\"image\":{\"@id\":\"https:\\\/\\\/www.ingenieriairadi.com\\\/#\\\/schema\\\/logo\\\/image\\\/\"}}]}<\/script>\n<!-- \/ Yoast SEO plugin. -->","yoast_head_json":{"title":"Bearbeitung - Mecanizado,Utillaje,Navarra","description":"CNC-Fr\u00e4steile Spanien, CNC-bearbeitung Spanien, Drehen und fr\u00e4sen Spanien","robots":{"index":"index","follow":"follow","max-snippet":"max-snippet:-1","max-image-preview":"max-image-preview:large","max-video-preview":"max-video-preview:-1"},"canonical":"https:\/\/www.ingenieriairadi.com\/de\/bearbeitung\/","og_locale":"de_DE","og_type":"article","og_title":"Bearbeitung - Mecanizado,Utillaje,Navarra","og_description":"CNC-Fr\u00e4steile Spanien, CNC-bearbeitung Spanien, Drehen und fr\u00e4sen Spanien","og_url":"https:\/\/www.ingenieriairadi.com\/de\/bearbeitung\/","og_site_name":"Mecanizado,Utillaje,Navarra","article_modified_time":"2024-11-19T14:19:33+00:00","twitter_card":"summary_large_image","twitter_misc":{"Gesch\u00e4tzte Lesezeit":"3\u00a0Minuten"},"schema":{"@context":"https:\/\/schema.org","@graph":[{"@type":"WebPage","@id":"https:\/\/www.ingenieriairadi.com\/de\/bearbeitung\/","url":"https:\/\/www.ingenieriairadi.com\/de\/bearbeitung\/","name":"Bearbeitung - Mecanizado,Utillaje,Navarra","isPartOf":{"@id":"https:\/\/www.ingenieriairadi.com\/#website"},"datePublished":"2021-10-20T11:40:32+00:00","dateModified":"2024-11-19T14:19:33+00:00","description":"CNC-Fr\u00e4steile Spanien, CNC-bearbeitung Spanien, Drehen und fr\u00e4sen Spanien","breadcrumb":{"@id":"https:\/\/www.ingenieriairadi.com\/de\/bearbeitung\/#breadcrumb"},"inLanguage":"de","potentialAction":[{"@type":"ReadAction","target":["https:\/\/www.ingenieriairadi.com\/de\/bearbeitung\/"]}]},{"@type":"BreadcrumbList","@id":"https:\/\/www.ingenieriairadi.com\/de\/bearbeitung\/#breadcrumb","itemListElement":[{"@type":"ListItem","position":1,"name":"Portada","item":"https:\/\/www.ingenieriairadi.com\/de\/"},{"@type":"ListItem","position":2,"name":"Bearbeitung"}]},{"@type":"WebSite","@id":"https:\/\/www.ingenieriairadi.com\/#website","url":"https:\/\/www.ingenieriairadi.com\/","name":"Ingenier\u00eda Iradi","description":"Technologische Pr\u00e4zisionsbearbeitung. ","publisher":{"@id":"https:\/\/www.ingenieriairadi.com\/#organization"},"potentialAction":[{"@type":"SearchAction","target":{"@type":"EntryPoint","urlTemplate":"https:\/\/www.ingenieriairadi.com\/?s={search_term_string}"},"query-input":{"@type":"PropertyValueSpecification","valueRequired":true,"valueName":"search_term_string"}}],"inLanguage":"de"},{"@type":"Organization","@id":"https:\/\/www.ingenieriairadi.com\/#organization","name":"Ingenier\u00eda Iradi","url":"https:\/\/www.ingenieriairadi.com\/","logo":{"@type":"ImageObject","inLanguage":"de","@id":"https:\/\/www.ingenieriairadi.com\/#\/schema\/logo\/image\/","url":"https:\/\/www.ingenieriairadi.com\/wp-content\/uploads\/2021\/10\/positivo_alta-copy1.png","contentUrl":"https:\/\/www.ingenieriairadi.com\/wp-content\/uploads\/2021\/10\/positivo_alta-copy1.png","width":140,"height":86,"caption":"Ingenier\u00eda Iradi"},"image":{"@id":"https:\/\/www.ingenieriairadi.com\/#\/schema\/logo\/image\/"}}]}},"_links":{"self":[{"href":"https:\/\/www.ingenieriairadi.com\/de\/wp-json\/wp\/v2\/pages\/1424","targetHints":{"allow":["GET"]}}],"collection":[{"href":"https:\/\/www.ingenieriairadi.com\/de\/wp-json\/wp\/v2\/pages"}],"about":[{"href":"https:\/\/www.ingenieriairadi.com\/de\/wp-json\/wp\/v2\/types\/page"}],"author":[{"embeddable":true,"href":"https:\/\/www.ingenieriairadi.com\/de\/wp-json\/wp\/v2\/users\/1"}],"replies":[{"embeddable":true,"href":"https:\/\/www.ingenieriairadi.com\/de\/wp-json\/wp\/v2\/comments?post=1424"}],"version-history":[{"count":1,"href":"https:\/\/www.ingenieriairadi.com\/de\/wp-json\/wp\/v2\/pages\/1424\/revisions"}],"predecessor-version":[{"id":2045,"href":"https:\/\/www.ingenieriairadi.com\/de\/wp-json\/wp\/v2\/pages\/1424\/revisions\/2045"}],"wp:attachment":[{"href":"https:\/\/www.ingenieriairadi.com\/de\/wp-json\/wp\/v2\/media?parent=1424"}],"curies":[{"name":"wp","href":"https:\/\/api.w.org\/{rel}","templated":true}]}}