{"id":1418,"date":"2021-10-20T11:41:43","date_gmt":"2021-10-20T11:41:43","guid":{"rendered":"http:\/\/ingenieriairadi.vl21994.dinaserver.com\/ingenieria\/"},"modified":"2023-01-12T10:33:34","modified_gmt":"2023-01-12T08:33:34","slug":"engineering","status":"publish","type":"page","link":"https:\/\/www.ingenieriairadi.com\/de\/engineering\/","title":{"rendered":"Engineering"},"content":{"rendered":"<p>[vc_row][vc_column width=&#8220;1\/2&#8243;][vc_column_text]Unser Ingenieurteam pr\u00fcft die Projekte und entwirft f\u00fcr jeden Kunden die am besten geeignete L\u00f6sung. Die technische Abteilung arbeitet nach den Vorgaben des Kunden oder frei zur L\u00f6sung eines formulierten Bedarfs.<\/p>\n<p>Wir bieten Komplettl\u00f6sungen von der Planung, Fertigung und Qualit\u00e4tskontrolle bis zur Inbetriebnahme vor Ort.<\/p>\n<p>Wir verf\u00fcgen \u00fcber eine flexible Struktur, ein zuverl\u00e4ssiges Netz von Zulieferern, technische Qualifizierung und fundierte Kenntnisse der Projekte.<\/p>\n<p>Unsere hochqualifizierte technische Abteilung arbeitet mit fortschrittlichen 3D-Konstruktionsprogrammen und wir optimieren unsere Konstruktionen mithilfe von Finite-Elemente-Berechnungen, um Unsicherheiten zu beseitigen und die korrekte Funktion jeder Anwendung zu gew\u00e4hrleisten.[\/vc_column_text][\/vc_column][vc_column width=&#8220;1\/2&#8243;][vc_single_image image=&#8220;985&#8243; img_size=&#8220;full&#8220; css_animation=&#8220;none&#8220;][\/vc_column][\/vc_row]<\/p>\n","protected":false},"excerpt":{"rendered":"<p>[vc_row][vc_column width=&#8220;1\/2&#8243;][vc_column_text]Unser Ingenieurteam pr\u00fcft die Projekte und entwirft f\u00fcr jeden Kunden die am besten geeignete L\u00f6sung. Die technische Abteilung arbeitet nach den Vorgaben des Kunden oder frei zur L\u00f6sung eines formulierten Bedarfs. Wir bieten Komplettl\u00f6sungen von der Planung, Fertigung und Qualit\u00e4tskontrolle bis zur Inbetriebnahme vor Ort. Wir verf\u00fcgen \u00fcber eine flexible Struktur, ein zuverl\u00e4ssiges Netz<\/p>\n","protected":false},"author":1,"featured_media":0,"parent":0,"menu_order":0,"comment_status":"closed","ping_status":"closed","template":"","meta":{"_monsterinsights_skip_tracking":false,"_monsterinsights_sitenote_active":false,"_monsterinsights_sitenote_note":"","_monsterinsights_sitenote_category":0,"footnotes":"","_links_to":"","_links_to_target":""},"class_list":["post-1418","page","type-page","status-publish","hentry"],"yoast_head":"<!-- This site is optimized with the Yoast SEO plugin v27.4 - https:\/\/yoast.com\/product\/yoast-seo-wordpress\/ -->\n<title>Engineering - Mecanizado,Utillaje,Navarra<\/title>\n<meta name=\"description\" content=\"CNC-Fr\u00e4steile Spanien, CNC-bearbeitung Spanien, Drehen und fr\u00e4sen Spanien\" \/>\n<meta name=\"robots\" content=\"index, follow, max-snippet:-1, max-image-preview:large, max-video-preview:-1\" \/>\n<link rel=\"canonical\" href=\"https:\/\/www.ingenieriairadi.com\/de\/engineering\/\" \/>\n<meta property=\"og:locale\" content=\"de_DE\" \/>\n<meta property=\"og:type\" content=\"article\" \/>\n<meta property=\"og:title\" content=\"Engineering - Mecanizado,Utillaje,Navarra\" \/>\n<meta property=\"og:description\" content=\"CNC-Fr\u00e4steile Spanien, CNC-bearbeitung Spanien, Drehen und fr\u00e4sen Spanien\" \/>\n<meta property=\"og:url\" content=\"https:\/\/www.ingenieriairadi.com\/de\/engineering\/\" \/>\n<meta property=\"og:site_name\" content=\"Mecanizado,Utillaje,Navarra\" \/>\n<meta property=\"article:modified_time\" content=\"2023-01-12T08:33:34+00:00\" \/>\n<meta name=\"twitter:card\" content=\"summary_large_image\" \/>\n<meta name=\"twitter:label1\" content=\"Gesch\u00e4tzte Lesezeit\" \/>\n\t<meta name=\"twitter:data1\" content=\"1\u00a0Minute\" \/>\n<script type=\"application\/ld+json\" class=\"yoast-schema-graph\">{\"@context\":\"https:\\\/\\\/schema.org\",\"@graph\":[{\"@type\":\"WebPage\",\"@id\":\"https:\\\/\\\/www.ingenieriairadi.com\\\/de\\\/engineering\\\/\",\"url\":\"https:\\\/\\\/www.ingenieriairadi.com\\\/de\\\/engineering\\\/\",\"name\":\"Engineering - Mecanizado,Utillaje,Navarra\",\"isPartOf\":{\"@id\":\"https:\\\/\\\/www.ingenieriairadi.com\\\/#website\"},\"datePublished\":\"2021-10-20T11:41:43+00:00\",\"dateModified\":\"2023-01-12T08:33:34+00:00\",\"description\":\"CNC-Fr\u00e4steile Spanien, CNC-bearbeitung Spanien, Drehen und fr\u00e4sen Spanien\",\"breadcrumb\":{\"@id\":\"https:\\\/\\\/www.ingenieriairadi.com\\\/de\\\/engineering\\\/#breadcrumb\"},\"inLanguage\":\"de\",\"potentialAction\":[{\"@type\":\"ReadAction\",\"target\":[\"https:\\\/\\\/www.ingenieriairadi.com\\\/de\\\/engineering\\\/\"]}]},{\"@type\":\"BreadcrumbList\",\"@id\":\"https:\\\/\\\/www.ingenieriairadi.com\\\/de\\\/engineering\\\/#breadcrumb\",\"itemListElement\":[{\"@type\":\"ListItem\",\"position\":1,\"name\":\"Portada\",\"item\":\"https:\\\/\\\/www.ingenieriairadi.com\\\/de\\\/\"},{\"@type\":\"ListItem\",\"position\":2,\"name\":\"Engineering\"}]},{\"@type\":\"WebSite\",\"@id\":\"https:\\\/\\\/www.ingenieriairadi.com\\\/#website\",\"url\":\"https:\\\/\\\/www.ingenieriairadi.com\\\/\",\"name\":\"Ingenier\u00eda Iradi\",\"description\":\"Technologische Pr\u00e4zisionsbearbeitung. \",\"publisher\":{\"@id\":\"https:\\\/\\\/www.ingenieriairadi.com\\\/#organization\"},\"potentialAction\":[{\"@type\":\"SearchAction\",\"target\":{\"@type\":\"EntryPoint\",\"urlTemplate\":\"https:\\\/\\\/www.ingenieriairadi.com\\\/?s={search_term_string}\"},\"query-input\":{\"@type\":\"PropertyValueSpecification\",\"valueRequired\":true,\"valueName\":\"search_term_string\"}}],\"inLanguage\":\"de\"},{\"@type\":\"Organization\",\"@id\":\"https:\\\/\\\/www.ingenieriairadi.com\\\/#organization\",\"name\":\"Ingenier\u00eda Iradi\",\"url\":\"https:\\\/\\\/www.ingenieriairadi.com\\\/\",\"logo\":{\"@type\":\"ImageObject\",\"inLanguage\":\"de\",\"@id\":\"https:\\\/\\\/www.ingenieriairadi.com\\\/#\\\/schema\\\/logo\\\/image\\\/\",\"url\":\"https:\\\/\\\/www.ingenieriairadi.com\\\/wp-content\\\/uploads\\\/2021\\\/10\\\/positivo_alta-copy1.png\",\"contentUrl\":\"https:\\\/\\\/www.ingenieriairadi.com\\\/wp-content\\\/uploads\\\/2021\\\/10\\\/positivo_alta-copy1.png\",\"width\":140,\"height\":86,\"caption\":\"Ingenier\u00eda Iradi\"},\"image\":{\"@id\":\"https:\\\/\\\/www.ingenieriairadi.com\\\/#\\\/schema\\\/logo\\\/image\\\/\"}}]}<\/script>\n<!-- \/ Yoast SEO plugin. -->","yoast_head_json":{"title":"Engineering - Mecanizado,Utillaje,Navarra","description":"CNC-Fr\u00e4steile Spanien, CNC-bearbeitung Spanien, Drehen und fr\u00e4sen Spanien","robots":{"index":"index","follow":"follow","max-snippet":"max-snippet:-1","max-image-preview":"max-image-preview:large","max-video-preview":"max-video-preview:-1"},"canonical":"https:\/\/www.ingenieriairadi.com\/de\/engineering\/","og_locale":"de_DE","og_type":"article","og_title":"Engineering - Mecanizado,Utillaje,Navarra","og_description":"CNC-Fr\u00e4steile Spanien, CNC-bearbeitung Spanien, Drehen und fr\u00e4sen Spanien","og_url":"https:\/\/www.ingenieriairadi.com\/de\/engineering\/","og_site_name":"Mecanizado,Utillaje,Navarra","article_modified_time":"2023-01-12T08:33:34+00:00","twitter_card":"summary_large_image","twitter_misc":{"Gesch\u00e4tzte Lesezeit":"1\u00a0Minute"},"schema":{"@context":"https:\/\/schema.org","@graph":[{"@type":"WebPage","@id":"https:\/\/www.ingenieriairadi.com\/de\/engineering\/","url":"https:\/\/www.ingenieriairadi.com\/de\/engineering\/","name":"Engineering - Mecanizado,Utillaje,Navarra","isPartOf":{"@id":"https:\/\/www.ingenieriairadi.com\/#website"},"datePublished":"2021-10-20T11:41:43+00:00","dateModified":"2023-01-12T08:33:34+00:00","description":"CNC-Fr\u00e4steile Spanien, CNC-bearbeitung Spanien, Drehen und fr\u00e4sen Spanien","breadcrumb":{"@id":"https:\/\/www.ingenieriairadi.com\/de\/engineering\/#breadcrumb"},"inLanguage":"de","potentialAction":[{"@type":"ReadAction","target":["https:\/\/www.ingenieriairadi.com\/de\/engineering\/"]}]},{"@type":"BreadcrumbList","@id":"https:\/\/www.ingenieriairadi.com\/de\/engineering\/#breadcrumb","itemListElement":[{"@type":"ListItem","position":1,"name":"Portada","item":"https:\/\/www.ingenieriairadi.com\/de\/"},{"@type":"ListItem","position":2,"name":"Engineering"}]},{"@type":"WebSite","@id":"https:\/\/www.ingenieriairadi.com\/#website","url":"https:\/\/www.ingenieriairadi.com\/","name":"Ingenier\u00eda Iradi","description":"Technologische Pr\u00e4zisionsbearbeitung. ","publisher":{"@id":"https:\/\/www.ingenieriairadi.com\/#organization"},"potentialAction":[{"@type":"SearchAction","target":{"@type":"EntryPoint","urlTemplate":"https:\/\/www.ingenieriairadi.com\/?s={search_term_string}"},"query-input":{"@type":"PropertyValueSpecification","valueRequired":true,"valueName":"search_term_string"}}],"inLanguage":"de"},{"@type":"Organization","@id":"https:\/\/www.ingenieriairadi.com\/#organization","name":"Ingenier\u00eda Iradi","url":"https:\/\/www.ingenieriairadi.com\/","logo":{"@type":"ImageObject","inLanguage":"de","@id":"https:\/\/www.ingenieriairadi.com\/#\/schema\/logo\/image\/","url":"https:\/\/www.ingenieriairadi.com\/wp-content\/uploads\/2021\/10\/positivo_alta-copy1.png","contentUrl":"https:\/\/www.ingenieriairadi.com\/wp-content\/uploads\/2021\/10\/positivo_alta-copy1.png","width":140,"height":86,"caption":"Ingenier\u00eda Iradi"},"image":{"@id":"https:\/\/www.ingenieriairadi.com\/#\/schema\/logo\/image\/"}}]}},"_links":{"self":[{"href":"https:\/\/www.ingenieriairadi.com\/de\/wp-json\/wp\/v2\/pages\/1418","targetHints":{"allow":["GET"]}}],"collection":[{"href":"https:\/\/www.ingenieriairadi.com\/de\/wp-json\/wp\/v2\/pages"}],"about":[{"href":"https:\/\/www.ingenieriairadi.com\/de\/wp-json\/wp\/v2\/types\/page"}],"author":[{"embeddable":true,"href":"https:\/\/www.ingenieriairadi.com\/de\/wp-json\/wp\/v2\/users\/1"}],"replies":[{"embeddable":true,"href":"https:\/\/www.ingenieriairadi.com\/de\/wp-json\/wp\/v2\/comments?post=1418"}],"version-history":[{"count":0,"href":"https:\/\/www.ingenieriairadi.com\/de\/wp-json\/wp\/v2\/pages\/1418\/revisions"}],"wp:attachment":[{"href":"https:\/\/www.ingenieriairadi.com\/de\/wp-json\/wp\/v2\/media?parent=1418"}],"curies":[{"name":"wp","href":"https:\/\/api.w.org\/{rel}","templated":true}]}}