{"id":1412,"date":"2016-11-17T11:39:26","date_gmt":"2016-11-17T11:39:26","guid":{"rendered":"http:\/\/ingenieriairadi.vl21994.dinaserver.com\/home\/"},"modified":"2023-01-12T10:33:39","modified_gmt":"2023-01-12T08:33:39","slug":"home","status":"publish","type":"page","link":"https:\/\/www.ingenieriairadi.com\/de\/","title":{"rendered":"Home"},"content":{"rendered":"<p>[vc_row el_class=&#8220;slider1&#8243;][vc_column][rev_slider_vc alias=&#8220;home-12&#8243;][\/vc_column][\/vc_row][vc_row][vc_column] \n   \n\n<section class=\"our-services\">\n\t<div class=\"container\">\n\t\t        <div class=\"section-title\">\n\t\t\t<div class=\"row\">\n\t\t\t\t<div class=\"col-md-4 col-sm-5 col-xs-12\">\n\t\t\t\t\t<h2>Unsere Dienstleistungen<\/h2>\n\t\t\t\t\t<span class=\"decor\"><\/span>\n\t\t\t\t<\/div>\n\t\t\t\t<div class=\"col-md-8 col-sm-7 col-xs-12 font-20\">\n\t\t\t\t\t<p><\/p>\n\t\t\t\t<\/div>\n\t\t\t<\/div>\n\t\t<\/div>\t\t\n\t\t        <div class=\"row\">\n\t\t\t\n\t\t\t                        <div class=\"col-md-4 col-sm-6\">\n                <div class=\"single-our-service\">\n                    <figure class=\"img-box\">\n                        <a href=\"https:\/\/www.ingenieriairadi.com\/mecanizado\/\"><img loading=\"lazy\" decoding=\"async\" width=\"370\" height=\"190\" src=\"https:\/\/www.ingenieriairadi.com\/wp-content\/uploads\/2021\/10\/DSC05395-2-370x190.jpg\" class=\"attachment-industries_370x190 size-industries_370x190 wp-post-image\" alt=\"Mecanizados\" \/><\/a>\n                    <\/figure>\n                    <a href=\"https:\/\/www.ingenieriairadi.com\/mecanizado\/\"><h4>Bearbeitung<\/h4><\/a>\n                    <p>IRADI hat sich auf die Fertigung nach Zeichnung spezialisiert, von Prototypen und Einzelst\u00fccken bis hin zu kleinen und mittleren Serien, die eine Bearbeitung auf Dreh- und Fr\u00e4smaschinen sowie Bearbeitungszentren erfordern. <\/p>\n                <\/div>\n            <\/div>\n                                    <div class=\"col-md-4 col-sm-6\">\n                <div class=\"single-our-service\">\n                    <figure class=\"img-box\">\n                        <a href=\"https:\/\/www.ingenieriairadi.com\/utillaje\/\"><img loading=\"lazy\" decoding=\"async\" width=\"370\" height=\"190\" src=\"https:\/\/www.ingenieriairadi.com\/wp-content\/uploads\/2021\/10\/DSC05326-370x190.jpg\" class=\"attachment-industries_370x190 size-industries_370x190 wp-post-image\" alt=\"Utillaje\" \/><\/a>\n                    <\/figure>\n                    <a href=\"https:\/\/www.ingenieriairadi.com\/utillaje\/\"><h4>Werkzeuge<\/h4><\/a>\n                    <p>Ingenier\u00eda Iradi entwirft, entwickelt und fertigt auch Werkzeuge und Spezialmaschinen, f\u00fchrt technische Studien durch und setzt Automatisierungsvorschl\u00e4ge f\u00fcr sich wiederholende Produktionsprozesse um. <\/p>\n                <\/div>\n            <\/div>\n                                    <div class=\"col-md-4 col-sm-6\">\n                <div class=\"single-our-service\">\n                    <figure class=\"img-box\">\n                        <a href=\"https:\/\/www.ingenieriairadi.com\/ingenieria\/\"><img loading=\"lazy\" decoding=\"async\" width=\"370\" height=\"190\" src=\"https:\/\/www.ingenieriairadi.com\/wp-content\/uploads\/2021\/10\/DSC05334-370x190.jpg\" class=\"attachment-industries_370x190 size-industries_370x190 wp-post-image\" alt=\"Ingenier\u00eda\" \/><\/a>\n                    <\/figure>\n                    <a href=\"https:\/\/www.ingenieriairadi.com\/ingenieria\/\"><h4>Engineering<\/h4><\/a>\n                    <p>Unser Ingenieurteam pr\u00fcft die Projekte und entwirft f\u00fcr jeden Kunden die am besten geeignete L\u00f6sung. <\/p>\n                <\/div>\n            <\/div>\n                    <\/div>\n\t<\/div>\n<\/section>\n\n[vc_custom_heading text=&#8220;Belieferte Branchen:&#8220; font_container=&#8220;tag:h2|text_align:center&#8220; use_theme_fonts=&#8220;yes&#8220;][vc_empty_space][vc_row_inner content_placement=&#8220;middle&#8220; container=&#8220;1&#8243; css=&#8220;.vc_custom_1635431031889{margin-bottom: 50px !important;}&#8220;][vc_column_inner width=&#8220;1\/4&#8243;][vc_icon icon_fontawesome=&#8220;fas fa-charging-station&#8220; color=&#8220;custom&#8220; background_style=&#8220;rounded&#8220; align=&#8220;center&#8220; css_animation=&#8220;bounceIn&#8220; custom_color=&#8220;#019fc4&#8243;][vc_column_text]<\/p>\n<p style=\"text-align: center;\">Haushaltsger\u00e4te<\/p>\n<p>[\/vc_column_text][vc_empty_space][vc_icon icon_fontawesome=&#8220;fas fa-sun&#8220; color=&#8220;custom&#8220; background_style=&#8220;rounded&#8220; align=&#8220;center&#8220; css_animation=&#8220;bounceIn&#8220; custom_color=&#8220;#019fc4&#8243;][vc_column_text]<\/p>\n<p style=\"text-align: center;\">Erneuerbare Energien<\/p>\n<p>[\/vc_column_text][\/vc_column_inner][vc_column_inner width=&#8220;1\/4&#8243;][vc_icon icon_fontawesome=&#8220;fas fa-car-alt&#8220; color=&#8220;custom&#8220; background_style=&#8220;rounded&#8220; align=&#8220;center&#8220; css_animation=&#8220;bounceIn&#8220; custom_color=&#8220;#019fc4&#8243;][vc_column_text]<\/p>\n<p style=\"text-align: center;\">Automobilbau<\/p>\n<p>[\/vc_column_text][vc_empty_space][vc_icon icon_fontawesome=&#8220;fas fa-train&#8220; color=&#8220;custom&#8220; background_style=&#8220;rounded&#8220; align=&#8220;center&#8220; css_animation=&#8220;bounceIn&#8220; custom_color=&#8220;#019fc4&#8243;][vc_column_text]<\/p>\n<p style=\"text-align: center;\">Schienenverkehr<\/p>\n<p>[\/vc_column_text][\/vc_column_inner][vc_column_inner width=&#8220;1\/4&#8243;][vc_icon icon_fontawesome=&#8220;fas fa-industry&#8220; color=&#8220;custom&#8220; background_style=&#8220;rounded&#8220; align=&#8220;center&#8220; css_animation=&#8220;bounceIn&#8220; custom_color=&#8220;#019fc4&#8243;][vc_column_text]<\/p>\n<p style=\"text-align: center;\">Werkzeugmaschinen<\/p>\n<p>[\/vc_column_text][vc_empty_space][vc_icon icon_fontawesome=&#8220;fas fa-city&#8220; color=&#8220;custom&#8220; background_style=&#8220;rounded&#8220; align=&#8220;center&#8220; css_animation=&#8220;bounceIn&#8220; custom_color=&#8220;#019fc4&#8243;][vc_column_text]<\/p>\n<p style=\"text-align: center;\">Bauwesen<\/p>\n<p>[\/vc_column_text][\/vc_column_inner][vc_column_inner width=&#8220;1\/4&#8243;][vc_icon icon_fontawesome=&#8220;fas fa-ship&#8220; color=&#8220;custom&#8220; background_style=&#8220;rounded&#8220; align=&#8220;center&#8220; css_animation=&#8220;bounceIn&#8220; custom_color=&#8220;#019fc4&#8243;][vc_column_text]<\/p>\n<p style=\"text-align: center;\">Schiffbau<\/p>\n<p>[\/vc_column_text][vc_empty_space][vc_icon icon_fontawesome=&#8220;fas fa-clinic-medical&#8220; color=&#8220;custom&#8220; background_style=&#8220;rounded&#8220; align=&#8220;center&#8220; css_animation=&#8220;bounceIn&#8220; custom_color=&#8220;#019fc4&#8243;][vc_column_text]<\/p>\n<p style=\"text-align: center;\">Pharma<\/p>\n<p>[\/vc_column_text][\/vc_column_inner][\/vc_row_inner][\/vc_column][\/vc_row][vc_row css=&#8220;.vc_custom_1635179322951{background-color: #000000 !important;}&#8220;][vc_column][vc_raw_html]JTNDZGl2JTIwY2xhc3MlM0QlMjJzZWN0aW9uLXRpdGxlJTIwdGV4dC1jZW50ZXIlMjIlM0UlMEElMDklMDklMDklM0NkaXYlMjBjbGFzcyUzRCUyMnJvdyUyMiUzRSUwQSUwOSUwOSUwOSUwOSUzQ2RpdiUyMGNsYXNzJTNEJTIyY29sLW1kLTEyJTIyJTNFJTBBJTA5JTA5JTA5JTA5JTA5JTNDaDIlMjBzdHlsZSUzRCUyMmNvbG9yJTNBd2hpdGUlMjFpbXBvcnRhbnQlM0IlMjIlM0VMZXJuZW4lMjBTaWUlMjB1bnMlMjBrZW5uZW4lM0MlMkZoMiUzRSUwQSUwOSUwOSUwOSUwOSUwOSUzQ3NwYW4lMjBjbGFzcyUzRCUyMmRlY29yJTIyJTNFJTNDJTJGc3BhbiUzRSUwQSUwOSUwOSUwOSUwOSUzQyUyRmRpdiUzRSUwQSUwOSUwOSUwOSUzQyUyRmRpdiUzRSUwQSUwOSUwOSUzQyUyRmRpdiUzRSUwQSUzQ2NlbnRlciUzRSUwQSUzQ2lmcmFtZSUyMHdpZHRoJTNEJTIyODAwJTIyJTIwaGVpZ2h0JTNEJTIyNDUwJTIyJTIwc3JjJTNEJTIyaHR0cHMlM0ElMkYlMkZ3d3cueW91dHViZS5jb20lMkZlbWJlZCUyRnhSd1Btc0pDdkd3JTIyJTIwdGl0bGUlM0QlMjJZb3VUdWJlJTIwdmlkZW8lMjBwbGF5ZXIlMjIlMjBmcmFtZWJvcmRlciUzRCUyMjAlMjIlMjBhbGxvdyUzRCUyMmFjY2VsZXJvbWV0ZXIlM0IlMjBhdXRvcGxheSUzQiUyMGNsaXBib2FyZC13cml0ZSUzQiUyMGVuY3J5cHRlZC1tZWRpYSUzQiUyMGd5cm9zY29wZSUzQiUyMHBpY3R1cmUtaW4tcGljdHVyZSUyMiUyMGFsbG93ZnVsbHNjcmVlbiUzRSUzQyUyRmlmcmFtZSUzRSUwQSUzQyUyRmNlbnRlciUzRQ==[\/vc_raw_html][vc_empty_space][\/vc_column][\/vc_row][vc_row][vc_column]\n<section class=\"call-to-action-home\" style=\"background: url('https:\/\/www.ingenieriairadi.com\/wp-content\/uploads\/2016\/11\/placeholder-37.jpg');\">\n\t<div class=\"container\">\n\t\t<p>Zufriedene Kunden:<\/p>\n\t<\/div>\n<\/section>\n\n[\/vc_column][\/vc_row][vc_row][vc_column][vc_column_text]<style type='text\/css'><\/style><div class=\"rt-container-fluid rt-wpls\" id=\"rt-container-2074482292\" data-sc-id=\"780\"><div class=\"rt-row carousel-layout wpls-carousel\" data-slick='{ \"slidesToShow\": 5, \"slidesToScroll\": 3, \"speed\": 2000, \"dots\": true, \"arrows\": true, \"infinite\": true, \"pauseOnHover\": false, \"autoplay\": true, \"rtl\": false }' ><div class='rt-col-md-3 rt-col-sm-6 rt-col-xs-12'><div><div class='single-logo-container'><img loading=\"lazy\" decoding=\"async\" width=\"300\" height=\"300\" src=\"https:\/\/www.ingenieriairadi.com\/wp-content\/uploads\/2024\/11\/lacha_300-300x300-1.jpg\" class=\"wls-logo\" alt=\"\" title=\"lacha_300\" \/><\/div><\/div><\/div><div class='rt-col-md-3 rt-col-sm-6 rt-col-xs-12'><div><div class='single-logo-container'><img loading=\"lazy\" decoding=\"async\" width=\"300\" height=\"300\" src=\"https:\/\/www.ingenieriairadi.com\/wp-content\/uploads\/2024\/11\/startert_300-300x300-1.jpg\" class=\"wls-logo\" alt=\"\" title=\"start_300\" \/><\/div><\/div><\/div><div class='rt-col-md-3 rt-col-sm-6 rt-col-xs-12'><div><div class='single-logo-container'><img loading=\"lazy\" decoding=\"async\" width=\"300\" height=\"300\" src=\"https:\/\/www.ingenieriairadi.com\/wp-content\/uploads\/2021\/10\/caf_300-300x300.jpg\" class=\"wls-logo\" alt=\"caf_300\" title=\"caf_300\" \/><\/div><\/div><\/div><div class='rt-col-md-3 rt-col-sm-6 rt-col-xs-12'><div><div class='single-logo-container'><img loading=\"lazy\" decoding=\"async\" width=\"300\" height=\"300\" src=\"https:\/\/www.ingenieriairadi.com\/wp-content\/uploads\/2021\/10\/defta_300-300x300.jpg\" class=\"wls-logo\" alt=\"defta_300\" title=\"defta_300\" \/><\/div><\/div><\/div><div class='rt-col-md-3 rt-col-sm-6 rt-col-xs-12'><div><div class='single-logo-container'><img loading=\"lazy\" decoding=\"async\" width=\"300\" height=\"300\" src=\"https:\/\/www.ingenieriairadi.com\/wp-content\/uploads\/2021\/10\/egui_300-300x300.jpg\" class=\"wls-logo\" alt=\"egui_300\" title=\"egui_300\" \/><\/div><\/div><\/div><div class='rt-col-md-3 rt-col-sm-6 rt-col-xs-12'><div><div class='single-logo-container'><img loading=\"lazy\" decoding=\"async\" width=\"300\" height=\"300\" src=\"https:\/\/www.ingenieriairadi.com\/wp-content\/uploads\/2021\/10\/iruna_brakes_300-300x300.jpg\" class=\"wls-logo\" alt=\"iruna_brakes_300\" title=\"iruna_brakes_300\" \/><\/div><\/div><\/div><div class='rt-col-md-3 rt-col-sm-6 rt-col-xs-12'><div><div class='single-logo-container'><img loading=\"lazy\" decoding=\"async\" width=\"300\" height=\"300\" src=\"https:\/\/www.ingenieriairadi.com\/wp-content\/uploads\/2021\/10\/gh_300-300x300.jpg\" class=\"wls-logo\" alt=\"gh_300\" title=\"gh_300\" \/><\/div><\/div><\/div><div class='rt-col-md-3 rt-col-sm-6 rt-col-xs-12'><div><div class='single-logo-container'><img loading=\"lazy\" decoding=\"async\" width=\"300\" height=\"300\" src=\"https:\/\/www.ingenieriairadi.com\/wp-content\/uploads\/2021\/10\/irizar_300-300x300.jpg\" class=\"wls-logo\" alt=\"irizar_300\" title=\"irizar_300\" \/><\/div><\/div><\/div><div class='rt-col-md-3 rt-col-sm-6 rt-col-xs-12'><div><div class='single-logo-container'><img loading=\"lazy\" decoding=\"async\" width=\"300\" height=\"300\" src=\"https:\/\/www.ingenieriairadi.com\/wp-content\/uploads\/2021\/10\/issa_300-300x300.jpg\" class=\"wls-logo\" alt=\"issa_300\" title=\"issa_300\" \/><\/div><\/div><\/div><div class='rt-col-md-3 rt-col-sm-6 rt-col-xs-12'><div><div class='single-logo-container'><img loading=\"lazy\" decoding=\"async\" width=\"300\" height=\"300\" src=\"https:\/\/www.ingenieriairadi.com\/wp-content\/uploads\/2021\/10\/acimex_300-300x300.jpg\" class=\"wls-logo\" alt=\"acimex_300\" title=\"acimex_300\" \/><\/div><\/div><\/div><div class='rt-col-md-3 rt-col-sm-6 rt-col-xs-12'><div><div class='single-logo-container'><img loading=\"lazy\" decoding=\"async\" width=\"300\" height=\"300\" src=\"https:\/\/www.ingenieriairadi.com\/wp-content\/uploads\/2021\/10\/cener_300-300x300.jpg\" class=\"wls-logo\" alt=\"cener_300\" title=\"cener_300\" \/><\/div><\/div><\/div><div class='rt-col-md-3 rt-col-sm-6 rt-col-xs-12'><div><div class='single-logo-container'><img loading=\"lazy\" decoding=\"async\" width=\"300\" height=\"300\" src=\"https:\/\/www.ingenieriairadi.com\/wp-content\/uploads\/2021\/10\/magoteauxx_300-300x300.jpg\" class=\"wls-logo\" alt=\"magoteauxx_300\" title=\"magoteauxx_300\" \/><\/div><\/div><\/div><div class='rt-col-md-3 rt-col-sm-6 rt-col-xs-12'><div><div class='single-logo-container'><img loading=\"lazy\" decoding=\"async\" width=\"300\" height=\"300\" src=\"https:\/\/www.ingenieriairadi.com\/wp-content\/uploads\/2021\/10\/nordex_300-300x300.jpg\" class=\"wls-logo\" alt=\"nordex_300\" title=\"nordex_300\" \/><\/div><\/div><\/div><div class='rt-col-md-3 rt-col-sm-6 rt-col-xs-12'><div><div class='single-logo-container'><img loading=\"lazy\" decoding=\"async\" width=\"300\" height=\"300\" src=\"https:\/\/www.ingenieriairadi.com\/wp-content\/uploads\/2021\/10\/siemens_300-300x300.jpg\" class=\"wls-logo\" alt=\"siemens_300\" title=\"siemens_300\" \/><\/div><\/div><\/div><div class='rt-col-md-3 rt-col-sm-6 rt-col-xs-12'><div><div class='single-logo-container'><img loading=\"lazy\" decoding=\"async\" width=\"300\" height=\"300\" src=\"https:\/\/www.ingenieriairadi.com\/wp-content\/uploads\/2021\/10\/ulma_300-300x300.jpg\" class=\"wls-logo\" alt=\"ulma_300\" title=\"ulma_300\" \/><\/div><\/div><\/div><div class='rt-col-md-3 rt-col-sm-6 rt-col-xs-12'><div><div class='single-logo-container'><img loading=\"lazy\" decoding=\"async\" width=\"300\" height=\"300\" src=\"https:\/\/www.ingenieriairadi.com\/wp-content\/uploads\/2021\/10\/vernet_300-300x300.jpg\" class=\"wls-logo\" alt=\"vernet_300\" title=\"vernet_300\" \/><\/div><\/div><\/div><div class='rt-col-md-3 rt-col-sm-6 rt-col-xs-12'><div><div class='single-logo-container'><img loading=\"lazy\" decoding=\"async\" width=\"300\" height=\"300\" src=\"https:\/\/www.ingenieriairadi.com\/wp-content\/uploads\/2021\/10\/acciona_300-300x300.jpg\" class=\"wls-logo\" alt=\"acciona_300\" title=\"acciona_300\" \/><\/div><\/div><\/div><div class='rt-col-md-3 rt-col-sm-6 rt-col-xs-12'><div><div class='single-logo-container'><img loading=\"lazy\" decoding=\"async\" width=\"300\" height=\"300\" src=\"https:\/\/www.ingenieriairadi.com\/wp-content\/uploads\/2021\/10\/bsh_300-300x300.jpg\" class=\"wls-logo\" alt=\"bsh_300\" title=\"bsh_300\" \/><\/div><\/div><\/div><div class='rt-col-md-3 rt-col-sm-6 rt-col-xs-12'><div><div class='single-logo-container'><img loading=\"lazy\" decoding=\"async\" width=\"300\" height=\"300\" src=\"https:\/\/www.ingenieriairadi.com\/wp-content\/uploads\/2021\/10\/hidro_300-300x300.jpg\" class=\"wls-logo\" alt=\"hidro_300\" title=\"hidro_300\" \/><\/div><\/div><\/div><\/div><\/div>[\/vc_column_text][\/vc_column][\/vc_row]<\/p>\n","protected":false},"excerpt":{"rendered":"<p>[vc_row el_class=&#8220;slider1&#8243;][vc_column][rev_slider_vc alias=&#8220;home-12&#8243;][\/vc_column][\/vc_row][vc_row][vc_column][vc_custom_heading text=&#8220;Belieferte Branchen:&#8220; font_container=&#8220;tag:h2|text_align:center&#8220; use_theme_fonts=&#8220;yes&#8220;][vc_empty_space][vc_row_inner content_placement=&#8220;middle&#8220; container=&#8220;1&#8243; css=&#8220;.vc_custom_1635431031889{margin-bottom: 50px !important;}&#8220;][vc_column_inner width=&#8220;1\/4&#8243;][vc_icon icon_fontawesome=&#8220;fas fa-charging-station&#8220; color=&#8220;custom&#8220; background_style=&#8220;rounded&#8220; align=&#8220;center&#8220; css_animation=&#8220;bounceIn&#8220; custom_color=&#8220;#019fc4&#8243;][vc_column_text] Haushaltsger\u00e4te [\/vc_column_text][vc_empty_space][vc_icon icon_fontawesome=&#8220;fas fa-sun&#8220; color=&#8220;custom&#8220; background_style=&#8220;rounded&#8220; align=&#8220;center&#8220; css_animation=&#8220;bounceIn&#8220; custom_color=&#8220;#019fc4&#8243;][vc_column_text] Erneuerbare Energien [\/vc_column_text][\/vc_column_inner][vc_column_inner width=&#8220;1\/4&#8243;][vc_icon icon_fontawesome=&#8220;fas fa-car-alt&#8220; color=&#8220;custom&#8220; background_style=&#8220;rounded&#8220; align=&#8220;center&#8220; css_animation=&#8220;bounceIn&#8220; custom_color=&#8220;#019fc4&#8243;][vc_column_text] Automobilbau [\/vc_column_text][vc_empty_space][vc_icon icon_fontawesome=&#8220;fas fa-train&#8220; color=&#8220;custom&#8220; background_style=&#8220;rounded&#8220; align=&#8220;center&#8220; css_animation=&#8220;bounceIn&#8220; custom_color=&#8220;#019fc4&#8243;][vc_column_text] Schienenverkehr [\/vc_column_text][\/vc_column_inner][vc_column_inner width=&#8220;1\/4&#8243;][vc_icon icon_fontawesome=&#8220;fas fa-industry&#8220; color=&#8220;custom&#8220;<\/p>\n","protected":false},"author":1,"featured_media":0,"parent":0,"menu_order":0,"comment_status":"closed","ping_status":"closed","template":"tpl-visual_composer.php","meta":{"_monsterinsights_skip_tracking":false,"_monsterinsights_sitenote_active":false,"_monsterinsights_sitenote_note":"","_monsterinsights_sitenote_category":0,"footnotes":"","_links_to":"","_links_to_target":""},"class_list":["post-1412","page","type-page","status-publish","hentry"],"yoast_head":"<!-- This site is optimized with the Yoast SEO plugin v27.4 - https:\/\/yoast.com\/product\/yoast-seo-wordpress\/ -->\n<title>Home - Mecanizado,Utillaje,Navarra<\/title>\n<meta name=\"description\" content=\"CNC-Fr\u00e4steile Spanien, CNC-bearbeitung Spanien, Drehen und fr\u00e4sen Spanien\" \/>\n<meta name=\"robots\" content=\"index, follow, max-snippet:-1, max-image-preview:large, max-video-preview:-1\" \/>\n<link rel=\"canonical\" href=\"https:\/\/www.ingenieriairadi.com\/de\/\" \/>\n<meta property=\"og:locale\" content=\"de_DE\" \/>\n<meta property=\"og:type\" content=\"article\" \/>\n<meta property=\"og:title\" content=\"Home - Mecanizado,Utillaje,Navarra\" \/>\n<meta property=\"og:description\" content=\"CNC-Fr\u00e4steile Spanien, CNC-bearbeitung Spanien, Drehen und fr\u00e4sen Spanien\" \/>\n<meta property=\"og:url\" content=\"https:\/\/www.ingenieriairadi.com\/de\/\" \/>\n<meta property=\"og:site_name\" content=\"Mecanizado,Utillaje,Navarra\" \/>\n<meta property=\"article:modified_time\" content=\"2023-01-12T08:33:39+00:00\" \/>\n<meta name=\"twitter:card\" content=\"summary_large_image\" \/>\n<meta name=\"twitter:label1\" content=\"Gesch\u00e4tzte Lesezeit\" \/>\n\t<meta name=\"twitter:data1\" content=\"2\u00a0Minuten\" \/>\n<script type=\"application\/ld+json\" class=\"yoast-schema-graph\">{\"@context\":\"https:\\\/\\\/schema.org\",\"@graph\":[{\"@type\":\"WebPage\",\"@id\":\"https:\\\/\\\/www.ingenieriairadi.com\\\/de\\\/\",\"url\":\"https:\\\/\\\/www.ingenieriairadi.com\\\/de\\\/\",\"name\":\"Home - Mecanizado,Utillaje,Navarra\",\"isPartOf\":{\"@id\":\"https:\\\/\\\/www.ingenieriairadi.com\\\/#website\"},\"datePublished\":\"2016-11-17T11:39:26+00:00\",\"dateModified\":\"2023-01-12T08:33:39+00:00\",\"description\":\"CNC-Fr\u00e4steile Spanien, CNC-bearbeitung Spanien, Drehen und fr\u00e4sen Spanien\",\"breadcrumb\":{\"@id\":\"https:\\\/\\\/www.ingenieriairadi.com\\\/de\\\/#breadcrumb\"},\"inLanguage\":\"de\",\"potentialAction\":[{\"@type\":\"ReadAction\",\"target\":[\"https:\\\/\\\/www.ingenieriairadi.com\\\/de\\\/\"]}]},{\"@type\":\"BreadcrumbList\",\"@id\":\"https:\\\/\\\/www.ingenieriairadi.com\\\/de\\\/#breadcrumb\",\"itemListElement\":[{\"@type\":\"ListItem\",\"position\":1,\"name\":\"Portada\",\"item\":\"https:\\\/\\\/www.ingenieriairadi.com\\\/de\\\/\"},{\"@type\":\"ListItem\",\"position\":2,\"name\":\"Home\"}]},{\"@type\":\"WebSite\",\"@id\":\"https:\\\/\\\/www.ingenieriairadi.com\\\/#website\",\"url\":\"https:\\\/\\\/www.ingenieriairadi.com\\\/\",\"name\":\"Ingenier\u00eda Iradi\",\"description\":\"Technologische Pr\u00e4zisionsbearbeitung. \",\"publisher\":{\"@id\":\"https:\\\/\\\/www.ingenieriairadi.com\\\/#organization\"},\"potentialAction\":[{\"@type\":\"SearchAction\",\"target\":{\"@type\":\"EntryPoint\",\"urlTemplate\":\"https:\\\/\\\/www.ingenieriairadi.com\\\/?s={search_term_string}\"},\"query-input\":{\"@type\":\"PropertyValueSpecification\",\"valueRequired\":true,\"valueName\":\"search_term_string\"}}],\"inLanguage\":\"de\"},{\"@type\":\"Organization\",\"@id\":\"https:\\\/\\\/www.ingenieriairadi.com\\\/#organization\",\"name\":\"Ingenier\u00eda Iradi\",\"url\":\"https:\\\/\\\/www.ingenieriairadi.com\\\/\",\"logo\":{\"@type\":\"ImageObject\",\"inLanguage\":\"de\",\"@id\":\"https:\\\/\\\/www.ingenieriairadi.com\\\/#\\\/schema\\\/logo\\\/image\\\/\",\"url\":\"https:\\\/\\\/www.ingenieriairadi.com\\\/wp-content\\\/uploads\\\/2021\\\/10\\\/positivo_alta-copy1.png\",\"contentUrl\":\"https:\\\/\\\/www.ingenieriairadi.com\\\/wp-content\\\/uploads\\\/2021\\\/10\\\/positivo_alta-copy1.png\",\"width\":140,\"height\":86,\"caption\":\"Ingenier\u00eda Iradi\"},\"image\":{\"@id\":\"https:\\\/\\\/www.ingenieriairadi.com\\\/#\\\/schema\\\/logo\\\/image\\\/\"}}]}<\/script>\n<!-- \/ Yoast SEO plugin. -->","yoast_head_json":{"title":"Home - Mecanizado,Utillaje,Navarra","description":"CNC-Fr\u00e4steile Spanien, CNC-bearbeitung Spanien, Drehen und fr\u00e4sen Spanien","robots":{"index":"index","follow":"follow","max-snippet":"max-snippet:-1","max-image-preview":"max-image-preview:large","max-video-preview":"max-video-preview:-1"},"canonical":"https:\/\/www.ingenieriairadi.com\/de\/","og_locale":"de_DE","og_type":"article","og_title":"Home - Mecanizado,Utillaje,Navarra","og_description":"CNC-Fr\u00e4steile Spanien, CNC-bearbeitung Spanien, Drehen und fr\u00e4sen Spanien","og_url":"https:\/\/www.ingenieriairadi.com\/de\/","og_site_name":"Mecanizado,Utillaje,Navarra","article_modified_time":"2023-01-12T08:33:39+00:00","twitter_card":"summary_large_image","twitter_misc":{"Gesch\u00e4tzte Lesezeit":"2\u00a0Minuten"},"schema":{"@context":"https:\/\/schema.org","@graph":[{"@type":"WebPage","@id":"https:\/\/www.ingenieriairadi.com\/de\/","url":"https:\/\/www.ingenieriairadi.com\/de\/","name":"Home - Mecanizado,Utillaje,Navarra","isPartOf":{"@id":"https:\/\/www.ingenieriairadi.com\/#website"},"datePublished":"2016-11-17T11:39:26+00:00","dateModified":"2023-01-12T08:33:39+00:00","description":"CNC-Fr\u00e4steile Spanien, CNC-bearbeitung Spanien, Drehen und fr\u00e4sen Spanien","breadcrumb":{"@id":"https:\/\/www.ingenieriairadi.com\/de\/#breadcrumb"},"inLanguage":"de","potentialAction":[{"@type":"ReadAction","target":["https:\/\/www.ingenieriairadi.com\/de\/"]}]},{"@type":"BreadcrumbList","@id":"https:\/\/www.ingenieriairadi.com\/de\/#breadcrumb","itemListElement":[{"@type":"ListItem","position":1,"name":"Portada","item":"https:\/\/www.ingenieriairadi.com\/de\/"},{"@type":"ListItem","position":2,"name":"Home"}]},{"@type":"WebSite","@id":"https:\/\/www.ingenieriairadi.com\/#website","url":"https:\/\/www.ingenieriairadi.com\/","name":"Ingenier\u00eda Iradi","description":"Technologische Pr\u00e4zisionsbearbeitung. ","publisher":{"@id":"https:\/\/www.ingenieriairadi.com\/#organization"},"potentialAction":[{"@type":"SearchAction","target":{"@type":"EntryPoint","urlTemplate":"https:\/\/www.ingenieriairadi.com\/?s={search_term_string}"},"query-input":{"@type":"PropertyValueSpecification","valueRequired":true,"valueName":"search_term_string"}}],"inLanguage":"de"},{"@type":"Organization","@id":"https:\/\/www.ingenieriairadi.com\/#organization","name":"Ingenier\u00eda Iradi","url":"https:\/\/www.ingenieriairadi.com\/","logo":{"@type":"ImageObject","inLanguage":"de","@id":"https:\/\/www.ingenieriairadi.com\/#\/schema\/logo\/image\/","url":"https:\/\/www.ingenieriairadi.com\/wp-content\/uploads\/2021\/10\/positivo_alta-copy1.png","contentUrl":"https:\/\/www.ingenieriairadi.com\/wp-content\/uploads\/2021\/10\/positivo_alta-copy1.png","width":140,"height":86,"caption":"Ingenier\u00eda Iradi"},"image":{"@id":"https:\/\/www.ingenieriairadi.com\/#\/schema\/logo\/image\/"}}]}},"_links":{"self":[{"href":"https:\/\/www.ingenieriairadi.com\/de\/wp-json\/wp\/v2\/pages\/1412","targetHints":{"allow":["GET"]}}],"collection":[{"href":"https:\/\/www.ingenieriairadi.com\/de\/wp-json\/wp\/v2\/pages"}],"about":[{"href":"https:\/\/www.ingenieriairadi.com\/de\/wp-json\/wp\/v2\/types\/page"}],"author":[{"embeddable":true,"href":"https:\/\/www.ingenieriairadi.com\/de\/wp-json\/wp\/v2\/users\/1"}],"replies":[{"embeddable":true,"href":"https:\/\/www.ingenieriairadi.com\/de\/wp-json\/wp\/v2\/comments?post=1412"}],"version-history":[{"count":0,"href":"https:\/\/www.ingenieriairadi.com\/de\/wp-json\/wp\/v2\/pages\/1412\/revisions"}],"wp:attachment":[{"href":"https:\/\/www.ingenieriairadi.com\/de\/wp-json\/wp\/v2\/media?parent=1412"}],"curies":[{"name":"wp","href":"https:\/\/api.w.org\/{rel}","templated":true}]}}